{"id":546,"date":"2018-02-19T18:19:55","date_gmt":"2018-02-19T18:19:55","guid":{"rendered":"http:\/\/icsas-project.eu\/?page_id=546"},"modified":"2020-04-09T14:46:28","modified_gmt":"2020-04-09T14:46:28","slug":"icsas-in-cadrul-conferintelor-workshop-urilor-si-targurilor","status":"publish","type":"page","link":"http:\/\/icsas-project.eu\/ro\/icsas-in-cadrul-conferintelor-workshop-urilor-si-targurilor\/","title":{"rendered":"ICSAS \u00een cadrul conferin\u021belor, workshop-urilor \u0219i t\u00e2rgurilor"},"content":{"rendered":"<p><a href=\"https:\/\/eera-ecer.de\/ecer-2020-glasgow\/\" target=\"_blank\" rel=\"noopener noreferrer\">ECER 2020<\/a><br \/>\n<span lang=\"ro\">\u00een Glasgow, Schotland, \u00eentre 25 \u0219i 28 august 2020<\/span><br \/>\n<img loading=\"lazy\" decoding=\"async\" class=\"alignnone size-full wp-image-3381\" src=\"http:\/\/icsas-project.eu\/wp-content\/uploads\/2020\/04\/Glasgow-2.jpg\" alt=\"\" width=\"261\" height=\"193\" \/><\/p>\n<hr \/>\n<p>TCA &#8222;<a href=\"https:\/\/www.kmk-pad.org\/veranstaltungen\/details\/tca-erasmus-boosting-employability-and-promoting-cooperation-with-the-world-of-work-1978.html\" target=\"_blank\" rel=\"noreferrer noopener\" aria-label=\"Erasmus+ boosting employability and promoting cooperation with the  world of work (\u00f6ffnet in neuem Tab)\"><strong>Erasmus+ boosting employability and promoting cooperation with the world of work<\/strong><\/a>&#8222;<span lang=\"ro\"><br \/>\nJurmala, Letonia, \u00eentre 09 \u0219i 10 septembrie 2019<\/span><br data-rich-text-line-break=\"true\" \/><img loading=\"lazy\" decoding=\"async\" width=\"341\" height=\"216\" class=\"wp-image-3336\" src=\"http:\/\/icsas-project.eu\/wp-content\/uploads\/2020\/04\/pres-Jurmala.jpg\" alt=\"\" srcset=\"http:\/\/icsas-project.eu\/wp-content\/uploads\/2020\/04\/pres-Jurmala.jpg 341w, http:\/\/icsas-project.eu\/wp-content\/uploads\/2020\/04\/pres-Jurmala-300x190.jpg 300w\" sizes=\"auto, (max-width: 341px) 100vw, 341px\" \/><br data-rich-text-line-break=\"true\" \/><a href=\"http:\/\/viaa.gov.lv\/eng\/ec_educational_programs_and_in\/erasmus_\/erasmus_plus_seminars\/?year=2019\" target=\"_blank\" rel=\"noreferrer noopener\" aria-label=\"Presentations  (\u00f6ffnet in neuem Tab)\">Prezent\u0103ri<\/a><br data-rich-text-line-break=\"true\" \/><a href=\"https:\/\/www.flickr.com\/photos\/73458727@N06\/albums\/72157710780161436\" target=\"_blank\" rel=\"noreferrer noopener\" aria-label=\"Photo gallery (\u00f6ffnet in neuem Tab)\">Galerie foto<\/a> <br data-rich-text-line-break=\"true\" \/><a href=\"http:\/\/icsas-project.eu\/wp-content\/uploads\/2020\/04\/ICSAS_Riga.pptx\" target=\"_blank\" rel=\"noreferrer noopener\" aria-label=\"ICSAS presentation (\u00f6ffnet in neuem Tab)\">ICSAS prezent\u0103ri<\/a><\/p>\n<hr \/>\n<p><span class=\"\">A treia conferin\u021b\u0103 interna\u021bional\u0103 VET<br \/>\n<a href=\"https:\/\/vetnetsite.org\/conferences\/crossing-boundaries\/2019-valencia\/\"><strong>Crossing Boundaries in Vocational Education and Training<\/strong><\/a><\/span><\/p>\n<p id=\"tw-target-text\" class=\"tw-data-text tw-ta tw-text-medium\" dir=\"ltr\" data-placeholder=\"\u00dcbersetzung\"><span lang=\"ro\" tabindex=\"0\">\u00een Valencia, Spania din 2 p\u00e2n\u0103 la 3 mai 2019<\/span><\/p>\n<p><span id=\"result_box\" class=\"short_text\" lang=\"ro\"><\/span><span id=\"result_box\" class=\"short_text\" lang=\"ro\"><span class=\"\"><img loading=\"lazy\" decoding=\"async\" class=\"size-full wp-image-1818 alignnone\" src=\"http:\/\/icsas-project.eu\/wp-content\/uploads\/2019\/06\/Arena-Valencia.jpg\" alt=\"\" width=\"284\" height=\"177\" \/><br \/>\n<a href=\"http:\/\/icsas-project.eu\/wp-content\/uploads\/2019\/02\/Crossing-boundaires-VET_ICSAS_paper30.01.pdf\">Documentul ICSAS<\/a><\/span><\/span><br \/>\n<a href=\"http:\/\/icsas-project.eu\/wp-content\/uploads\/2019\/06\/ICSAS_Val_INESCOP.pptx\" target=\"_blank\" rel=\"noopener noreferrer\">Prezent\u0103ri<\/a><\/p>\n<hr \/>\n<div class=\"oSioSc\">\n<div id=\"tw-target\">\n<div id=\"tw-target-text-container\" class=\"gsrt tw-ta-container tw-nfl\">\n<p id=\"tw-target-text\" class=\"tw-data-text tw-ta tw-text-small\" dir=\"ltr\" data-placeholder=\"\u00dcbersetzung\"><strong>ICSAS la <a href=\"https:\/\/www.ehb.swiss\/vet-congress-2019\">Congresul VET-Elve\u021bia<\/a><\/strong><\/p>\n<p>\u00een Zollikofen, Elve\u021bia din perioada 4-6 martie 2019<br \/>\n<img loading=\"lazy\" decoding=\"async\" class=\"alignnone wp-image-1341\" src=\"http:\/\/icsas-project.eu\/wp-content\/uploads\/2019\/03\/IMG_20190304_154607.jpg\" alt=\"\" width=\"375\" height=\"211\" srcset=\"http:\/\/icsas-project.eu\/wp-content\/uploads\/2019\/03\/IMG_20190304_154607.jpg 1600w, http:\/\/icsas-project.eu\/wp-content\/uploads\/2019\/03\/IMG_20190304_154607-300x169.jpg 300w, http:\/\/icsas-project.eu\/wp-content\/uploads\/2019\/03\/IMG_20190304_154607-768x432.jpg 768w, http:\/\/icsas-project.eu\/wp-content\/uploads\/2019\/03\/IMG_20190304_154607-1024x576.jpg 1024w, http:\/\/icsas-project.eu\/wp-content\/uploads\/2019\/03\/IMG_20190304_154607-624x351.jpg 624w\" sizes=\"auto, (max-width: 375px) 100vw, 375px\" \/><br \/>\n<a href=\"http:\/\/icsas-project.eu\/icsas_sfivet\/\" target=\"_blank\" rel=\"noopener noreferrer\">Prezent\u0103ri<\/a><\/p>\n<hr \/>\n<p><span id=\"result_box\" class=\"short_text\" lang=\"en\"><span class=\"\"><span id=\"result_box\" class=\"\" lang=\"ro\"><strong>ICSAS pentru <a href=\"https:\/\/eera-ecer.de\/ecer-2018-bolzano\/\" target=\"_blank\" rel=\"noopener noreferrer\">ECER 2018<\/a><\/strong><br \/>\n\u00een Bozen, \u00eentre 4 \u0219i 7 septembrie 2018<\/span><\/span><\/span><br \/>\n<img loading=\"lazy\" decoding=\"async\" class=\"alignnone wp-image-1145\" src=\"http:\/\/icsas-project.eu\/wp-content\/uploads\/2018\/09\/ECER_Bozen_2018.jpg\" alt=\"\" width=\"375\" height=\"280\" srcset=\"http:\/\/icsas-project.eu\/wp-content\/uploads\/2018\/09\/ECER_Bozen_2018.jpg 2348w, http:\/\/icsas-project.eu\/wp-content\/uploads\/2018\/09\/ECER_Bozen_2018-300x224.jpg 300w, http:\/\/icsas-project.eu\/wp-content\/uploads\/2018\/09\/ECER_Bozen_2018-768x574.jpg 768w, http:\/\/icsas-project.eu\/wp-content\/uploads\/2018\/09\/ECER_Bozen_2018-1024x766.jpg 1024w, http:\/\/icsas-project.eu\/wp-content\/uploads\/2018\/09\/ECER_Bozen_2018-624x467.jpg 624w\" sizes=\"auto, (max-width: 375px) 100vw, 375px\" \/><br \/>\n<a class=\"moz-txt-link-freetext\" href=\"http:\/\/icsas-project.eu\/wp-content\/uploads\/2018\/09\/ICSAS_ECER_2018.pdf\" target=\"_blank\" rel=\"noopener noreferrer\">Prezent\u0103ri<\/a><\/p>\n<hr \/>\n<p><span id=\"result_box\" class=\"short_text\" lang=\"en\"><span class=\"\"><span id=\"result_box\" class=\"\" lang=\"ro\"><strong>ICSAS la <a href=\"https:\/\/www.porto2018.uitic.org\/\" target=\"_blank\" rel=\"noopener noreferrer\">International Union of Shoe Industry Technicians (UITIC) &#8211; Congres<\/a><\/strong><br \/>\n\u00een Porto, \u00eentre 16 \u0219i 18 mai 2018<\/span><\/span><\/span><br \/>\n<a href=\"https:\/\/www.porto2018.uitic.org\/\" target=\"_blank\" rel=\"noopener noreferrer\"><img loading=\"lazy\" decoding=\"async\" class=\"wp-image-1100 alignnone\" src=\"http:\/\/icsas-project.eu\/wp-content\/uploads\/2018\/08\/porto-uitic-2018-648417064p.jpg\" alt=\"\" width=\"375\" height=\"250\" srcset=\"http:\/\/icsas-project.eu\/wp-content\/uploads\/2018\/08\/porto-uitic-2018-648417064p.jpg 800w, http:\/\/icsas-project.eu\/wp-content\/uploads\/2018\/08\/porto-uitic-2018-648417064p-300x200.jpg 300w, http:\/\/icsas-project.eu\/wp-content\/uploads\/2018\/08\/porto-uitic-2018-648417064p-768x512.jpg 768w, http:\/\/icsas-project.eu\/wp-content\/uploads\/2018\/08\/porto-uitic-2018-648417064p-624x416.jpg 624w\" sizes=\"auto, (max-width: 375px) 100vw, 375px\" \/><\/a><br \/>\n<a href=\"http:\/\/icsas-project.eu\/wp-content\/uploads\/2018\/09\/UITIC_presentation_ISC_HRM4_WB_Training.pdf\" target=\"_blank\" rel=\"noopener noreferrer\">Prezent\u0103ri<\/a><\/p>\n<hr \/>\n<p><strong>ICSAS la evenimentul Open Space \u201eS\u0103 vorbim despre experien\u021bele de \u00eenv\u0103\u021bare la locul de munc\u0103\u201d<\/strong>, Bonn, 20-21 noiembrie 2017, organizat de NA-BIBB<\/p>\n<\/div>\n<\/div>\n<\/div>\n","protected":false},"excerpt":{"rendered":"<p>ECER 2020 \u00een Glasgow, Schotland, \u00eentre 25 \u0219i 28 august 2020 TCA &#8222;Erasmus+ boosting employability and promoting cooperation with the world of work&#8222; Jurmala, Letonia, \u00eentre 09 \u0219i 10 septembrie 2019Prezent\u0103riGalerie foto ICSAS prezent\u0103ri A treia conferin\u021b\u0103 interna\u021bional\u0103 VET Crossing Boundaries in Vocational Education and Training \u00een Valencia, Spania din 2 p\u00e2n\u0103 la 3 mai 2019 Documentul ICSAS Prezent\u0103ri ICSAS&#8230; <a href=\"http:\/\/icsas-project.eu\/ro\/icsas-in-cadrul-conferintelor-workshop-urilor-si-targurilor\/\">Read more &raquo;<\/a><\/p>\n","protected":false},"author":1,"featured_media":0,"parent":0,"menu_order":0,"comment_status":"closed","ping_status":"closed","template":"","meta":{"footnotes":""},"class_list":["post-546","page","type-page","status-publish","hentry"],"_links":{"self":[{"href":"http:\/\/icsas-project.eu\/ro\/wp-json\/wp\/v2\/pages\/546","targetHints":{"allow":["GET"]}}],"collection":[{"href":"http:\/\/icsas-project.eu\/ro\/wp-json\/wp\/v2\/pages"}],"about":[{"href":"http:\/\/icsas-project.eu\/ro\/wp-json\/wp\/v2\/types\/page"}],"author":[{"embeddable":true,"href":"http:\/\/icsas-project.eu\/ro\/wp-json\/wp\/v2\/users\/1"}],"replies":[{"embeddable":true,"href":"http:\/\/icsas-project.eu\/ro\/wp-json\/wp\/v2\/comments?post=546"}],"version-history":[{"count":20,"href":"http:\/\/icsas-project.eu\/ro\/wp-json\/wp\/v2\/pages\/546\/revisions"}],"predecessor-version":[{"id":3409,"href":"http:\/\/icsas-project.eu\/ro\/wp-json\/wp\/v2\/pages\/546\/revisions\/3409"}],"wp:attachment":[{"href":"http:\/\/icsas-project.eu\/ro\/wp-json\/wp\/v2\/media?parent=546"}],"curies":[{"name":"wp","href":"https:\/\/api.w.org\/{rel}","templated":true}]}}