{"id":427,"date":"2018-02-19T18:19:57","date_gmt":"2018-02-19T18:19:57","guid":{"rendered":"http:\/\/icsas-project.eu\/?page_id=427"},"modified":"2020-10-30T09:58:21","modified_gmt":"2020-10-30T09:58:21","slug":"rezultate","status":"publish","type":"page","link":"http:\/\/icsas-project.eu\/ro\/rezultate\/","title":{"rendered":"Rezultate"},"content":{"rendered":"<ul>\n<li>Analiza a ceea ce ar putea fi \u00eenv\u0103\u021bat \u00een cadrul tuturor departamentelor companiilor participante prin intermediul Analizei Sta\u021biei de \u00cenv\u0103\u021bare\/Instruire (LSA). <a href=\"http:\/\/icsas-project.eu\/wp-content\/uploads\/2018\/05\/O1_LSA_RO-version_Romania.pdf\" target=\"_blank\" rel=\"noopener noreferrer\">Output 1 Analiza Sta\u021biilor de \u00cenv\u0103\u021bare<\/a>\u00a0<span style=\"color: #808080;\">[IO 1]<\/span><\/li>\n<li>Raport Comparativ (<a href=\"http:\/\/icsas-project.eu\/wp-content\/uploads\/2019\/06\/IO1_comp_design_RO.pdf\" target=\"_blank\" rel=\"noopener noreferrer\">Analiza sta\u021biilor de \u00eenv\u0103\u021bare<\/a>) <span style=\"color: #808080;\">[IO 1]<\/span><\/li>\n<li>Curriculum confirmat pentru \u00eenv\u0103\u0163area bazat\u0103 pe activitate practic\u0103 \u00een <a href=\"http:\/\/icsas-project.eu\/wp-content\/uploads\/2019\/03\/IO2_Curriculum_RO_RO.pdf\" target=\"_blank\" rel=\"noopener noreferrer\">Rom\u00e2nia<\/a> <span style=\"color: #808080;\">[IO 2]<\/span><\/li>\n<li>Bun\u0103 practic\u0103: Exemplu de acord de cooperare rom\u00e2nesc (<a href=\"http:\/\/icsas-project.eu\/wp-content\/uploads\/2019\/03\/MoU_EN.pdf\">versiune in limba engleza<\/a>) <span style=\"color: #808080;\">[IO 2]<\/span><\/li>\n<li>11 <a href=\"http:\/\/icsas-project.eu\/ro\/11-manuals-for-tutors-to-support-work-based-learning\/\" target=\"_blank\" rel=\"noopener noreferrer\">manuale<\/a> destinate tutorilor pentru derularea\u00a0 \u00eenv\u0103\u0163\u0103rii bazate pe activitate practic\u0103 <span style=\"color: #808080;\">[IO 3]<\/span><\/li>\n<li><a href=\"http:\/\/icsas-project.eu\/wp-content\/uploads\/2019\/03\/Dida_RO.pdf\">Op\u0163iunile de proiectare didactic\u0103<\/a> pentru utilizarea poten\u0163ialului de \u00eenv\u0103\u0163are bazat pe activitate practic\u0103 <span style=\"color: #808080;\">[IO 3]<\/span><\/li>\n<li>7 <a href=\"http:\/\/icsas-project.eu\/ro\/7-caiete-de-exercitii-pentru-invatarea-bazata-pe-activitate-practica\/\" target=\"_blank\" rel=\"noopener noreferrer\">Caiete de exerci\u021bii<\/a> pentru \u00eenv\u0103\u0163area bazat\u0103 pe activitate practic\u0103 <span style=\"color: #808080;\">[IO 3]<\/span><\/li>\n<li><a href=\"http:\/\/icsas-project.eu\/wp-content\/uploads\/2020\/02\/IO_4_RO.pdf\" target=\"_blank\" rel=\"noopener noreferrer\">Documentarea<\/a> competen\u021belor profesionale dob\u00e2ndite prin \u00cenv\u0103\u021barea Bazat\u0103 pe Practic\u0103 <span style=\"color: #808080;\">[IO 4]<\/span><\/li>\n<li>11 <a href=\"http:\/\/icsas-project.eu\/wp-content\/uploads\/2020\/02\/IO4_matrices_RO.pdf\" target=\"_blank\" rel=\"noopener noreferrer\">Matrice<\/a> pentru documentarea rezultatelor \u00eenv\u0103\u021b\u0103rii prin munc\u0103 <span style=\"color: #808080;\">[IO 4]<\/span><\/li>\n<li>Bune practici: <a href=\"http:\/\/icsas-project.eu\/wp-content\/uploads\/2020\/08\/IO_05_WorkBasedLearning_DE_RO.pdf\" target=\"_blank\" rel=\"noopener noreferrer\">Experien\u021ba \u0219i analiza SWOT<\/a> ale pilot\u0103rii WBL \u00een <span lang=\"ro\">Germania <span style=\"color: #808080;\">[IO5]<\/span><br \/>\n<\/span><\/li>\n<li>Bune practici: <a href=\"http:\/\/icsas-project.eu\/wp-content\/uploads\/2020\/08\/IO_05_WorkBasedLearning_PT_RO.pdf\" target=\"_blank\" rel=\"noopener noreferrer\">Experien\u021ba \u0219i analiza SWOT<\/a> ale pilot\u0103rii WBL \u00een <span lang=\"RO\">Portugalia <span lang=\"ro\" style=\"color: #808080;\">[IO5]<\/span><\/span><\/li>\n<li>Bune practici: <a href=\"http:\/\/icsas-project.eu\/wp-content\/uploads\/2020\/08\/IO_05_WorkBasedLearning_RO_RO.pdf\" target=\"_blank\" rel=\"noopener noreferrer\">Experien\u021ba \u0219i analiza SWOT<\/a> ale pilot\u0103rii WBL \u00een <span lang=\"RO\">Rom\u00e2nia <span lang=\"ro\" style=\"color: #808080;\">[IO5]<\/span><\/span><\/li>\n<li><span lang=\"RO\"><a href=\"http:\/\/icsas-project.eu\/ro\/videoclipurile-de-prezentare\/\" target=\"_blank\" rel=\"noopener noreferrer\">Videoclipurile de prezentare<\/a> din Germania, Rom\u00e2nia \u0219i Portugalia <span style=\"color: #808080;\">[IO 5]<\/span><br \/>\n<\/span><\/li>\n<li>Descrierea celor <a href=\"http:\/\/icsas-project.eu\/wp-content\/uploads\/2020\/03\/IO_06_RO.pdf\" target=\"_blank\" rel=\"noopener noreferrer\">9 sfere de activitate<\/a> specifice fabrica\u021bie industiale a \u00eenc\u0103l\u021b\u0103mintei <span style=\"color: #808080;\">[IO 6]<\/span><\/li>\n<li>Rapoarte na\u021bionale privind cadrele calific\u0103rilor din <a href=\"http:\/\/icsas-project.eu\/wp-content\/uploads\/2020\/04\/IO6_A_DE_EN_N.pdf\" target=\"_blank\" rel=\"noopener noreferrer\">Germania<\/a>, <a href=\"http:\/\/icsas-project.eu\/wp-content\/uploads\/2020\/04\/IO6_A_RO_EN.pdf\" target=\"_blank\" rel=\"noopener noreferrer\">Rom\u00e2nia<\/a>, <a href=\"http:\/\/icsas-project.eu\/wp-content\/uploads\/2020\/04\/IO6_A_PT_EN.pdf\" target=\"_blank\" rel=\"noopener noreferrer\">Portugalia<\/a> \u0219i <a href=\"http:\/\/icsas-project.eu\/wp-content\/uploads\/2020\/04\/IO_06_A_ES_EN.pdf\" target=\"_blank\" rel=\"noopener noreferrer\">Spania<\/a> (Disponibile \u00een EN) <span style=\"color: #808080;\">[IO6]<\/span><\/li>\n<li>Cadrul Sectorial al Calific\u0103rilor, nivel 2-4, pentru produc\u021bia industrial de \u00eenc\u0103l\u021b\u0103minte.\u00a0 (<a href=\"http:\/\/icsas-project.eu\/wp-content\/uploads\/2020\/07\/06_SQF-Table_RO-1.pdf\" target=\"_blank\" rel=\"noopener noreferrer\">schi\u021b\u0103<\/a>) <span style=\"color: #808080;\">[IO 6]<\/span><\/li>\n<li>Cadrul Sectorial al Calific\u0103rilor, nivel 2-4, pentru produc\u021bia industrial de \u00eenc\u0103l\u021b\u0103minte. (<a href=\"http:\/\/icsas-project.eu\/wp-content\/uploads\/2020\/07\/IO6_ComparativeReport_RO-01.pdf\" target=\"_blank\" rel=\"noopener noreferrer\">raport comparativ<\/a>) <span style=\"color: #808080;\">[IO 6]<\/span><\/li>\n<li><a href=\"http:\/\/icsas-project.eu\/wp-content\/uploads\/2020\/10\/MoU_RO.pdf\" target=\"_blank\" rel=\"noopener noreferrer\">Memorandum<\/a> of Understanding (MoU) <span style=\"color: #808080;\">[IO 7]<\/span><\/li>\n<li><a href=\"http:\/\/icsas-project.eu\/wp-content\/uploads\/2020\/10\/PositionPaper_RO.pdf\" target=\"_blank\" rel=\"noopener noreferrer\">Document de pozi\u021bie<\/a> <span style=\"color: #808080;\">[IO 7]<\/span><\/li>\n<li><a href=\"http:\/\/icsas-project.eu\/wp-content\/uploads\/2020\/10\/E-Book-ICSAS_RO.pdf\" target=\"_blank\" rel=\"noopener noreferrer\">Manual de transfer<\/a> pentru asigurarea sustenabilit\u0103\u021bii \u0219i facilitarea proiectelor similare din alte sectoare sau regiuni. <span style=\"color: #808080;\">[IO7]<\/span><\/li>\n<\/ul>\n<p><a href=\"http:\/\/icsas-project.eu\/wp-content\/uploads\/2018\/03\/Leaflet-Icsas.pdf\" target=\"_blank\" rel=\"noopener noreferrer\">Leaflet_English<\/a><\/p>\n<p><a href=\"http:\/\/icsas-project.eu\/wp-content\/uploads\/2019\/03\/ISCAS_leaflet_aura.pdf\">Leaflet<\/a><\/p>\n","protected":false},"excerpt":{"rendered":"<p>Analiza a ceea ce ar putea fi \u00eenv\u0103\u021bat \u00een cadrul tuturor departamentelor companiilor participante prin intermediul Analizei Sta\u021biei de \u00cenv\u0103\u021bare\/Instruire (LSA). Output 1 Analiza Sta\u021biilor de \u00cenv\u0103\u021bare\u00a0[IO 1] Raport Comparativ (Analiza sta\u021biilor de \u00eenv\u0103\u021bare) [IO 1] Curriculum confirmat pentru \u00eenv\u0103\u0163area bazat\u0103 pe activitate practic\u0103 \u00een Rom\u00e2nia [IO 2] Bun\u0103 practic\u0103: Exemplu de acord de cooperare rom\u00e2nesc (versiune in limba engleza)&#8230; <a href=\"http:\/\/icsas-project.eu\/ro\/rezultate\/\">Read more &raquo;<\/a><\/p>\n","protected":false},"author":1,"featured_media":0,"parent":0,"menu_order":0,"comment_status":"closed","ping_status":"closed","template":"","meta":{"footnotes":""},"class_list":["post-427","page","type-page","status-publish","hentry"],"_links":{"self":[{"href":"http:\/\/icsas-project.eu\/ro\/wp-json\/wp\/v2\/pages\/427","targetHints":{"allow":["GET"]}}],"collection":[{"href":"http:\/\/icsas-project.eu\/ro\/wp-json\/wp\/v2\/pages"}],"about":[{"href":"http:\/\/icsas-project.eu\/ro\/wp-json\/wp\/v2\/types\/page"}],"author":[{"embeddable":true,"href":"http:\/\/icsas-project.eu\/ro\/wp-json\/wp\/v2\/users\/1"}],"replies":[{"embeddable":true,"href":"http:\/\/icsas-project.eu\/ro\/wp-json\/wp\/v2\/comments?post=427"}],"version-history":[{"count":45,"href":"http:\/\/icsas-project.eu\/ro\/wp-json\/wp\/v2\/pages\/427\/revisions"}],"predecessor-version":[{"id":3974,"href":"http:\/\/icsas-project.eu\/ro\/wp-json\/wp\/v2\/pages\/427\/revisions\/3974"}],"wp:attachment":[{"href":"http:\/\/icsas-project.eu\/ro\/wp-json\/wp\/v2\/media?parent=427"}],"curies":[{"name":"wp","href":"https:\/\/api.w.org\/{rel}","templated":true}]}}