{"id":397,"date":"2018-02-19T09:35:45","date_gmt":"2018-02-19T09:35:45","guid":{"rendered":"http:\/\/icsas-project.eu\/?page_id=397"},"modified":"2020-10-16T13:22:25","modified_gmt":"2020-10-16T13:22:25","slug":"proiectul","status":"publish","type":"page","link":"http:\/\/icsas-project.eu\/ro\/","title":{"rendered":"Proiectul"},"content":{"rendered":"<p style=\"border-bottom: 2px solid #86B404; padding-bottom: 12px;\">\u201c\u00cenv\u0103\u021barea prin intermediul experien\u021belor tr\u0103ite este una dintre regulile de baz\u0103 ale instruirii continue.\u201d<\/p>\n<p>Pentru dep\u0103\u0219irea crizei economice din sudul Europei \u0219i pentru accelerarea cre\u0219terii economice a fostelor state socialiste din estul Europei, de mul\u021bi ani, \u00cenv\u0103\u021b\u0103m\u00e2ntul \u0219i formarea profesional\u0103 \u00een sistem dual (VET) sau programe de ucenicie, se reg\u0103sesc \u00een cadrul politicilor de la nivel European (cp. <a href=\"https:\/\/eur-lex.europa.eu\/legal-content\/EN\/TXT\/PDF\/?uri=CELEX:32018H0502(01)&amp;from=EN\" target=\"_blank\" rel=\"noopener noreferrer\">UE 2018<\/a> ) \u0219i na\u021bional. Prin urmare, pentru a sprijinii \u00eenv\u0103\u021barea la locul de munc\u0103 (Work Base Learning &#8211; WBL) \u00een \u201dtoate formele sale\u201d, au fost lansate o mare varietate de ini\u021biative \u0219i proiecte, de exemplu \u201d<a href=\"https:\/\/www.wbl-toolkit.eu\/site\/home\" target=\"_blank\" rel=\"noopener noreferrer\">WBL-toolkit<\/a>\u201d (2018) ofer\u0103 o privire de ansamblu asupra acestui subiect. Dar, dac\u0103 analiz\u0103m mai \u00eendeaproape aceste ini\u021biative, putem observa c\u0103 multe dintre ele sunt destul de departe de programele de ucenicie \u201ereale\u201d. Cele mai multe m\u0103suri sunt reprezentate de stagii de practic\u0103, proiecte de \u00eenv\u0103\u021bare, simul\u0103ri etc., iar dup\u0103 \u00eencheierea perioadei de finan\u021bare, lipse\u0219te sustenabilitatea proiectelor. Pentru a face o distinc\u021bie \u00eentre abordarea noastr\u0103 \u0219i stagiile de practic\u0103 sau proiecte de \u00eenv\u0103\u021bate, v-om face referire la \u201dWBL\u201d bazat pe curriculum. \u00cen proiectul nostru actual ERASMUS +, \u201eIntegrarea companiilor \u00eentr-un sistem sustenabil de ucenicie\u201d (ICSAS), lucr\u0103m (al\u0103turi de al\u021bii) pentru a r\u0103spunde la urm\u0103toarea \u00eentrebare: care sunt condi\u021biile necesare pentru a putea ca programul pilot de \u00eenv\u0103\u021bare la locul de munc\u0103 (WBL) bazat\u0103 pe curriculum, care a fost implementat cu succes pe o perioad\u0103 de 1 an, s\u0103 fie cuprins \u00een reglement\u0103rile privind \u00eenv\u0103\u021b\u0103m\u00e2ntul profesional \u0219i tehnic din Portugalia (PT) \u0219i Rom\u00e2nia (RO)?<\/p>\n<p>Cadrele calific\u0103rilor (QF) (cp. <a href=\"https:\/\/eur-lex.europa.eu\/LexUriServ\/LexUriServ.do?uri=OJ:C:2008:111:0001:0007:EN:PDF\" target=\"_blank\" rel=\"noopener noreferrer\">UE 2008<\/a> \u0219i <a href=\"https:\/\/op.europa.eu\/en\/publication-detail\/-\/publication\/ceead970-518f-11e7-a5ca-01aa75ed71a1\/language-en\" target=\"_blank\" rel=\"noopener noreferrer\">UE 2017<\/a>) reprezint\u0103 o alt\u0103 abordare la nivelul factorilor de decizie pentru cre\u0219terea leg\u0103turii dintre \u00eenv\u0103\u021b\u0103m\u00e2ntul profesional \u0219i tehnic \u0219i pia\u021ba for\u021bei de munc\u0103. \u00cen \u021b\u0103rile europene, pentru a asigura transparen\u021ba \u0219i comparabilitatea calific\u0103rilor, au fost elaborate cadre na\u021bionale ale calific\u0103rilor (National Qualification Framework &#8211; NQF) \u0219i care au fost conectate la cadrul european al calific\u0103rilor (European Qualification Framework &#8211; EQF. \u00cen ultimii ani, au fost publicate mai multe lucr\u0103ri care pretind a fi relevan\u021be la nivel na\u021bional sau transna\u021bional \u0219i care, referitor la cadrele generale ale calific\u0103rilor, sus\u021bin c\u0103 nu sunt dec\u00e2t \u201eun caz paradigmatic al reformelor educa\u021bionale c\u0103l\u0103toare\u201d (<a href=\"https:\/\/www.tandfonline.com\/doi\/full\/10.1080\/13639080.2019.1646413\" target=\"_blank\" rel=\"noopener noreferrer\">Bohlinger 2019<\/a>). Pe de alt\u0103 parte, referitor la cadrele sectoriale ale calific\u0103rilor (Sectoral Qualification Framework &#8211; SQF) \u00a0s-au publicat dovezi care sus\u021bin c\u0103 acestea ar putea aduce valoare ad\u0103ugat\u0103 pentru cre\u0219terea transparen\u021bei calific\u0103rilor \u00een sectorul respectiv (cp. De exemplu, <a href=\"https:\/\/www.europeactive-euaffairs.eu\/projects\/SIQAF\" target=\"_blank\" rel=\"noopener noreferrer\">SIQAF 2018<\/a>).<\/p>\n<p>\u00cen acest context, pentru proiectul nostru de cercetare \u0219i dezvoltare, s-au enun\u021bat trei concluzii:<\/p>\n<ul>\n<li>\u201eDurabilitatea\u201d a fost inclus nu numai ca termen care sun\u0103 frumos, ci ca un element de baz\u0103 \u00een demersul nostru.<\/li>\n<li>S-a \u00eencercat oprirea \u201ec\u0103l\u0103toriei\u201d QF prin stabilirea unei ancore sub forma unui Cadru Sectorial al Calific\u0103rilor (SQF).<\/li>\n<li>\u0218i, \u00een consecin\u021b\u0103, ne-am concentrat pe un singur sector: produc\u021bia industrial\u0103 de \u00eenc\u0103l\u021b\u0103minte.<\/li>\n<\/ul>\n<p>Proiectul nostru (pentru rezultate accesa\u021bi sec\u021biunea <a href=\"http:\/\/icsas-project.eu\/ro\/rezultate\/\" target=\"_blank\" rel=\"noopener noreferrer\">Rezultate<\/a>) s-a concentrat asupra urm\u0103toarele \u00eentreb\u0103ri:<\/p>\n<ul>\n<li>Ce s-ar putea \u00eenv\u0103\u021ba \u00een cadrul proceselor de lucru reale?<\/li>\n<li>Ce ar trebui \u00eenv\u0103\u021bat \u00een cadrul proceselor de lucru reale?<\/li>\n<li>Care sunt factorii care sus\u021bin sau \u00eempiedic\u0103 includerea WBL bazat\u0103 pe curriculum \u00een guvernarea sistemelor VET na\u021bionale?<\/li>\n<li>Aduc valoare ad\u0103ugat\u0103 Cadrele sectoriale ale calific\u0103rilor (pot reprezenta un exemplu)?<\/li>\n<\/ul>\n<p>Nu am g\u0103sit niciun fel de bariere \u201eobiective\u201d sau \u201esolide\u201d \u00eempotriva dezvolt\u0103rii programelor de ucenicie \u00een \u021b\u0103rile cu \u00eenv\u0103\u021b\u0103m\u00e2nt profesional tradi\u021bional; dar, un \u0219ir de factori \u201esubiectivi\u201d sau de puncte \u201eslabe\u201d, cum ar fi scepticismul referitor la calitatea rezultatelor \u00eenv\u0103\u021b\u0103rii (Learning Outcomes -LO) ale WBL bazat pe curriculum, fac referire la faptul c\u0103 ucenicii pot fi exploata\u021bi ca for\u021b\u0103 de munc\u0103 ieftin\u0103, rolurile actorilor implica\u021bi nu sunt stabilite cu exactitate etc. . \u00cen ciuda acestor factori, am conceput, implementat \u0219i pilotat cu succes un program de WBL bazat pe curriculum cu o durat\u0103 de un an \u00een PT \u0219i RO.<\/p>\n<p>\u00cen plus fa\u021b\u0103 de cele men\u021bionate anterior, am elaborat un SQF (nivel 2-4) \u0219i am realizat o cartografiere a calific\u0103rilor din PT, RO, ES \u0219i DE adresate produc\u021biei industriale de \u00eenc\u0103l\u021b\u0103minte \u0219i care va avea poten\u021bialul de a aduce beneficii persoanelor care de\u021bin calific\u0103ri \u00een domeniu. \u00cen cele din urm\u0103, am dezvoltat un manual de transfer care s\u0103 faciliteze implementarea modului nostru de abordare \u00een alte sectoare.<\/p>\n<div id=\"attachment_311\" style=\"width: 1798px\" class=\"wp-caption alignnone\"><img loading=\"lazy\" decoding=\"async\" aria-describedby=\"caption-attachment-311\" class=\"wp-image-311 size-full\" src=\"http:\/\/icsas-project.eu\/wp-content\/uploads\/2017\/11\/Band.jpg\" alt=\"\" width=\"1788\" height=\"346\" srcset=\"http:\/\/icsas-project.eu\/wp-content\/uploads\/2017\/11\/Band.jpg 1788w, http:\/\/icsas-project.eu\/wp-content\/uploads\/2017\/11\/Band-300x58.jpg 300w, http:\/\/icsas-project.eu\/wp-content\/uploads\/2017\/11\/Band-768x149.jpg 768w, http:\/\/icsas-project.eu\/wp-content\/uploads\/2017\/11\/Band-1024x198.jpg 1024w, http:\/\/icsas-project.eu\/wp-content\/uploads\/2017\/11\/Band-624x121.jpg 624w\" sizes=\"auto, (max-width: 1788px) 100vw, 1788px\" \/><p id=\"caption-attachment-311\" class=\"wp-caption-text\"><span lang=\"ro\">Curtoazia ISC \u0219i INESCOP; Drepturi de autor ISC \u0219i INESCOP<\/span><\/p><\/div>\n","protected":false},"excerpt":{"rendered":"<p>\u201c\u00cenv\u0103\u021barea prin intermediul experien\u021belor tr\u0103ite este una dintre regulile de baz\u0103 ale instruirii continue.\u201d Pentru dep\u0103\u0219irea crizei economice din sudul Europei \u0219i pentru accelerarea cre\u0219terii economice a fostelor state socialiste din estul Europei, de mul\u021bi ani, \u00cenv\u0103\u021b\u0103m\u00e2ntul \u0219i formarea profesional\u0103 \u00een sistem dual (VET) sau programe de ucenicie, se reg\u0103sesc \u00een cadrul politicilor de la nivel European (cp. UE 2018&#8230; <a href=\"http:\/\/icsas-project.eu\/ro\/\">Read more &raquo;<\/a><\/p>\n","protected":false},"author":1,"featured_media":0,"parent":0,"menu_order":0,"comment_status":"closed","ping_status":"closed","template":"","meta":{"footnotes":""},"class_list":["post-397","page","type-page","status-publish","hentry"],"_links":{"self":[{"href":"http:\/\/icsas-project.eu\/ro\/wp-json\/wp\/v2\/pages\/397","targetHints":{"allow":["GET"]}}],"collection":[{"href":"http:\/\/icsas-project.eu\/ro\/wp-json\/wp\/v2\/pages"}],"about":[{"href":"http:\/\/icsas-project.eu\/ro\/wp-json\/wp\/v2\/types\/page"}],"author":[{"embeddable":true,"href":"http:\/\/icsas-project.eu\/ro\/wp-json\/wp\/v2\/users\/1"}],"replies":[{"embeddable":true,"href":"http:\/\/icsas-project.eu\/ro\/wp-json\/wp\/v2\/comments?post=397"}],"version-history":[{"count":5,"href":"http:\/\/icsas-project.eu\/ro\/wp-json\/wp\/v2\/pages\/397\/revisions"}],"predecessor-version":[{"id":3920,"href":"http:\/\/icsas-project.eu\/ro\/wp-json\/wp\/v2\/pages\/397\/revisions\/3920"}],"wp:attachment":[{"href":"http:\/\/icsas-project.eu\/ro\/wp-json\/wp\/v2\/media?parent=397"}],"curies":[{"name":"wp","href":"https:\/\/api.w.org\/{rel}","templated":true}]}}