{"id":3099,"date":"2020-04-02T11:21:07","date_gmt":"2020-04-02T11:21:07","guid":{"rendered":"http:\/\/icsas-project.eu\/?page_id=3099"},"modified":"2020-04-02T11:21:19","modified_gmt":"2020-04-02T11:21:19","slug":"videoclipurile-de-prezentare","status":"publish","type":"page","link":"http:\/\/icsas-project.eu\/ro\/videoclipurile-de-prezentare\/","title":{"rendered":"Videoclipurile de prezentare"},"content":{"rendered":"\n<p class=\"has-normal-font-size\">Viziona\u021bi videoclipuri din Papucei [Rom\u00e2nia]. <br><a href=\"http:\/\/icsas-project.eu\/wp-content\/uploads\/2020\/04\/ICSAS_Ro-experience-short.mp4\" target=\"_blank\" rel=\"noreferrer noopener\" aria-label=\"Video (\u00f6ffnet in neuem Tab)\">Video<\/a> (Teaser) <br><a href=\"http:\/\/icsas-project.eu\/wp-content\/uploads\/2020\/04\/ICSAS_Ro-experience-long.mp4\" target=\"_blank\" rel=\"noreferrer noopener\" aria-label=\"Video (\u00f6ffnet in neuem Tab)\">Video<\/a>: cursan\u021bii ofer\u0103 o perspectiv\u0103 asupra produc\u021biei de \u00eenc\u0103l\u021b\u0103minte<\/p>\n\n\n\n<p style=\"font-size:14px\">Urm\u0103ri\u021bi dou\u0103 videoclipuri de Carit\u00e9 [Portugalia]. <br><a href=\"http:\/\/icsas-project.eu\/wp-content\/uploads\/2020\/03\/Video-2_Pilot_on_Core_Spheres_Carite_EN.mp4\" target=\"_blank\" rel=\"noreferrer noopener\" aria-label=\"Video 1 (\u00f6ffnet in neuem Tab)\">Video 1<\/a>: Antrenament dual \u00een produc\u021bia de \u00eenc\u0103l\u021b\u0103minte <br><a href=\"http:\/\/icsas-project.eu\/wp-content\/uploads\/2020\/03\/Video-3_Pilot_on_Peripherical_Spheres_Carite_EN.mp4\" target=\"_blank\" rel=\"noreferrer noopener\" aria-label=\"Video 2 (\u00f6ffnet in neuem Tab)\">Video 2<\/a>: Informa\u021bii despre organizarea \u0219i procesul produc\u021biei de \u00eenc\u0103l\u021b\u0103minte <br>(Cu subtitrare \u00een englez\u0103)<\/p>\n\n\n\n<p style=\"font-size:14px\">Urm\u0103ri\u021bi videoclipul din Gabor [Germania]. <br><a href=\"https:\/\/www.youtube.com\/watch?v=OkfqEnuuDMg\" target=\"_blank\" rel=\"noreferrer noopener\" aria-label=\"Video (\u00f6ffnet in neuem Tab)\">Video<\/a> despre antrenament dual <br>(Numai \u00een limba german\u0103)<\/p>\n\n\n\n<p style=\"font-size:11px\">Aceste videoclipuri reflect\u0103 numai punctul de vedere al autorului \u0219i Comisia nu este responsabil\u0103 pentru eventuala utilizare a informa\u021biilor pe care le con\u021bine.<\/p>\n\n\n\n<div class=\"wp-block-image\"><figure class=\"alignleft is-resized\"><a href=\"http:\/\/creativecommons.org\/licenses\/by-nc-sa\/4.0\/\"><img loading=\"lazy\" decoding=\"async\" src=\"https:\/\/i.creativecommons.org\/l\/by-nc-sa\/4.0\/88x31.png\" alt=\"Creative Commons License\" width=\"80\" height=\"28\"\/><\/a><\/figure><\/div>\n\n\n\n<p style=\"font-size:11px\">Aceast\u0103 oper\u0103 este pus\u0103 la dispozi\u0163ie sub <a href=\"http:\/\/creativecommons.org\/licenses\/by-nc-sa\/4.0\/\">Licen\u0163a Creative Commons Atribuire-Necomercial-Distribuire \u00een Condi\u0163ii Identice 4.0 Interna\u021bional <\/a>.  <\/p>\n","protected":false},"excerpt":{"rendered":"<p>Viziona\u021bi videoclipuri din Papucei [Rom\u00e2nia]. Video (Teaser) Video: cursan\u021bii ofer\u0103 o perspectiv\u0103 asupra produc\u021biei de \u00eenc\u0103l\u021b\u0103minte Urm\u0103ri\u021bi dou\u0103 videoclipuri de Carit\u00e9 [Portugalia]. Video 1: Antrenament dual \u00een produc\u021bia de \u00eenc\u0103l\u021b\u0103minte Video 2: Informa\u021bii despre organizarea \u0219i procesul produc\u021biei de \u00eenc\u0103l\u021b\u0103minte (Cu subtitrare \u00een englez\u0103) Urm\u0103ri\u021bi videoclipul din Gabor [Germania]. Video despre antrenament dual (Numai \u00een limba german\u0103) Aceste videoclipuri reflect\u0103&#8230; <a href=\"http:\/\/icsas-project.eu\/ro\/videoclipurile-de-prezentare\/\">Read more &raquo;<\/a><\/p>\n","protected":false},"author":1,"featured_media":0,"parent":0,"menu_order":0,"comment_status":"closed","ping_status":"closed","template":"","meta":{"footnotes":""},"class_list":["post-3099","page","type-page","status-publish","hentry"],"_links":{"self":[{"href":"http:\/\/icsas-project.eu\/ro\/wp-json\/wp\/v2\/pages\/3099","targetHints":{"allow":["GET"]}}],"collection":[{"href":"http:\/\/icsas-project.eu\/ro\/wp-json\/wp\/v2\/pages"}],"about":[{"href":"http:\/\/icsas-project.eu\/ro\/wp-json\/wp\/v2\/types\/page"}],"author":[{"embeddable":true,"href":"http:\/\/icsas-project.eu\/ro\/wp-json\/wp\/v2\/users\/1"}],"replies":[{"embeddable":true,"href":"http:\/\/icsas-project.eu\/ro\/wp-json\/wp\/v2\/comments?post=3099"}],"version-history":[{"count":9,"href":"http:\/\/icsas-project.eu\/ro\/wp-json\/wp\/v2\/pages\/3099\/revisions"}],"predecessor-version":[{"id":3193,"href":"http:\/\/icsas-project.eu\/ro\/wp-json\/wp\/v2\/pages\/3099\/revisions\/3193"}],"wp:attachment":[{"href":"http:\/\/icsas-project.eu\/ro\/wp-json\/wp\/v2\/media?parent=3099"}],"curies":[{"name":"wp","href":"https:\/\/api.w.org\/{rel}","templated":true}]}}