{"id":2115,"date":"2019-11-01T14:55:39","date_gmt":"2019-11-01T14:55:39","guid":{"rendered":"http:\/\/icsas-project.eu\/?page_id=2115"},"modified":"2020-04-02T11:16:15","modified_gmt":"2020-04-02T11:16:15","slug":"7-caiete-de-exercitii-pentru-invatarea-bazata-pe-activitate-practica","status":"publish","type":"page","link":"http:\/\/icsas-project.eu\/ro\/7-caiete-de-exercitii-pentru-invatarea-bazata-pe-activitate-practica\/","title":{"rendered":"7 Caiete de exerci\u021bii  pentru \u00eenv\u0103\u0163area bazat\u0103 pe activitate practic\u0103"},"content":{"rendered":"\n<ul class=\"wp-block-list\"><li><a rel=\"noreferrer noopener\" aria-label=\" (\u00f6ffnet in neuem Tab)\" href=\"http:\/\/icsas-project.eu\/wp-content\/uploads\/2020\/02\/LTTA_Cutting_RO.pdf\" target=\"_blank\">Croirea reperelor<\/a><\/li><li><a rel=\"noreferrer noopener\" href=\"http:\/\/icsas-project.eu\/wp-content\/uploads\/2020\/02\/LTTA_PreStitch_RO.pdf\" target=\"_blank\">Preg\u0103tire pentru asamblare prin coasere<\/a><\/li><li><a rel=\"noreferrer noopener\" href=\"http:\/\/icsas-project.eu\/wp-content\/uploads\/2020\/02\/LTTA_Stitching_RO.pdf\" target=\"_blank\">Asamblare prin coasere<\/a><\/li><li><a rel=\"noreferrer noopener\" href=\"http:\/\/icsas-project.eu\/wp-content\/uploads\/2020\/02\/LTTA_Prelasting_RO.pdf\" target=\"_blank\">Preg\u0103tire pentru formare spa\u021bial\u0103<\/a><\/li><li><a rel=\"noreferrer noopener\" aria-label=\" (\u00f6ffnet in neuem Tab)\" href=\"http:\/\/icsas-project.eu\/wp-content\/uploads\/2020\/02\/LTTA_Lasting_RO.pdf\" target=\"_blank\">Formarea spa\u021bial\u0103<\/a><\/li><li><a rel=\"noreferrer noopener\" aria-label=\" (\u00f6ffnet in neuem Tab)\" href=\"http:\/\/icsas-project.eu\/wp-content\/uploads\/2020\/02\/LTTA_Prod-Plan_RO.pdf\" target=\"_blank\">Planificarea produc\u021biei<\/a><\/li><li><a rel=\"noreferrer noopener\" aria-label=\" (\u00f6ffnet in neuem Tab)\" href=\"http:\/\/icsas-project.eu\/wp-content\/uploads\/2020\/02\/LTTA_QualityAssur_RO.pdf\" target=\"_blank\">Asigurarea calit\u0103\u021bii<\/a><\/li><\/ul>\n\n\n\n<p>Manualele sunt disponibile \u0219i \u00een alte limbi: <a rel=\"noreferrer noopener\" aria-label=\"englez\u0103, (\u00f6ffnet in neuem Tab)\" href=\"http:\/\/icsas-project.eu\/7-learning-teaching-exercises-for-work-based-learning\/\" target=\"_blank\">englez\u0103,<\/a> <a rel=\"noreferrer noopener\" aria-label=\" (\u00f6ffnet in neuem Tab)\" href=\"http:\/\/icsas-project.eu\/de\/7-uebungseinheiten-zur-unterstuetzung-der-ausbildung-im-prozess-der-arbeit\/\" target=\"_blank\">german\u0103<\/a>, <a rel=\"noreferrer noopener\" aria-label=\" (\u00f6ffnet in neuem Tab)\" href=\"http:\/\/icsas-project.eu\/es\/7-unidades-con-actividades-de-ensenanza-aprendizaje-para-el-aprendizaje-en-el-lugar-de-trabajo\/\" target=\"_blank\">spaniol\u0103<\/a> \u0219i <a rel=\"noreferrer noopener\" aria-label=\" (\u00f6ffnet in neuem Tab)\" href=\"http:\/\/icsas-project.eu\/pt-pt\/7-exercicios-de-formacao-para-aprendizagem-em-contexto-de-trabalho\/\" target=\"_blank\">portughez\u0103<\/a>. <\/p>\n\n\n\n<div class=\"wp-block-image\"><figure class=\"alignleft\"><a href=\"http:\/\/creativecommons.org\/licenses\/by-nc-sa\/4.0\/\"><img decoding=\"async\" src=\"https:\/\/i.creativecommons.org\/l\/by-nc-sa\/4.0\/88x31.png\" alt=\"Licen\u0163a Creative Commons\"\/><\/a><\/figure><\/div>\n\n\n\n<div style=\"height:20px\" aria-hidden=\"true\" class=\"wp-block-spacer\"><\/div>\n\n\n\n<p>Aceast\u0103 oper\u0103 este pus\u0103 la dispozi\u0163ie sub <a href=\"http:\/\/creativecommons.org\/licenses\/by-nc-sa\/4.0\/\">Licen\u0163a Creative Commons Atribuire-Necomercial-Distribuire \u00een Condi\u0163ii Identice 4.0 Interna\u021bional <\/a>. <\/p>\n","protected":false},"excerpt":{"rendered":"<p>Croirea reperelor Preg\u0103tire pentru asamblare prin coasere Asamblare prin coasere Preg\u0103tire pentru formare spa\u021bial\u0103 Formarea spa\u021bial\u0103 Planificarea produc\u021biei Asigurarea calit\u0103\u021bii Manualele sunt disponibile \u0219i \u00een alte limbi: englez\u0103, german\u0103, spaniol\u0103 \u0219i portughez\u0103. Aceast\u0103 oper\u0103 este pus\u0103 la dispozi\u0163ie sub Licen\u0163a Creative Commons Atribuire-Necomercial-Distribuire \u00een Condi\u0163ii Identice 4.0 Interna\u021bional .<\/p>\n","protected":false},"author":1,"featured_media":0,"parent":0,"menu_order":0,"comment_status":"closed","ping_status":"closed","template":"","meta":{"footnotes":""},"class_list":["post-2115","page","type-page","status-publish","hentry"],"_links":{"self":[{"href":"http:\/\/icsas-project.eu\/ro\/wp-json\/wp\/v2\/pages\/2115","targetHints":{"allow":["GET"]}}],"collection":[{"href":"http:\/\/icsas-project.eu\/ro\/wp-json\/wp\/v2\/pages"}],"about":[{"href":"http:\/\/icsas-project.eu\/ro\/wp-json\/wp\/v2\/types\/page"}],"author":[{"embeddable":true,"href":"http:\/\/icsas-project.eu\/ro\/wp-json\/wp\/v2\/users\/1"}],"replies":[{"embeddable":true,"href":"http:\/\/icsas-project.eu\/ro\/wp-json\/wp\/v2\/comments?post=2115"}],"version-history":[{"count":11,"href":"http:\/\/icsas-project.eu\/ro\/wp-json\/wp\/v2\/pages\/2115\/revisions"}],"predecessor-version":[{"id":3195,"href":"http:\/\/icsas-project.eu\/ro\/wp-json\/wp\/v2\/pages\/2115\/revisions\/3195"}],"wp:attachment":[{"href":"http:\/\/icsas-project.eu\/ro\/wp-json\/wp\/v2\/media?parent=2115"}],"curies":[{"name":"wp","href":"https:\/\/api.w.org\/{rel}","templated":true}]}}