{"id":1671,"date":"2019-05-08T15:17:56","date_gmt":"2019-05-08T15:17:56","guid":{"rendered":"http:\/\/icsas-project.eu\/?page_id=1671"},"modified":"2020-02-15T10:04:55","modified_gmt":"2020-02-15T10:04:55","slug":"11-manuals-for-tutors-to-support-work-based-learning","status":"publish","type":"page","link":"http:\/\/icsas-project.eu\/ro\/11-manuals-for-tutors-to-support-work-based-learning\/","title":{"rendered":"11 manuale destinate tutorilor"},"content":{"rendered":"\n<div class=\"wp-block-image\"><figure class=\"alignleft is-resized\"><img loading=\"lazy\" decoding=\"async\" src=\"http:\/\/icsas-project.eu\/wp-content\/uploads\/2019\/05\/Bild.jpg\" alt=\"\" class=\"wp-image-1677\" width=\"187\" height=\"255\" srcset=\"http:\/\/icsas-project.eu\/wp-content\/uploads\/2019\/05\/Bild.jpg 324w, http:\/\/icsas-project.eu\/wp-content\/uploads\/2019\/05\/Bild-220x300.jpg 220w\" sizes=\"auto, (max-width: 187px) 100vw, 187px\" \/><\/figure><\/div>\n\n\n\n<ul class=\"wp-block-list\"><li><a rel=\"noreferrer noopener\" aria-label=\" (\u00f6ffnet in neuem Tab)\" href=\"http:\/\/icsas-project.eu\/wp-content\/uploads\/2020\/02\/Cutting_RO.pdf\" target=\"_blank\">Croirea reperelor<\/a><\/li><li><a rel=\"noreferrer noopener\" href=\"http:\/\/icsas-project.eu\/wp-content\/uploads\/2020\/02\/Pre-Stitching_RO.pdf\" target=\"_blank\">Preg\u0103tire pentru asamblare prin coasere<\/a><\/li><li><a rel=\"noreferrer noopener\" href=\"http:\/\/icsas-project.eu\/wp-content\/uploads\/2020\/02\/Stitching_RO.pdf\" target=\"_blank\">Asamblare prin coasere<\/a><\/li><li><a rel=\"noreferrer noopener\" href=\"http:\/\/icsas-project.eu\/wp-content\/uploads\/2020\/02\/Pre-Lasting_RO.pdf\" target=\"_blank\">Preformare spa\u021bial\u0103<\/a><\/li><li><a rel=\"noreferrer noopener\" href=\"http:\/\/icsas-project.eu\/wp-content\/uploads\/2020\/02\/Lasting_RO.pdf\" target=\"_blank\">Formarea spa\u021bial\u0103<\/a><\/li><li><a rel=\"noreferrer noopener\" href=\"http:\/\/icsas-project.eu\/wp-content\/uploads\/2020\/02\/Assembly_RO.pdf\" target=\"_blank\">Aplicarea t\u0103lpii<\/a><\/li><li><a rel=\"noreferrer noopener\" href=\"http:\/\/icsas-project.eu\/wp-content\/uploads\/2020\/02\/Finishing_RO.pdf\" target=\"_blank\">Finisare<\/a><\/li><li><a rel=\"noreferrer noopener\" href=\"http:\/\/icsas-project.eu\/wp-content\/uploads\/2020\/02\/Design_RO.pdf\" target=\"_blank\">Design \u0219i dezvoltare de produs<\/a><\/li><li><a rel=\"noreferrer noopener\" href=\"http:\/\/icsas-project.eu\/wp-content\/uploads\/2020\/02\/Tech-Develop_RO.pdf\" target=\"_blank\">Dezvoltarea tehnologic\u0103<\/a><\/li><li><a rel=\"noreferrer noopener\" aria-label=\" (\u00f6ffnet in neuem Tab)\" href=\"http:\/\/icsas-project.eu\/wp-content\/uploads\/2020\/02\/Prod-Plan_RO.pdf\" target=\"_blank\">Planificarea produc\u021biei <\/a><\/li><li><a rel=\"noreferrer noopener\" aria-label=\" (\u00f6ffnet in neuem Tab)\" href=\"http:\/\/icsas-project.eu\/wp-content\/uploads\/2020\/02\/Quali-Assure_RO.pdf\" target=\"_blank\">Asigurarea calit\u0103\u021bii<\/a><\/li><\/ul>\n\n\n\n<div style=\"height:27px\" aria-hidden=\"true\" class=\"wp-block-spacer\"><\/div>\n\n\n\n<p>Manualele sunt disponibile \u0219i \u00een alte limbi: <a rel=\"noreferrer noopener\" aria-label=\"englez\u0103 (\u00f6ffnet in neuem Tab)\" href=\"http:\/\/icsas-project.eu\/11-manuals-for-tutors-to-support-work-based-learning\/\" target=\"_blank\">englez\u0103<\/a>, <a rel=\"noreferrer noopener\" aria-label=\"german\u0103 (\u00f6ffnet in neuem Tab)\" href=\"http:\/\/icsas-project.eu\/de\/11-manuals-fuer-tutoren-zur-unterstuetzung-der-ausbildung-im-prozess-der-arbeit\/\" target=\"_blank\">german\u0103<\/a>, <a rel=\"noreferrer noopener\" aria-label=\"spaniol\u0103 (\u00f6ffnet in neuem Tab)\" href=\"http:\/\/icsas-project.eu\/es\/11-manuales-de-apoyo-al-aprendizaje-en-el-lugar-de-trabajo-para-los-tutores\/\" target=\"_blank\">spaniol\u0103<\/a> \u0219i <a rel=\"noreferrer noopener\" aria-label=\"portughez\u0103 (\u00f6ffnet in neuem Tab)\" href=\"http:\/\/icsas-project.eu\/pt-pt\/11-manuais-para-tutores-de-apoio-a-formacao-em-contexto-de-trabalho-2\/\" target=\"_blank\">portughez\u0103<\/a>.<br><\/p>\n\n\n\n<p><a rel=\"license\" href=\"http:\/\/creativecommons.org\/licenses\/by-nc-sa\/4.0\/\"><img decoding=\"async\" alt=\"Licen\u0163a Creative Commons\" style=\"border-width:0\" src=\"https:\/\/i.creativecommons.org\/l\/by-nc-sa\/4.0\/88x31.png\"><\/a><br>Aceast\u0103 oper\u0103 este pus\u0103 la dispozi\u0163ie sub <a rel=\"license\" href=\"http:\/\/creativecommons.org\/licenses\/by-nc-sa\/4.0\/\">Licen\u0163a Creative Commons Atribuire-Necomercial-Distribuire \u00een Condi\u0163ii Identice 4.0 Interna\u021bional <\/a>.<\/p>\n\n\n\n<p><\/p>\n\n\n\n<p><br><\/p>\n\n\n\n<p><br><\/p>\n","protected":false},"excerpt":{"rendered":"<p>Croirea reperelor Preg\u0103tire pentru asamblare prin coasere Asamblare prin coasere Preformare spa\u021bial\u0103 Formarea spa\u021bial\u0103 Aplicarea t\u0103lpii Finisare Design \u0219i dezvoltare de produs Dezvoltarea tehnologic\u0103 Planificarea produc\u021biei Asigurarea calit\u0103\u021bii Manualele sunt disponibile \u0219i \u00een alte limbi: englez\u0103, german\u0103, spaniol\u0103 \u0219i portughez\u0103. Aceast\u0103 oper\u0103 este pus\u0103 la dispozi\u0163ie sub Licen\u0163a Creative Commons Atribuire-Necomercial-Distribuire \u00een Condi\u0163ii Identice 4.0 Interna\u021bional .<\/p>\n","protected":false},"author":1,"featured_media":0,"parent":0,"menu_order":0,"comment_status":"closed","ping_status":"closed","template":"","meta":{"footnotes":""},"class_list":["post-1671","page","type-page","status-publish","hentry"],"_links":{"self":[{"href":"http:\/\/icsas-project.eu\/ro\/wp-json\/wp\/v2\/pages\/1671","targetHints":{"allow":["GET"]}}],"collection":[{"href":"http:\/\/icsas-project.eu\/ro\/wp-json\/wp\/v2\/pages"}],"about":[{"href":"http:\/\/icsas-project.eu\/ro\/wp-json\/wp\/v2\/types\/page"}],"author":[{"embeddable":true,"href":"http:\/\/icsas-project.eu\/ro\/wp-json\/wp\/v2\/users\/1"}],"replies":[{"embeddable":true,"href":"http:\/\/icsas-project.eu\/ro\/wp-json\/wp\/v2\/comments?post=1671"}],"version-history":[{"count":27,"href":"http:\/\/icsas-project.eu\/ro\/wp-json\/wp\/v2\/pages\/1671\/revisions"}],"predecessor-version":[{"id":2857,"href":"http:\/\/icsas-project.eu\/ro\/wp-json\/wp\/v2\/pages\/1671\/revisions\/2857"}],"wp:attachment":[{"href":"http:\/\/icsas-project.eu\/ro\/wp-json\/wp\/v2\/media?parent=1671"}],"curies":[{"name":"wp","href":"https:\/\/api.w.org\/{rel}","templated":true}]}}