{"id":543,"date":"2018-02-19T18:19:02","date_gmt":"2018-02-19T18:19:02","guid":{"rendered":"http:\/\/icsas-project.eu\/?page_id=543"},"modified":"2020-04-09T16:58:09","modified_gmt":"2020-04-09T16:58:09","slug":"icsas-em-conferencias-workshops-ou-feiras","status":"publish","type":"page","link":"http:\/\/icsas-project.eu\/pt-pt\/icsas-em-conferencias-workshops-ou-feiras\/","title":{"rendered":"ICSAS em confer\u00eancias, workshops ou feiras"},"content":{"rendered":"<p><a href=\"https:\/\/eera-ecer.de\/ecer-2020-glasgow\/\" target=\"_blank\" rel=\"noopener noreferrer\">ECER 2020<\/a><span lang=\"ro\"><br \/>\nen Glasgow, Schotland del 25 al 28 de agosto de 2020<br \/>\n<\/span><\/p>\n<div class=\"oSioSc\">\n<div id=\"tw-target\">\n<div id=\"kAz1tf\" class=\"g9WsWb\">\n<div id=\"tw-target-text-container\" class=\"tw-ta-container hide-focus-ring tw-nfl\" tabindex=\"0\"><img loading=\"lazy\" decoding=\"async\" class=\"alignnone size-full wp-image-3381\" src=\"http:\/\/icsas-project.eu\/wp-content\/uploads\/2020\/04\/Glasgow-2.jpg\" alt=\"\" width=\"261\" height=\"193\" \/><\/div>\n<\/div>\n<\/div>\n<\/div>\n<hr \/>\n<p>TCA &#8220;<a href=\"https:\/\/www.kmk-pad.org\/veranstaltungen\/details\/tca-erasmus-boosting-employability-and-promoting-cooperation-with-the-world-of-work-1978.html\" target=\"_blank\" rel=\"noreferrer noopener\" aria-label=\"Erasmus+ boosting employability and promoting cooperation with the  world of work (\u00f6ffnet in neuem Tab)\"><strong>Erasmus+ boosting employability and promoting cooperation with the world of work<\/strong><\/a>&#8221; <br data-rich-text-line-break=\"true\" \/>Jurmala, Latvia from 09 to 10 September 2019 <br data-rich-text-line-break=\"true\" \/><img loading=\"lazy\" decoding=\"async\" width=\"341\" height=\"216\" class=\"wp-image-3336\" src=\"http:\/\/icsas-project.eu\/wp-content\/uploads\/2020\/04\/pres-Jurmala.jpg\" alt=\"\" srcset=\"http:\/\/icsas-project.eu\/wp-content\/uploads\/2020\/04\/pres-Jurmala.jpg 341w, http:\/\/icsas-project.eu\/wp-content\/uploads\/2020\/04\/pres-Jurmala-300x190.jpg 300w\" sizes=\"auto, (max-width: 341px) 100vw, 341px\" \/><br data-rich-text-line-break=\"true\" \/><a href=\"http:\/\/viaa.gov.lv\/eng\/ec_educational_programs_and_in\/erasmus_\/erasmus_plus_seminars\/?year=2019\" target=\"_blank\" rel=\"noreferrer noopener\" aria-label=\"Presentations  (\u00f6ffnet in neuem Tab)\">Apresenta\u00e7\u00f5es<\/a><br data-rich-text-line-break=\"true\" \/><a href=\"https:\/\/www.flickr.com\/photos\/73458727@N06\/albums\/72157710780161436\" target=\"_blank\" rel=\"noreferrer noopener\" aria-label=\"Photo gallery (\u00f6ffnet in neuem Tab)\">Galeria de fotos<\/a> <br data-rich-text-line-break=\"true\" \/><a href=\"http:\/\/icsas-project.eu\/wp-content\/uploads\/2020\/04\/ICSAS_Riga.pptx\" target=\"_blank\" rel=\"noreferrer noopener\" aria-label=\"ICSAS presentation (\u00f6ffnet in neuem Tab)\">ICSAS apresenta\u00e7\u00f5es<\/a><\/p>\n<hr \/>\n<p><strong><span id=\"result_box\" class=\"short_text\" lang=\"pt\"><span class=\"\">3\u00aa Confer\u00eancia Internacional de VET<\/span><\/span><\/strong><br \/>\n<a href=\"https:\/\/vetnetsite.org\/conferences\/crossing-boundaries\/2019-valencia\/\"><strong>Crossing Boundaries in Vocational Education and Training<\/strong><\/a><br \/>\n<span id=\"result_box\" class=\"short_text\" lang=\"pt\"><span class=\"\">em Val\u00eancia, Espanha de 2 a 3 de Maio de 2019<br \/>\n<img loading=\"lazy\" decoding=\"async\" class=\"size-full wp-image-1817 alignnone\" src=\"http:\/\/icsas-project.eu\/wp-content\/uploads\/2019\/06\/Arena-Valencia.jpg\" alt=\"\" width=\"284\" height=\"177\" \/><br \/>\n<span id=\"result_box\" class=\"short_text\" lang=\"es\"><a href=\"http:\/\/icsas-project.eu\/wp-content\/uploads\/2019\/02\/Crossing-boundaires-VET_ICSAS_paper30.01.pdf\" target=\"_blank\" rel=\"noopener noreferrer\">ICSAS-papel<\/a><\/span><br \/>\n<a href=\"http:\/\/icsas-project.eu\/wp-content\/uploads\/2019\/06\/ICSAS_Val_INESCOP.pptx\" target=\"_blank\" rel=\"noopener noreferrer\">Apresenta\u00e7\u00e3o<\/a><\/span><\/span><\/p>\n<hr \/>\n<p><strong>ICSAS no <a href=\"https:\/\/www.ehb.swiss\/vet-congress-2019\">Swiss VET-Congress<\/a> <\/strong><br \/>\n<span lang=\"en\" tabindex=\"0\"><span lang=\"pt\" tabindex=\"0\">em Zollikofen, Su\u00ed\u00e7a de 4 a 6 de mar\u00e7o de 2019 <\/span><\/span><br \/>\n<img loading=\"lazy\" decoding=\"async\" class=\"alignnone wp-image-1341\" src=\"http:\/\/icsas-project.eu\/wp-content\/uploads\/2019\/03\/IMG_20190304_154607.jpg\" alt=\"\" width=\"375\" height=\"211\" srcset=\"http:\/\/icsas-project.eu\/wp-content\/uploads\/2019\/03\/IMG_20190304_154607.jpg 1600w, http:\/\/icsas-project.eu\/wp-content\/uploads\/2019\/03\/IMG_20190304_154607-300x169.jpg 300w, http:\/\/icsas-project.eu\/wp-content\/uploads\/2019\/03\/IMG_20190304_154607-768x432.jpg 768w, http:\/\/icsas-project.eu\/wp-content\/uploads\/2019\/03\/IMG_20190304_154607-1024x576.jpg 1024w, http:\/\/icsas-project.eu\/wp-content\/uploads\/2019\/03\/IMG_20190304_154607-624x351.jpg 624w\" sizes=\"auto, (max-width: 375px) 100vw, 375px\" \/><br \/>\n<a href=\"http:\/\/icsas-project.eu\/icsas_sfivet\/\" target=\"_blank\" rel=\"noopener noreferrer\">Apresenta\u00e7\u00e3o<\/a><\/p>\n<hr \/>\n<p><span id=\"result_box\" class=\"short_text\" lang=\"en\"><span class=\"\"><span id=\"result_box\" class=\"\" lang=\"pt\"><strong>ICSAS no <a href=\"http:\/\/www.eera-ecer.de\/ecer-2018-bolzano\/\" target=\"_blank\" rel=\"noopener noreferrer\">ECER 2018<\/a><\/strong><br \/>\nem Bozen de 4 a 7 de setembro de 2018<\/span><\/span><\/span><br \/>\n<img loading=\"lazy\" decoding=\"async\" class=\"alignnone wp-image-1145\" src=\"http:\/\/icsas-project.eu\/wp-content\/uploads\/2018\/09\/ECER_Bozen_2018.jpg\" alt=\"\" width=\"375\" height=\"280\" srcset=\"http:\/\/icsas-project.eu\/wp-content\/uploads\/2018\/09\/ECER_Bozen_2018.jpg 2348w, http:\/\/icsas-project.eu\/wp-content\/uploads\/2018\/09\/ECER_Bozen_2018-300x224.jpg 300w, http:\/\/icsas-project.eu\/wp-content\/uploads\/2018\/09\/ECER_Bozen_2018-768x574.jpg 768w, http:\/\/icsas-project.eu\/wp-content\/uploads\/2018\/09\/ECER_Bozen_2018-1024x766.jpg 1024w, http:\/\/icsas-project.eu\/wp-content\/uploads\/2018\/09\/ECER_Bozen_2018-624x467.jpg 624w\" sizes=\"auto, (max-width: 375px) 100vw, 375px\" \/><br \/>\n<a class=\"moz-txt-link-freetext\" href=\"http:\/\/icsas-project.eu\/wp-content\/uploads\/2018\/09\/ICSAS_ECER_2018.pdf\" target=\"_blank\" rel=\"noopener noreferrer\">Apresenta\u00e7\u00e3o<\/a><\/p>\n<p><strong><span id=\"result_box\" class=\"short_text\" lang=\"en\"><span class=\"\"><span id=\"result_box\" class=\"\" lang=\"pt\">ICSAS na <\/span><\/span><\/span> International Union of Shoe Industry Technicians <a href=\"https:\/\/www.porto2018.uitic.org\/\" target=\"_blank\" rel=\"noopener noreferrer\">(UITIC)<\/a> &#8211; Congress<\/strong><span id=\"result_box\" class=\"short_text\" lang=\"en\"><span class=\"\"><span id=\"result_box\" class=\"\" lang=\"pt\"><strong>o<\/strong><br \/>\nno Porto de 16 a 18 de maio de 2018<\/span><\/span><\/span><br \/>\n<a href=\"https:\/\/www.porto2018.uitic.org\/\" target=\"_blank\" rel=\"noopener noreferrer\"><img loading=\"lazy\" decoding=\"async\" class=\"wp-image-1100 alignnone\" src=\"http:\/\/icsas-project.eu\/wp-content\/uploads\/2018\/08\/porto-uitic-2018-648417064p.jpg\" alt=\"\" width=\"375\" height=\"250\" srcset=\"http:\/\/icsas-project.eu\/wp-content\/uploads\/2018\/08\/porto-uitic-2018-648417064p.jpg 800w, http:\/\/icsas-project.eu\/wp-content\/uploads\/2018\/08\/porto-uitic-2018-648417064p-300x200.jpg 300w, http:\/\/icsas-project.eu\/wp-content\/uploads\/2018\/08\/porto-uitic-2018-648417064p-768x512.jpg 768w, http:\/\/icsas-project.eu\/wp-content\/uploads\/2018\/08\/porto-uitic-2018-648417064p-624x416.jpg 624w\" sizes=\"auto, (max-width: 375px) 100vw, 375px\" \/><\/a><br \/>\n<a href=\"http:\/\/icsas-project.eu\/wp-content\/uploads\/2018\/09\/UITIC_presentation_ISC_HRM4_WB_Training.pdf\" target=\"_blank\" rel=\"noopener noreferrer\">Apresenta\u00e7\u00e3o<\/a><\/p>\n<p><strong>ICSAS no evento Open Space \u201cVamos falar sobre forma\u00e7\u00e3o em contexto de trabalho\u201d<\/strong> Bona, 20 e 21 de Novembro d 2017, por Ag\u00eancia Nacional BIBB<\/p>\n","protected":false},"excerpt":{"rendered":"<p>ECER 2020 en Glasgow, Schotland del 25 al 28 de agosto de 2020 TCA &#8220;Erasmus+ boosting employability and promoting cooperation with the world of work&#8221; Jurmala, Latvia from 09 to 10 September 2019 Apresenta\u00e7\u00f5esGaleria de fotos ICSAS apresenta\u00e7\u00f5es 3\u00aa Confer\u00eancia Internacional de VET Crossing Boundaries in Vocational Education and Training em Val\u00eancia, Espanha de 2 a 3 de Maio de&#8230; <a href=\"http:\/\/icsas-project.eu\/pt-pt\/icsas-em-conferencias-workshops-ou-feiras\/\">Read more &raquo;<\/a><\/p>\n","protected":false},"author":1,"featured_media":0,"parent":0,"menu_order":0,"comment_status":"closed","ping_status":"closed","template":"","meta":{"footnotes":""},"class_list":["post-543","page","type-page","status-publish","hentry"],"_links":{"self":[{"href":"http:\/\/icsas-project.eu\/pt-pt\/wp-json\/wp\/v2\/pages\/543","targetHints":{"allow":["GET"]}}],"collection":[{"href":"http:\/\/icsas-project.eu\/pt-pt\/wp-json\/wp\/v2\/pages"}],"about":[{"href":"http:\/\/icsas-project.eu\/pt-pt\/wp-json\/wp\/v2\/types\/page"}],"author":[{"embeddable":true,"href":"http:\/\/icsas-project.eu\/pt-pt\/wp-json\/wp\/v2\/users\/1"}],"replies":[{"embeddable":true,"href":"http:\/\/icsas-project.eu\/pt-pt\/wp-json\/wp\/v2\/comments?post=543"}],"version-history":[{"count":23,"href":"http:\/\/icsas-project.eu\/pt-pt\/wp-json\/wp\/v2\/pages\/543\/revisions"}],"predecessor-version":[{"id":3435,"href":"http:\/\/icsas-project.eu\/pt-pt\/wp-json\/wp\/v2\/pages\/543\/revisions\/3435"}],"wp:attachment":[{"href":"http:\/\/icsas-project.eu\/pt-pt\/wp-json\/wp\/v2\/media?parent=543"}],"curies":[{"name":"wp","href":"https:\/\/api.w.org\/{rel}","templated":true}]}}