{"id":424,"date":"2018-02-19T18:19:03","date_gmt":"2018-02-19T18:19:03","guid":{"rendered":"http:\/\/icsas-project.eu\/?page_id=424"},"modified":"2020-10-30T10:00:31","modified_gmt":"2020-10-30T10:00:31","slug":"resultados","status":"publish","type":"page","link":"http:\/\/icsas-project.eu\/pt-pt\/resultados\/","title":{"rendered":"Resultados"},"content":{"rendered":"<ul>\n<li>An\u00e1lise do que pode ser ensinado\/aprendido nas empresas participantes, atrav\u00e9s da metodologia \u201cAn\u00e1lise das Esta\u00e7\u00f5es de Aprendizagem\u201d (LSA &#8211;<strong> L<\/strong>earning <strong>S<\/strong>tation <strong>A<\/strong>nalysis) em todos os departamentos. <a href=\"http:\/\/icsas-project.eu\/wp-content\/uploads\/2018\/05\/O1_LSA-in-Portugal_-Formated_PT-version.pdf\" target=\"_blank\" rel=\"noopener noreferrer\">Output 1 An\u00e1lise do Posto de Aprendizagem<\/a>\u00a0<span style=\"color: #808080;\">[IO 1]<\/span><\/li>\n<li>Relat\u00f3rio comparativo (<a href=\"http:\/\/icsas-project.eu\/wp-content\/uploads\/2019\/06\/IO1_comp_design_PT.pdf\" target=\"_blank\" rel=\"noopener noreferrer\">An\u00e1lises \u00e0s Esta\u00e7\u00f5es de Aprendizagem<\/a>) <span style=\"color: #808080;\">[IO 1]<\/span><\/li>\n<li>Programas de forma\u00e7\u00e3o confirmados para a aprendizagem em contexto de trabalho na <a href=\"\/\/icsas-project.eu\/wp-content\/uploads\/2019\/03\/IO2_Curriculum_PT_PT.pdf\" target=\"_blank\" rel=\"noopener noreferrer\">Portugal<\/a> <span style=\"color: #808080;\">[IO 2]<\/span><\/li>\n<li>Boa pr\u00e1tica aparente: Exemplo Romeno de Acordo de coopera\u00e7\u00e3o (<a href=\"http:\/\/icsas-project.eu\/wp-content\/uploads\/2019\/03\/MoU_EN.pdf\">vers\u00e3o inglesa<\/a>) <span style=\"color: #808080;\">[IO 2]<\/span><\/li>\n<li>11 <a href=\"http:\/\/icsas-project.eu\/pt-pt\/11-manuais-para-tutores-de-apoio-a-formacao-em-contexto-de-trabalho\/\" target=\"_blank\" rel=\"noopener noreferrer\">manuais<\/a> para tutores de apoio \u00e0 forma\u00e7\u00e3o em contexto de\u00a0 trabalho <span style=\"color: #808080;\">[IO 3]<\/span><\/li>\n<li><a href=\"http:\/\/icsas-project.eu\/wp-content\/uploads\/2019\/03\/Dida_PT.pdf\">Op\u00e7\u00f5es gr\u00e1ficas did\u00e1ticas<\/a> para utiliza\u00e7\u00e3o do potencial de aprendizagem em contexto de trabalho <span style=\"color: #808080;\">[IO 3]<\/span><\/li>\n<li>7 <a href=\"http:\/\/icsas-project.eu\/pt-pt\/7-exercicios-de-formacao-para-aprendizagem-em-contexto-de-trabalho\/\" target=\"_blank\" rel=\"noopener noreferrer\">Exerc\u00edcios de forma\u00e7\u00e3o<\/a> para\u00a0 aprendizagem em contexto de trabalho <span style=\"color: #808080;\">[IO 3]<\/span><\/li>\n<li><a href=\"http:\/\/icsas-project.eu\/wp-content\/uploads\/2020\/02\/IO_4_PT.pdf\" target=\"_blank\" rel=\"noopener noreferrer\">Documenta\u00e7\u00e3o<\/a> dos Resultados de Aprendizagem (LO) da Aprendizagem Baseada no Trabalho (WBL) <span style=\"color: #808080;\">[IO 4]<\/span><\/li>\n<li>11 <a href=\"http:\/\/icsas-project.eu\/wp-content\/uploads\/2020\/02\/IO4_matrices_PT.pdf\" target=\"_blank\" rel=\"noopener noreferrer\">matrizes<\/a> para documentar os resultados de aprendizagem da forma\u00e7\u00e3o em contexto de trabalho <span style=\"color: #808080;\">[IO 4]<\/span><\/li>\n<li>Boa pr\u00e1tica aparente: <a href=\"http:\/\/icsas-project.eu\/wp-content\/uploads\/2020\/08\/IO_05_WorkBasedLearning_DE_PT.pdf\" target=\"_blank\" rel=\"noopener noreferrer\">Experi\u00eancias e an\u00e1lise SWOT<\/a> da forma\u00e7\u00e3o piloto em contexto de trabalho na Alemanha <span style=\"color: #999999;\">[IO 5]<\/span><\/li>\n<li>Boa pr\u00e1tica aparente: <a href=\"http:\/\/icsas-project.eu\/wp-content\/uploads\/2020\/08\/IO_05_WorkBasedLearning_PT_PT.pdf\" target=\"_blank\" rel=\"noopener noreferrer\">Experi\u00eancias e an\u00e1lise SWOT<\/a> da forma\u00e7\u00e3o piloto em contexto de trabalho na Portugal <span style=\"color: #808080;\">[IO 5]<\/span><\/li>\n<li>Boa pr\u00e1tica aparente: <a href=\"http:\/\/icsas-project.eu\/wp-content\/uploads\/2020\/08\/IO_05_WorkBasedLearning_RO_PT.pdf\" target=\"_blank\" rel=\"noopener noreferrer\">Experi\u00eancias e an\u00e1lise SWOT<\/a> da forma\u00e7\u00e3o piloto em contexto de trabalho na Rom\u00e9nia <span style=\"color: #808080;\">[IO 5]<\/span><\/li>\n<li><a href=\"http:\/\/icsas-project.eu\/pt-pt\/videos-de-experiencia\/\" target=\"_blank\" rel=\"noopener noreferrer\">V\u00eddeos das experi\u00eancias piloto<\/a> na Alemanha, Rom\u00e9nia e Portugal <span style=\"color: #808080;\">[IO 5]<\/span><\/li>\n<li>Descri\u00e7\u00e3o das <a href=\"http:\/\/icsas-project.eu\/wp-content\/uploads\/2020\/03\/IO_06_PT.pdf\" target=\"_blank\" rel=\"noopener noreferrer\">9 esferas de atividade<\/a> para o fabricante de cal\u00e7ado <span style=\"color: #808080;\">[IO 6]<\/span><\/li>\n<li>Relat\u00f3rios nacionais sobre Qualifica\u00e7\u00e3o de <a href=\"http:\/\/icsas-project.eu\/wp-content\/uploads\/2020\/04\/IO6_A_DE_EN_N.pdf\" target=\"_blank\" rel=\"noopener noreferrer\">Alemanha<\/a>, <a href=\"http:\/\/icsas-project.eu\/wp-content\/uploads\/2020\/04\/IO6_A_RO_EN.pdf\" target=\"_blank\" rel=\"noopener noreferrer\">Rom\u00eania<\/a>, <a href=\"http:\/\/icsas-project.eu\/wp-content\/uploads\/2020\/04\/IO6_A_PT_EN.pdf\" target=\"_blank\" rel=\"noopener noreferrer\">Portugal<\/a> e <a href=\"http:\/\/icsas-project.eu\/wp-content\/uploads\/2020\/04\/IO_06_A_ES_EN.pdf\" target=\"_blank\" rel=\"noopener noreferrer\">Espanha<\/a> (Vers\u00e3o EN) <span style=\"color: #808080;\">[IO6]<\/span><\/li>\n<li>Quadro de Qualifica\u00e7\u00e3o Sectorial (n\u00edvel 2-4) para a ind\u00fastria do cal\u00e7ado. (<a href=\"http:\/\/icsas-project.eu\/wp-content\/uploads\/2020\/07\/06_SQF-Table_PT.pdf\" target=\"_blank\" rel=\"noopener noreferrer\">esquema<\/a>) <span style=\"color: #808080;\">[IO6]<\/span><\/li>\n<li>Quadro de Qualifica\u00e7\u00e3o Sectorial (n\u00edvel 2-4) para a ind\u00fastria do cal\u00e7ado. (<a href=\"http:\/\/icsas-project.eu\/wp-content\/uploads\/2020\/07\/IO6_ComparativeReport_PT.pdf\" target=\"_blank\" rel=\"noopener noreferrer\">Relat\u00f3rio comparativo<\/a>) <span style=\"color: #808080;\">[IO6]<\/span><\/li>\n<li><a href=\"http:\/\/icsas-project.eu\/wp-content\/uploads\/2020\/10\/MoU_PT.pdf\" target=\"_blank\" rel=\"noopener noreferrer\">Memorandum<\/a> of Understanding (MoU) <span style=\"color: #808080;\">[IO 7]<\/span><\/li>\n<li><a href=\"http:\/\/icsas-project.eu\/wp-content\/uploads\/2020\/10\/PositionPaper_PT.pdf\" target=\"_blank\" rel=\"noopener noreferrer\">Declara\u00e7\u00e3o de inten\u00e7\u00e3o<\/a> <span style=\"color: #808080;\">[IO7]<\/span><\/li>\n<li><a href=\"http:\/\/icsas-project.eu\/wp-content\/uploads\/2020\/10\/E-Book-ICSAS_PT.pdf\" target=\"_blank\" rel=\"noopener noreferrer\">Manual de transfer\u00eancia<\/a> para garantir a sustentabilidade e facilita\u00e7\u00e3o da apropria\u00e7\u00e3o dos resultados por parte de projetos compar\u00e1veis noutros setores ou regi\u00f5es. <span style=\"color: #808080;\">[IO7]<\/span><\/li>\n<\/ul>\n<p><a href=\"http:\/\/icsas-project.eu\/wp-content\/uploads\/2018\/03\/Leaflet-Icsas.pdf\" target=\"_blank\" rel=\"noopener noreferrer\">Leaflet_English<\/a><\/p>\n<p><a href=\"http:\/\/icsas-project.eu\/wp-content\/uploads\/2019\/03\/ISCAS_leaflet_aura.pdf\">Leaflet<\/a><\/p>\n\n\n<p><\/p>\n","protected":false},"excerpt":{"rendered":"<p>An\u00e1lise do que pode ser ensinado\/aprendido nas empresas participantes, atrav\u00e9s da metodologia \u201cAn\u00e1lise das Esta\u00e7\u00f5es de Aprendizagem\u201d (LSA &#8211; Learning Station Analysis) em todos os departamentos. Output 1 An\u00e1lise do Posto de Aprendizagem\u00a0[IO 1] Relat\u00f3rio comparativo (An\u00e1lises \u00e0s Esta\u00e7\u00f5es de Aprendizagem) [IO 1] Programas de forma\u00e7\u00e3o confirmados para a aprendizagem em contexto de trabalho na Portugal [IO 2] Boa pr\u00e1tica&#8230; <a href=\"http:\/\/icsas-project.eu\/pt-pt\/resultados\/\">Read more &raquo;<\/a><\/p>\n","protected":false},"author":1,"featured_media":0,"parent":0,"menu_order":0,"comment_status":"closed","ping_status":"closed","template":"","meta":{"footnotes":""},"class_list":["post-424","page","type-page","status-publish","hentry"],"_links":{"self":[{"href":"http:\/\/icsas-project.eu\/pt-pt\/wp-json\/wp\/v2\/pages\/424","targetHints":{"allow":["GET"]}}],"collection":[{"href":"http:\/\/icsas-project.eu\/pt-pt\/wp-json\/wp\/v2\/pages"}],"about":[{"href":"http:\/\/icsas-project.eu\/pt-pt\/wp-json\/wp\/v2\/types\/page"}],"author":[{"embeddable":true,"href":"http:\/\/icsas-project.eu\/pt-pt\/wp-json\/wp\/v2\/users\/1"}],"replies":[{"embeddable":true,"href":"http:\/\/icsas-project.eu\/pt-pt\/wp-json\/wp\/v2\/comments?post=424"}],"version-history":[{"count":41,"href":"http:\/\/icsas-project.eu\/pt-pt\/wp-json\/wp\/v2\/pages\/424\/revisions"}],"predecessor-version":[{"id":3975,"href":"http:\/\/icsas-project.eu\/pt-pt\/wp-json\/wp\/v2\/pages\/424\/revisions\/3975"}],"wp:attachment":[{"href":"http:\/\/icsas-project.eu\/pt-pt\/wp-json\/wp\/v2\/media?parent=424"}],"curies":[{"name":"wp","href":"https:\/\/api.w.org\/{rel}","templated":true}]}}