{"id":392,"date":"2018-02-19T09:34:22","date_gmt":"2018-02-19T09:34:22","guid":{"rendered":"http:\/\/icsas-project.eu\/?page_id=392"},"modified":"2020-10-16T13:21:35","modified_gmt":"2020-10-16T13:21:35","slug":"o-projeto","status":"publish","type":"page","link":"http:\/\/icsas-project.eu\/pt-pt\/","title":{"rendered":"O Projeto"},"content":{"rendered":"<p style=\"border-bottom: 2px solid #86B404; padding-bottom: 12px;\">\u201cAprender atrav\u00e9s da experi\u00eancia \u00e9 uma das regras fundamentais da aprendizagem sustent\u00e1vel.\u201d<\/p>\n<p>Os programas de educa\u00e7\u00e3o e forma\u00e7\u00e3o profissional dual (EFP) ou de aprendizagem como uma abordagem promissora para superar a crise econ\u00f3mica no sul da Europa e acelerar o progresso econ\u00f3mico de antigos estados socialistas do leste europeu, est\u00e3o h\u00e1 anos na agenda da Europa (cp. <a href=\"https:\/\/eur-lex.europa.eu\/legal-content\/EN\/TXT\/PDF\/?uri=CELEX:32018H0502(01)&amp;from=EN\" target=\"_blank\" rel=\"noopener noreferrer\">UE 2018<\/a> ) e pol\u00edticas nacionais.<\/p>\n<p>Consequentemente, uma variedade de abordagens e projetos foi iniciada para apoiar a Aprendizagem Baseada no Trabalho (WBL) em &#8220;todas as suas formas&#8221;. Para uma vis\u00e3o abrangente, veja, por exemplo, o <a href=\"https:\/\/www.wbl-toolkit.eu\/site\/home\" target=\"_blank\" rel=\"noopener noreferrer\">WBL-toolkit<\/a> (2018).<\/p>\n<p>Mas, ao examinar mais de perto essas abordagens, deve-se afirmar que muitas delas est\u00e3o bastante distantes dos esquemas \u201creais\u201d de aprendizagem; a maioria das medidas s\u00e3o est\u00e1gios, projetos de aprendizagem, simula\u00e7\u00f5es, etc. &#8211; e falta sustentabilidade ap\u00f3s o t\u00e9rmino do financiamento dos projetos.<\/p>\n<p>Para diferenciar a nossa abordagem da dos est\u00e1gios ou projetos de aprendizagem, referimo-nos \u00a0ao \u201cWBL orientado por curr\u00edculos\u201d. No nosso projeto atual ERASMUS+, \u201cIntegrar empresas num sistema de aprendizagem sustent\u00e1vel\u201d (ICSAS), estamos a trabalhar (al\u00e9m de outras) na quest\u00e3o, em que circunst\u00e2ncias uma a\u00e7\u00e3o piloto de 1 ano, em WBL, bem-sucedida, orientada por curr\u00edculos, pode ser integrada na regulamenta\u00e7\u00e3o formal da EFP (VET) em Portugal (PT) e na Rom\u00e9nia (RO).<\/p>\n<p>Outra abordagem ao n\u00edvel pol\u00edtico para aumentar a liga\u00e7\u00e3o entre o EFP e o mercado de trabalho t\u00eam sido os Referenciais de Qualifica\u00e7\u00e3o (QF) (cp. <a href=\"https:\/\/eur-lex.europa.eu\/LexUriServ\/LexUriServ.do?uri=OJ:C:2008:111:0001:0007:EN:PDF\" target=\"_blank\" rel=\"noopener noreferrer\">UE 2008<\/a> e <a href=\"https:\/\/op.europa.eu\/en\/publication-detail\/-\/publication\/ceead970-518f-11e7-a5ca-01aa75ed71a1\/language-en\" target=\"_blank\" rel=\"noopener noreferrer\">UE 2017<\/a>). Para obter transpar\u00eancia e comparabilidade de qualifica\u00e7\u00f5es, os Referenciais Nacionais de Qualifica\u00e7\u00e3o (NQF) foram estabelecidos nos pa\u00edses europeus e foram associados ao Referencial Europeu de Qualifica\u00e7\u00e3o (EQF). Nos \u00faltimos anos, j\u00e1 foram publicados muitos artigos, que argumentam que os Referenciais de Qualifica\u00e7\u00e3o gerais, podendo reivindicar relev\u00e2ncia nacional ou transnacional, s\u00e3o de alguma forma nada mais que &#8220;um caso paradigm\u00e1tico de reformas educacionais itinerantes&#8221; <a href=\"https:\/\/www.tandfonline.com\/doi\/full\/10.1080\/13639080.2019.1646413\" target=\"_blank\" rel=\"noopener noreferrer\">(Bohlinger 2019<\/a>).<\/p>\n<p>Por outro lado, foram publicadas algumas evid\u00eancias de que os Referenciais de Qualifica\u00e7\u00f5es Setoriais (SQF) poderiam ser um valor acrescentado para aumentar a transpar\u00eancia das qualifica\u00e7\u00f5es no setor respetivo (ver, por exemplo, <a href=\"https:\/\/www.europeactive-euaffairs.eu\/projects\/SIQAF\" target=\"_blank\" rel=\"noopener noreferrer\">SIQAF 2018<\/a>).<\/p>\n<p>Neste contexto, desenh\u00e1mos tr\u00eas conclus\u00f5es para o nosso projeto de pesquisa e desenvolvimento:<\/p>\n<ul>\n<li>Incluir \u201csustentabilidade\u201d n\u00e3o apenas como uma frase florida &#8211; mas como um elemento central na nossa abordagem.<\/li>\n<li>Tentar parar o \u201cviajar\u201d de QF, atrav\u00e9s de uma \u00e2ncora na forma de um Referencial de Qualifica\u00e7\u00e3o Setorial (SQF).<\/li>\n<li>E assim; consequentemente, focar num setor; somente: produ\u00e7\u00e3o industrial de cal\u00e7ado.<\/li>\n<\/ul>\n<p>O nosso projeto (para obter <a href=\"http:\/\/icsas-project.eu\/pt-pt\/resultados\/\" target=\"_blank\" rel=\"noopener noreferrer\">resultados<\/a>) trabalhou as seguintes quest\u00f5es:<\/p>\n<ul>\n<li>O que pode ser aprendido em processos de trabalho reais?<\/li>\n<li>O que deve ser aprendido em processos de trabalho reais?<\/li>\n<li>Quais s\u00e3o os fatores de apoio ou impedimento da inclus\u00e3o da WBL orientada por curr\u00edculos na governan\u00e7a dos sistemas nacionais de EFP?<\/li>\n<li>Existe algum valor acrescentado pelos Referenciais de Qualifica\u00e7\u00e3o Setorial (exemplarmente)?<\/li>\n<\/ul>\n<p>N\u00e3o encontramos barreiras \u201cobjetivas\u201d ou \u201cdif\u00edceis\u201d para o desenvolvimento de est\u00e1gios em pa\u00edses com EFP (VET) tradicionalmente baseado em escolas; mas uma s\u00e9rie de fatores &#8220;subjetivos&#8221; ou &#8220;fracos&#8221;, como o ceticismo sobre a qualidade dos resultados de aprendizagem (LO) do WBL orientado por curr\u00edculos, preocupa\u00e7\u00f5es com o facto dos aprendizes serem explorados como m\u00e3o-de-obra barata, incertezas sobre os pap\u00e9is dos envolvidos, etc. Apesar destes fatores, concebemos, implementamos e testamos com sucesso um WBL orientado por um curr\u00edculo, com dura\u00e7\u00e3o de um ano, em PT e RO.<\/p>\n<p>Al\u00e9m disso, desenvolvemos um SQF (n\u00edvel 2-4); um mapeamento das qualifica\u00e7\u00f5es da produ\u00e7\u00e3o industrial de cal\u00e7ado em PT, RO, ES e DE, com potencial de benef\u00edcio para os titulares de qualifica\u00e7\u00f5es do setor de produ\u00e7\u00e3o industrial de cal\u00e7ado. Por fim, trabalhamos num manual de transfer\u00eancia, esperando que a nossa abordagem seja transfer\u00edvel para outros setores.<\/p>\n<div id=\"attachment_311\" style=\"width: 1798px\" class=\"wp-caption alignnone\"><img loading=\"lazy\" decoding=\"async\" aria-describedby=\"caption-attachment-311\" class=\"wp-image-311 size-full\" src=\"http:\/\/icsas-project.eu\/wp-content\/uploads\/2017\/11\/Band.jpg\" alt=\"\" width=\"1788\" height=\"346\" srcset=\"http:\/\/icsas-project.eu\/wp-content\/uploads\/2017\/11\/Band.jpg 1788w, http:\/\/icsas-project.eu\/wp-content\/uploads\/2017\/11\/Band-300x58.jpg 300w, http:\/\/icsas-project.eu\/wp-content\/uploads\/2017\/11\/Band-768x149.jpg 768w, http:\/\/icsas-project.eu\/wp-content\/uploads\/2017\/11\/Band-1024x198.jpg 1024w, http:\/\/icsas-project.eu\/wp-content\/uploads\/2017\/11\/Band-624x121.jpg 624w\" sizes=\"auto, (max-width: 1788px) 100vw, 1788px\" \/><p id=\"caption-attachment-311\" class=\"wp-caption-text\"><span lang=\"pt\">Cortesia ISC e INESCOP, direitos de autor do ISC e INESCOP<\/span><\/p><\/div>\n","protected":false},"excerpt":{"rendered":"<p>\u201cAprender atrav\u00e9s da experi\u00eancia \u00e9 uma das regras fundamentais da aprendizagem sustent\u00e1vel.\u201d Os programas de educa\u00e7\u00e3o e forma\u00e7\u00e3o profissional dual (EFP) ou de aprendizagem como uma abordagem promissora para superar a crise econ\u00f3mica no sul da Europa e acelerar o progresso econ\u00f3mico de antigos estados socialistas do leste europeu, est\u00e3o h\u00e1 anos na agenda da Europa (cp. UE 2018 )&#8230; <a href=\"http:\/\/icsas-project.eu\/pt-pt\/\">Read more &raquo;<\/a><\/p>\n","protected":false},"author":1,"featured_media":0,"parent":0,"menu_order":0,"comment_status":"closed","ping_status":"closed","template":"","meta":{"footnotes":""},"class_list":["post-392","page","type-page","status-publish","hentry"],"_links":{"self":[{"href":"http:\/\/icsas-project.eu\/pt-pt\/wp-json\/wp\/v2\/pages\/392","targetHints":{"allow":["GET"]}}],"collection":[{"href":"http:\/\/icsas-project.eu\/pt-pt\/wp-json\/wp\/v2\/pages"}],"about":[{"href":"http:\/\/icsas-project.eu\/pt-pt\/wp-json\/wp\/v2\/types\/page"}],"author":[{"embeddable":true,"href":"http:\/\/icsas-project.eu\/pt-pt\/wp-json\/wp\/v2\/users\/1"}],"replies":[{"embeddable":true,"href":"http:\/\/icsas-project.eu\/pt-pt\/wp-json\/wp\/v2\/comments?post=392"}],"version-history":[{"count":5,"href":"http:\/\/icsas-project.eu\/pt-pt\/wp-json\/wp\/v2\/pages\/392\/revisions"}],"predecessor-version":[{"id":3919,"href":"http:\/\/icsas-project.eu\/pt-pt\/wp-json\/wp\/v2\/pages\/392\/revisions\/3919"}],"wp:attachment":[{"href":"http:\/\/icsas-project.eu\/pt-pt\/wp-json\/wp\/v2\/media?parent=392"}],"curies":[{"name":"wp","href":"https:\/\/api.w.org\/{rel}","templated":true}]}}