{"id":3172,"date":"2020-04-02T11:18:04","date_gmt":"2020-04-02T11:18:04","guid":{"rendered":"http:\/\/icsas-project.eu\/?page_id=3172"},"modified":"2020-04-02T11:18:05","modified_gmt":"2020-04-02T11:18:05","slug":"videos-de-experiencia","status":"publish","type":"page","link":"http:\/\/icsas-project.eu\/pt-pt\/videos-de-experiencia\/","title":{"rendered":"V\u00eddeos de experi\u00eancia"},"content":{"rendered":"\n<p class=\"has-normal-font-size\">Veja dois v\u00eddeos da Carit\u00e9 [Portugal].<br><a href=\"http:\/\/icsas-project.eu\/wp-content\/uploads\/2020\/03\/Video-2_Pilot_on_Core_Spheres_Carite_Pt.mp4\" target=\"_blank\" rel=\"noreferrer noopener\" aria-label=\"V\u00eddeo 1 (\u00f6ffnet in neuem Tab)\">V\u00eddeo 1<\/a>: Dupla forma\u00e7\u00e3o em produ\u00e7\u00e3o de cal\u00e7ado<br><a href=\"http:\/\/icsas-project.eu\/wp-content\/uploads\/2020\/03\/Video-3_Pilot_on_Peripherical_Spheres_Carite_Pt.mp4\" target=\"_blank\" rel=\"noreferrer noopener\" aria-label=\"V\u00eddeo 2 (\u00f6ffnet in neuem Tab)\">V\u00eddeo 2<\/a>: Percep\u00e7\u00e3o da organiza\u00e7\u00e3o e do processo de produ\u00e7\u00e3o de cal\u00e7ado<\/p>\n\n\n\n<p style=\"font-size:14px\">Ver um v\u00eddeo do Papucei [Rom\u00e9nia].<br><a href=\"http:\/\/icsas-project.eu\/wp-content\/uploads\/2020\/04\/ICSAS_Ro-experience-short.mp4\" target=\"_blank\" rel=\"noreferrer noopener\" aria-label=\"V\u00eddeo (\u00f6ffnet in neuem Tab)\">V\u00eddeo<\/a> (Teaser)<br><a href=\"http:\/\/icsas-project.eu\/wp-content\/uploads\/2020\/04\/ICSAS_Ro-experience-long.mp4\" target=\"_blank\" rel=\"noreferrer noopener\" aria-label=\"V\u00eddeo (\u00f6ffnet in neuem Tab)\">V\u00eddeo<\/a>: Os formandos d\u00e3o uma vis\u00e3o da produ\u00e7\u00e3o de cal\u00e7ado<br>(Com legendas em ingl\u00eas)<\/p>\n\n\n\n<p style=\"font-size:14px\">Ver um v\u00eddeo do Gabor [Alemanha].<br><a rel=\"noreferrer noopener\" aria-label=\" V\u00eddeo (\u00f6ffnet in neuem Tab)\" href=\"https:\/\/www.youtube.com\/watch?v=OkfqEnuuDMg\" target=\"_blank\">V\u00eddeo<\/a> sobre forma\u00e7\u00e3o dual<br>(Apenas em l\u00edngua alem\u00e3)<\/p>\n\n\n\n<p style=\"font-size:11px\">Estes v\u00eddeos reflete apenas as opini\u00f5es do autor, e a Comiss\u00e3o n\u00e3o pode ser responsabilizada por qualquer uso que possa ser feito da informa\u00e7\u00e3o contida.<\/p>\n\n\n\n<div class=\"wp-block-image\"><figure class=\"alignleft is-resized\"><a href=\"http:\/\/creativecommons.org\/licenses\/by-nc-sa\/4.0\/\"><img loading=\"lazy\" decoding=\"async\" src=\"https:\/\/i.creativecommons.org\/l\/by-nc-sa\/4.0\/88x31.png\" alt=\"Creative Commons License\" width=\"80\" height=\"28\"\/><\/a><\/figure><\/div>\n\n\n\n<p style=\"font-size:11px\">Este trabalho est\u00e1 licenciado com uma Licen\u00e7a <a href=\"http:\/\/creativecommons.org\/licenses\/by-nc-sa\/4.0\/\">Creative Commons &#8211; Atribui\u00e7\u00e3o-N\u00e3oComercial-CompartilhaIgual 4.0 Internacional<\/a>. <\/p>\n","protected":false},"excerpt":{"rendered":"<p>Veja dois v\u00eddeos da Carit\u00e9 [Portugal].V\u00eddeo 1: Dupla forma\u00e7\u00e3o em produ\u00e7\u00e3o de cal\u00e7adoV\u00eddeo 2: Percep\u00e7\u00e3o da organiza\u00e7\u00e3o e do processo de produ\u00e7\u00e3o de cal\u00e7ado Ver um v\u00eddeo do Papucei [Rom\u00e9nia].V\u00eddeo (Teaser)V\u00eddeo: Os formandos d\u00e3o uma vis\u00e3o da produ\u00e7\u00e3o de cal\u00e7ado(Com legendas em ingl\u00eas) Ver um v\u00eddeo do Gabor [Alemanha].V\u00eddeo sobre forma\u00e7\u00e3o dual(Apenas em l\u00edngua alem\u00e3) Estes v\u00eddeos reflete apenas as&#8230; <a href=\"http:\/\/icsas-project.eu\/pt-pt\/videos-de-experiencia\/\">Read more &raquo;<\/a><\/p>\n","protected":false},"author":1,"featured_media":0,"parent":0,"menu_order":0,"comment_status":"closed","ping_status":"closed","template":"","meta":{"footnotes":""},"class_list":["post-3172","page","type-page","status-publish","hentry"],"_links":{"self":[{"href":"http:\/\/icsas-project.eu\/pt-pt\/wp-json\/wp\/v2\/pages\/3172","targetHints":{"allow":["GET"]}}],"collection":[{"href":"http:\/\/icsas-project.eu\/pt-pt\/wp-json\/wp\/v2\/pages"}],"about":[{"href":"http:\/\/icsas-project.eu\/pt-pt\/wp-json\/wp\/v2\/types\/page"}],"author":[{"embeddable":true,"href":"http:\/\/icsas-project.eu\/pt-pt\/wp-json\/wp\/v2\/users\/1"}],"replies":[{"embeddable":true,"href":"http:\/\/icsas-project.eu\/pt-pt\/wp-json\/wp\/v2\/comments?post=3172"}],"version-history":[{"count":9,"href":"http:\/\/icsas-project.eu\/pt-pt\/wp-json\/wp\/v2\/pages\/3172\/revisions"}],"predecessor-version":[{"id":3196,"href":"http:\/\/icsas-project.eu\/pt-pt\/wp-json\/wp\/v2\/pages\/3172\/revisions\/3196"}],"wp:attachment":[{"href":"http:\/\/icsas-project.eu\/pt-pt\/wp-json\/wp\/v2\/media?parent=3172"}],"curies":[{"name":"wp","href":"https:\/\/api.w.org\/{rel}","templated":true}]}}