{"id":2113,"date":"2019-11-01T14:53:17","date_gmt":"2019-11-01T14:53:17","guid":{"rendered":"http:\/\/icsas-project.eu\/?page_id=2113"},"modified":"2020-02-20T16:26:49","modified_gmt":"2020-02-20T16:26:49","slug":"7-exercicios-de-formacao-para-aprendizagem-em-contexto-de-trabalho","status":"publish","type":"page","link":"http:\/\/icsas-project.eu\/pt-pt\/7-exercicios-de-formacao-para-aprendizagem-em-contexto-de-trabalho\/","title":{"rendered":"7 Exerc\u00edcios de forma\u00e7\u00e3o para  aprendizagem em contexto de trabalho"},"content":{"rendered":"\n<ul class=\"wp-block-list\"><li><a rel=\"noreferrer noopener\" aria-label=\" (\u00f6ffnet in neuem Tab)\" href=\"http:\/\/icsas-project.eu\/wp-content\/uploads\/2020\/02\/LTTA_Cutting_PT.pdf\" target=\"_blank\">Corte<\/a><\/li><li><a rel=\"noreferrer noopener\" href=\"http:\/\/icsas-project.eu\/wp-content\/uploads\/2020\/02\/LTTA_PreStitch_PT.pdf\" target=\"_blank\">Pr\u00e9-Costura<\/a><\/li><li><a rel=\"noreferrer noopener\" href=\"http:\/\/icsas-project.eu\/wp-content\/uploads\/2020\/02\/LTTA_Stitching_PT.pdf\" target=\"_blank\">Costura<\/a> <\/li><li><a rel=\"noreferrer noopener\" aria-label=\" (\u00f6ffnet in neuem Tab)\" href=\"http:\/\/icsas-project.eu\/wp-content\/uploads\/2020\/02\/LTTA_Prelasting_PT.pdf\" target=\"_blank\">Pr\u00e9-Montagem<\/a><\/li><li><a rel=\"noreferrer noopener\" href=\"http:\/\/icsas-project.eu\/wp-content\/uploads\/2020\/02\/LTTA_Lasting_PT.pdf\" target=\"_blank\">Montagem de Cal\u00e7ado<\/a> <\/li><li><a rel=\"noreferrer noopener\" aria-label=\" (\u00f6ffnet in neuem Tab)\" href=\"http:\/\/icsas-project.eu\/wp-content\/uploads\/2020\/02\/LTTA_ProdPlan_PT.pdf\" target=\"_blank\">Planeamento da Produ\u00e7\u00e3o <\/a><\/li><li><a rel=\"noreferrer noopener\" aria-label=\" (\u00f6ffnet in neuem Tab)\" href=\"http:\/\/icsas-project.eu\/wp-content\/uploads\/2020\/02\/LTTA_QualityAssur_PT.pdf\" target=\"_blank\">Garantia da Qualidade<\/a><\/li><\/ul>\n\n\n\n<p>Esses manuais tamb\u00e9m est\u00e3o dispon\u00edveis em outros idiomas: <a href=\"http:\/\/icsas-project.eu\/de\/7-uebungseinheiten-zur-unterstuetzung-der-ausbildung-im-prozess-der-arbeit\/\" target=\"_blank\" rel=\"noreferrer noopener\" aria-label=\" (\u00f6ffnet in neuem Tab)\">alem\u00e3o<\/a>, <a href=\"http:\/\/icsas-project.eu\/7-learning-teaching-exercises-for-work-based-learning\/\" target=\"_blank\" rel=\"noreferrer noopener\" aria-label=\" (\u00f6ffnet in neuem Tab)\">ingl\u00eas<\/a>, <a href=\"http:\/\/icsas-project.eu\/es\/7-unidades-con-actividades-de-ensenanza-aprendizaje-para-el-aprendizaje-en-el-lugar-de-trabajo\/\" target=\"_blank\" rel=\"noreferrer noopener\" aria-label=\" (\u00f6ffnet in neuem Tab)\">espanhol<\/a> e <a href=\"http:\/\/icsas-project.eu\/ro\/7-caiete-de-exercitii-pentru-invatarea-bazata-pe-activitate-practica\/\" target=\"_blank\" rel=\"noreferrer noopener\" aria-label=\" (\u00f6ffnet in neuem Tab)\">romeno<\/a><\/p>\n\n\n\n<p><a rel=\"license\" href=\"http:\/\/creativecommons.org\/licenses\/by-nc-sa\/4.0\/\"><img decoding=\"async\" alt=\"Licen\u00e7a Creative Commons\" style=\"border-width:0\" src=\"https:\/\/i.creativecommons.org\/l\/by-nc-sa\/4.0\/88x31.png\"><\/a><br>Este trabalho est\u00e1 licenciado com uma Licen\u00e7a <a rel=\"license\" href=\"http:\/\/creativecommons.org\/licenses\/by-nc-sa\/4.0\/\">Creative Commons &#8211; Atribui\u00e7\u00e3o-N\u00e3oComercial-CompartilhaIgual 4.0 Internacional<\/a>.<\/p>\n\n\n<p><br \/><!--StartFragment--><\/p>\n\n<p><!--EndFragment--><br>\n<br>\n<\/p>\n\n\n<p><\/p>\n","protected":false},"excerpt":{"rendered":"<p>Corte Pr\u00e9-Costura Costura Pr\u00e9-Montagem Montagem de Cal\u00e7ado Planeamento da Produ\u00e7\u00e3o Garantia da Qualidade Esses manuais tamb\u00e9m est\u00e3o dispon\u00edveis em outros idiomas: alem\u00e3o, ingl\u00eas, espanhol e romeno Este trabalho est\u00e1 licenciado com uma Licen\u00e7a Creative Commons &#8211; Atribui\u00e7\u00e3o-N\u00e3oComercial-CompartilhaIgual 4.0 Internacional.<\/p>\n","protected":false},"author":1,"featured_media":0,"parent":0,"menu_order":0,"comment_status":"closed","ping_status":"closed","template":"","meta":{"footnotes":""},"class_list":["post-2113","page","type-page","status-publish","hentry"],"_links":{"self":[{"href":"http:\/\/icsas-project.eu\/pt-pt\/wp-json\/wp\/v2\/pages\/2113","targetHints":{"allow":["GET"]}}],"collection":[{"href":"http:\/\/icsas-project.eu\/pt-pt\/wp-json\/wp\/v2\/pages"}],"about":[{"href":"http:\/\/icsas-project.eu\/pt-pt\/wp-json\/wp\/v2\/types\/page"}],"author":[{"embeddable":true,"href":"http:\/\/icsas-project.eu\/pt-pt\/wp-json\/wp\/v2\/users\/1"}],"replies":[{"embeddable":true,"href":"http:\/\/icsas-project.eu\/pt-pt\/wp-json\/wp\/v2\/comments?post=2113"}],"version-history":[{"count":7,"href":"http:\/\/icsas-project.eu\/pt-pt\/wp-json\/wp\/v2\/pages\/2113\/revisions"}],"predecessor-version":[{"id":2924,"href":"http:\/\/icsas-project.eu\/pt-pt\/wp-json\/wp\/v2\/pages\/2113\/revisions\/2924"}],"wp:attachment":[{"href":"http:\/\/icsas-project.eu\/pt-pt\/wp-json\/wp\/v2\/media?parent=2113"}],"curies":[{"name":"wp","href":"https:\/\/api.w.org\/{rel}","templated":true}]}}