{"id":1641,"date":"2019-04-12T18:14:07","date_gmt":"2019-04-12T18:14:07","guid":{"rendered":"http:\/\/icsas-project.eu\/?page_id=1641"},"modified":"2020-02-27T17:14:04","modified_gmt":"2020-02-27T17:14:04","slug":"11-manuais-para-tutores-de-apoio-a-formacao-em-contexto-de-trabalho-2","status":"publish","type":"page","link":"http:\/\/icsas-project.eu\/pt-pt\/11-manuais-para-tutores-de-apoio-a-formacao-em-contexto-de-trabalho-2\/","title":{"rendered":"11 manuais para tutores de apoio \u00e0 forma\u00e7\u00e3o em contexto de  trabalho"},"content":{"rendered":"\n<div class=\"wp-block-image\"><figure class=\"alignleft is-resized\"><img loading=\"lazy\" decoding=\"async\" src=\"http:\/\/icsas-project.eu\/wp-content\/uploads\/2019\/04\/IO3-Button-PT.jpg\" alt=\"Dieses Bild hat ein leeres Alt-Attribut. Der Dateiname ist IO3-Button-PT.jpg\" width=\"265\" height=\"258\"\/><\/figure><\/div>\n\n\n\n<ul class=\"wp-block-list\"><li><a rel=\"noreferrer noopener\" aria-label=\" (\u00f6ffnet in neuem Tab)\" href=\"http:\/\/icsas-project.eu\/wp-content\/uploads\/2020\/02\/Cutting_PT_final.pdf\" target=\"_blank\">Corte<\/a><\/li><li><a rel=\"noreferrer noopener\" href=\"http:\/\/icsas-project.eu\/wp-content\/uploads\/2020\/02\/Pre-Stitching_PT_final.pdf\" target=\"_blank\">Pr\u00e9-Costura <\/a><\/li><li><a rel=\"noreferrer noopener\" href=\"http:\/\/icsas-project.eu\/wp-content\/uploads\/2020\/02\/Stitching_PT_final.pdf\" target=\"_blank\">Costura<\/a><\/li><li><a rel=\"noreferrer noopener\" href=\"http:\/\/icsas-project.eu\/wp-content\/uploads\/2020\/02\/Pre-Lasting_PT_final.pdf\" target=\"_blank\">Pr\u00e9- Montagem <\/a><\/li><li><a rel=\"noreferrer noopener\" aria-label=\" (\u00f6ffnet in neuem Tab)\" href=\"http:\/\/icsas-project.eu\/wp-content\/uploads\/2020\/02\/Lasting_PT_final.pdf\" target=\"_blank\">Montagem de cal\u00e7ado<\/a><\/li><li><a href=\"http:\/\/icsas-project.eu\/wp-content\/uploads\/2020\/02\/Assembly_PT_final.pdf\" target=\"_blank\" rel=\"noreferrer noopener\" aria-label=\"Fixa\u00e7\u00e3o da Sola (\u00f6ffnet in neuem Tab)\">Fixa\u00e7\u00e3o da Sola<\/a><\/li><li><a rel=\"noreferrer noopener\" href=\"http:\/\/icsas-project.eu\/wp-content\/uploads\/2020\/02\/Finishing_PT_final.pdf\" target=\"_blank\">Acabamento<\/a><\/li><li><a rel=\"noreferrer noopener\" href=\"http:\/\/icsas-project.eu\/wp-content\/uploads\/2020\/02\/Design_PT_final.pdf\" target=\"_blank\">Design de Cal\u00e7ado<\/a><\/li><li><a rel=\"noreferrer noopener\" href=\"http:\/\/icsas-project.eu\/wp-content\/uploads\/2020\/02\/Tech-Develop_PT_final.pdf\" target=\"_blank\">Desenvolvimento T\u00e9cnico<\/a><\/li><li><a rel=\"noreferrer noopener\" aria-label=\" (\u00f6ffnet in neuem Tab)\" href=\"http:\/\/icsas-project.eu\/wp-content\/uploads\/2020\/02\/Prod-Plan_PT_final.pdf\" target=\"_blank\">Planeamento da Produ\u00e7\u00e3o<\/a><\/li><li><a rel=\"noreferrer noopener\" aria-label=\" (\u00f6ffnet in neuem Tab)\" href=\"http:\/\/icsas-project.eu\/wp-content\/uploads\/2020\/02\/Quali-Assure_PT_final.pdf\" target=\"_blank\">Garantia da Qualidade<\/a><\/li><\/ul>\n\n\n\n<div style=\"height:20px\" aria-hidden=\"true\" class=\"wp-block-spacer\"><\/div>\n\n\n\n<p>Esses manuais tamb\u00e9m est\u00e3o dispon\u00edveis em outros idiomas: <a rel=\"noreferrer noopener\" aria-label=\"alem\u00e3o (\u00f6ffnet in neuem Tab)\" href=\"http:\/\/icsas-project.eu\/de\/11-manuals-fuer-tutoren-zur-unterstuetzung-der-ausbildung-im-prozess-der-arbeit\/\" target=\"_blank\">alem\u00e3o<\/a>, <a rel=\"noreferrer noopener\" aria-label=\"ingl\u00eas (\u00f6ffnet in neuem Tab)\" href=\"http:\/\/icsas-project.eu\/11-manuals-for-tutors-to-support-work-based-learning\/\" target=\"_blank\">ingl\u00eas<\/a>, <a rel=\"noreferrer noopener\" aria-label=\"espanhol (\u00f6ffnet in neuem Tab)\" href=\"http:\/\/icsas-project.eu\/es\/11-manuales-de-apoyo-al-aprendizaje-en-el-lugar-de-trabajo-para-los-tutores\/\" target=\"_blank\">espanhol<\/a> e <a rel=\"noreferrer noopener\" aria-label=\"romeno (\u00f6ffnet in neuem Tab)\" href=\"http:\/\/icsas-project.eu\/ro\/11-manuals-for-tutors-to-support-work-based-learning\/\" target=\"_blank\">romeno<\/a><\/p>\n\n\n\n<p><a rel=\"license\" href=\"http:\/\/creativecommons.org\/licenses\/by-nc-sa\/4.0\/\"><img decoding=\"async\" alt=\"Licen\u00e7a Creative Commons\" style=\"border-width:0\" src=\"https:\/\/i.creativecommons.org\/l\/by-nc-sa\/4.0\/88x31.png\"><\/a><br>Este trabalho est\u00e1 licenciado com uma Licen\u00e7a <a rel=\"license\" href=\"http:\/\/creativecommons.org\/licenses\/by-nc-sa\/4.0\/\">Creative Commons &#8211; Atribui\u00e7\u00e3o-N\u00e3oComercial-CompartilhaIgual 4.0 Internacional<\/a>.<\/p>\n\n\n\n<p><\/p>\n","protected":false},"excerpt":{"rendered":"<p>Corte Pr\u00e9-Costura Costura Pr\u00e9- Montagem Montagem de cal\u00e7ado Fixa\u00e7\u00e3o da Sola Acabamento Design de Cal\u00e7ado Desenvolvimento T\u00e9cnico Planeamento da Produ\u00e7\u00e3o Garantia da Qualidade Esses manuais tamb\u00e9m est\u00e3o dispon\u00edveis em outros idiomas: alem\u00e3o, ingl\u00eas, espanhol e romeno Este trabalho est\u00e1 licenciado com uma Licen\u00e7a Creative Commons &#8211; Atribui\u00e7\u00e3o-N\u00e3oComercial-CompartilhaIgual 4.0 Internacional.<\/p>\n","protected":false},"author":1,"featured_media":0,"parent":0,"menu_order":0,"comment_status":"closed","ping_status":"closed","template":"","meta":{"footnotes":""},"class_list":["post-1641","page","type-page","status-publish","hentry"],"_links":{"self":[{"href":"http:\/\/icsas-project.eu\/pt-pt\/wp-json\/wp\/v2\/pages\/1641","targetHints":{"allow":["GET"]}}],"collection":[{"href":"http:\/\/icsas-project.eu\/pt-pt\/wp-json\/wp\/v2\/pages"}],"about":[{"href":"http:\/\/icsas-project.eu\/pt-pt\/wp-json\/wp\/v2\/types\/page"}],"author":[{"embeddable":true,"href":"http:\/\/icsas-project.eu\/pt-pt\/wp-json\/wp\/v2\/users\/1"}],"replies":[{"embeddable":true,"href":"http:\/\/icsas-project.eu\/pt-pt\/wp-json\/wp\/v2\/comments?post=1641"}],"version-history":[{"count":15,"href":"http:\/\/icsas-project.eu\/pt-pt\/wp-json\/wp\/v2\/pages\/1641\/revisions"}],"predecessor-version":[{"id":2927,"href":"http:\/\/icsas-project.eu\/pt-pt\/wp-json\/wp\/v2\/pages\/1641\/revisions\/2927"}],"wp:attachment":[{"href":"http:\/\/icsas-project.eu\/pt-pt\/wp-json\/wp\/v2\/media?parent=1641"}],"curies":[{"name":"wp","href":"https:\/\/api.w.org\/{rel}","templated":true}]}}