{"id":604,"date":"2018-02-19T18:20:13","date_gmt":"2018-02-19T18:20:13","guid":{"rendered":"http:\/\/icsas-project.eu\/?page_id=604"},"modified":"2018-02-19T18:20:13","modified_gmt":"2018-02-19T18:20:13","slug":"socios","status":"publish","type":"page","link":"http:\/\/icsas-project.eu\/es\/socios\/","title":{"rendered":"Socios"},"content":{"rendered":"<p><a href=\"http:\/\/www.uni-bremen.de\/\" target=\"_blank\" rel=\"noopener\"><img loading=\"lazy\" decoding=\"async\" class=\"alignnone wp-image-207\" src=\"http:\/\/icsas-project.eu\/wp-content\/uploads\/2017\/10\/Uni-Bremen_Logo.jpg\" alt=\"\" width=\"215\" height=\"39\" srcset=\"http:\/\/icsas-project.eu\/wp-content\/uploads\/2017\/10\/Uni-Bremen_Logo.jpg 756w, http:\/\/icsas-project.eu\/wp-content\/uploads\/2017\/10\/Uni-Bremen_Logo-300x54.jpg 300w, http:\/\/icsas-project.eu\/wp-content\/uploads\/2017\/10\/Uni-Bremen_Logo-624x113.jpg 624w\" sizes=\"auto, (max-width: 215px) 100vw, 215px\" \/><\/a><\/p>\n<p><a href=\"https:\/\/www.itb.uni-bremen.de\/ccm\/navigation\/index.de\" target=\"_blank\" rel=\"noopener\"><img loading=\"lazy\" decoding=\"async\" class=\"alignnone wp-image-205\" src=\"http:\/\/icsas-project.eu\/wp-content\/uploads\/2017\/10\/ITB_Logo.jpg\" alt=\"\" width=\"209\" height=\"46\" srcset=\"http:\/\/icsas-project.eu\/wp-content\/uploads\/2017\/10\/ITB_Logo.jpg 957w, http:\/\/icsas-project.eu\/wp-content\/uploads\/2017\/10\/ITB_Logo-300x66.jpg 300w, http:\/\/icsas-project.eu\/wp-content\/uploads\/2017\/10\/ITB_Logo-768x169.jpg 768w, http:\/\/icsas-project.eu\/wp-content\/uploads\/2017\/10\/ITB_Logo-624x138.jpg 624w\" sizes=\"auto, (max-width: 209px) 100vw, 209px\" \/><\/a><br \/>\nInstitute Technology and Education (ITB), DE<br \/>\nUniversit\u00e4t Bremen<br \/>\nAm Fallturm 1<br \/>\n28359 Bremen<br \/>\n<a href=\"http:\/\/www.itb.uni-bremen.de\/\" target=\"_blank\" rel=\"noopener\">www.itb.uni-bremen.de\/<\/a><\/p>\n<p>&nbsp;<\/p>\n<p><a href=\"http:\/\/www.isc-germany.com\/start.html\" target=\"_blank\" rel=\"noopener\"><img loading=\"lazy\" decoding=\"async\" class=\"alignnone wp-image-204\" src=\"http:\/\/icsas-project.eu\/wp-content\/uploads\/2017\/10\/ISC-Germany_Logo.jpg\" alt=\"\" width=\"209\" height=\"76\" srcset=\"http:\/\/icsas-project.eu\/wp-content\/uploads\/2017\/10\/ISC-Germany_Logo.jpg 1000w, http:\/\/icsas-project.eu\/wp-content\/uploads\/2017\/10\/ISC-Germany_Logo-300x109.jpg 300w, http:\/\/icsas-project.eu\/wp-content\/uploads\/2017\/10\/ISC-Germany_Logo-768x280.jpg 768w, http:\/\/icsas-project.eu\/wp-content\/uploads\/2017\/10\/ISC-Germany_Logo-624x227.jpg 624w\" sizes=\"auto, (max-width: 209px) 100vw, 209px\" \/><\/a><br \/>\nInternational Shoe Competence Center Pirmasens gGmbH, DE<br \/>\nISC German<br \/>\nMarie-Curie-Stra\u00dfe 20<br \/>\n66953 Pirmasens \/ Germany<br \/>\n<a href=\"http:\/\/www.isc-germany.com\/start.html\" target=\"_blank\" rel=\"noopener\">www.isc-germany.com<\/a><\/p>\n<p>&nbsp;<\/p>\n<p><a href=\"https:\/\/www.gabor.de\/de\/gabor-shoes\/ueber-uns.html\" target=\"_blank\" rel=\"noopener\"><img loading=\"lazy\" decoding=\"async\" class=\"alignnone wp-image-202\" src=\"http:\/\/icsas-project.eu\/wp-content\/uploads\/2017\/10\/Gabor_Logo.jpg\" alt=\"\" width=\"209\" height=\"61\" srcset=\"http:\/\/icsas-project.eu\/wp-content\/uploads\/2017\/10\/Gabor_Logo.jpg 510w, http:\/\/icsas-project.eu\/wp-content\/uploads\/2017\/10\/Gabor_Logo-300x87.jpg 300w\" sizes=\"auto, (max-width: 209px) 100vw, 209px\" \/><\/a><br \/>\nGabor Shoes AG, DE<br \/>\nMarienberger Stra\u00dfe 31<br \/>\nD-83024 Rosenheim<br \/>\n<a href=\"https:\/\/www.gabor.de\/de\/\" target=\"_blank\" rel=\"noopener\">www.gabor.de<\/a><\/p>\n<p>&nbsp;<\/p>\n<p><a href=\"http:\/\/www.ctcp.pt\/\" target=\"_blank\" rel=\"noopener\"><img loading=\"lazy\" decoding=\"async\" class=\"alignnone wp-image-199\" src=\"http:\/\/icsas-project.eu\/wp-content\/uploads\/2017\/10\/ctcp_Logo.jpg\" alt=\"\" width=\"209\" height=\"59\" srcset=\"http:\/\/icsas-project.eu\/wp-content\/uploads\/2017\/10\/ctcp_Logo.jpg 1093w, http:\/\/icsas-project.eu\/wp-content\/uploads\/2017\/10\/ctcp_Logo-300x85.jpg 300w, http:\/\/icsas-project.eu\/wp-content\/uploads\/2017\/10\/ctcp_Logo-768x218.jpg 768w, http:\/\/icsas-project.eu\/wp-content\/uploads\/2017\/10\/ctcp_Logo-1024x290.jpg 1024w, http:\/\/icsas-project.eu\/wp-content\/uploads\/2017\/10\/ctcp_Logo-624x177.jpg 624w\" sizes=\"auto, (max-width: 209px) 100vw, 209px\" \/><\/a><br \/>\nCentro Tecnol\u00f3gico do Cal\u00e7ado de Portugal (CTCP), PT<br \/>\nRua de Fund\u00f5es &#8211; Devesa Velha<br \/>\n3700-121 S. Jo\u00e3o da Madeira<br \/>\n<a class=\"linknormal\" href=\"http:\/\/www.ctcp.pt\/\" target=\"_blank\" rel=\"noopener\">www.ctcp.pt<\/a><\/p>\n<p>&nbsp;<\/p>\n<p><a href=\"http:\/\/www.carite.pt\/pt\/\" target=\"_blank\" rel=\"noopener\"><img loading=\"lazy\" decoding=\"async\" class=\"alignnone wp-image-197\" src=\"http:\/\/icsas-project.eu\/wp-content\/uploads\/2017\/10\/Carite_Logo.jpg\" alt=\"\" width=\"160\" height=\"105\" \/><\/a><br \/>\nCarit\u00e9 Cal\u00e7ados Lda, PT<br \/>\nRua Nicolau Coelho n\u00ba2729<br \/>\nSendim<br \/>\n4610-909 Felgueiras<br \/>\nPortugal<br \/>\n<a href=\"http:\/\/www.carite.pt\/pt\/\" target=\"_blank\" rel=\"noopener\">www.carite.pt<\/a><\/p>\n<p>&nbsp;<\/p>\n<p><a href=\"http:\/\/www.cfpic.pt\/index.php\" target=\"_blank\" rel=\"noopener\"><img loading=\"lazy\" decoding=\"async\" class=\"alignnone wp-image-198\" src=\"http:\/\/icsas-project.eu\/wp-content\/uploads\/2017\/10\/CFPIC_Logo.jpg\" alt=\"\" width=\"209\" height=\"68\" srcset=\"http:\/\/icsas-project.eu\/wp-content\/uploads\/2017\/10\/CFPIC_Logo.jpg 1105w, http:\/\/icsas-project.eu\/wp-content\/uploads\/2017\/10\/CFPIC_Logo-300x98.jpg 300w, http:\/\/icsas-project.eu\/wp-content\/uploads\/2017\/10\/CFPIC_Logo-768x251.jpg 768w, http:\/\/icsas-project.eu\/wp-content\/uploads\/2017\/10\/CFPIC_Logo-1024x335.jpg 1024w, http:\/\/icsas-project.eu\/wp-content\/uploads\/2017\/10\/CFPIC_Logo-624x204.jpg 624w\" sizes=\"auto, (max-width: 209px) 100vw, 209px\" \/><\/a><br \/>\nCentro de Forma\u00e7\u00e3o Profissional da Ind\u00fastria de Cal\u00e7ado (CFPIC), PT<br \/>\nRuai Visconde, 990<br \/>\n3700-990 S\u00e3o Jo\u00e3o da Madeira<br \/>\nPortugal<br \/>\n<a href=\"http:\/\/www.cfpic.pt\/\" target=\"_blank\" rel=\"noopener\">www.cfpic.pt\/<\/a><\/p>\n<p>&nbsp;<\/p>\n<p><a href=\"http:\/\/www.inescop.es\/en\/\" target=\"_blank\" rel=\"noopener\"><img loading=\"lazy\" decoding=\"async\" class=\"alignnone wp-image-299\" src=\"http:\/\/icsas-project.eu\/wp-content\/uploads\/2017\/11\/INESCOP_Logo.jpg\" alt=\"\" width=\"209\" height=\"70\" srcset=\"http:\/\/icsas-project.eu\/wp-content\/uploads\/2017\/11\/INESCOP_Logo.jpg 3544w, http:\/\/icsas-project.eu\/wp-content\/uploads\/2017\/11\/INESCOP_Logo-300x100.jpg 300w, http:\/\/icsas-project.eu\/wp-content\/uploads\/2017\/11\/INESCOP_Logo-768x257.jpg 768w, http:\/\/icsas-project.eu\/wp-content\/uploads\/2017\/11\/INESCOP_Logo-1024x343.jpg 1024w, http:\/\/icsas-project.eu\/wp-content\/uploads\/2017\/11\/INESCOP_Logo-624x209.jpg 624w\" sizes=\"auto, (max-width: 209px) 100vw, 209px\" \/><\/a><br \/>\nInstituto Tecnol\u00f3gico del Calzado y Conexas (INESCOP), ES<br \/>\nPol\u00edgono Industrial Campo Alto \u2013 C\/ Alemania 102<br \/>\n03600 Elda (Alicante)<br \/>\nSpain<br \/>\n<a href=\"http:\/\/www.inescop.es\/en\/\" target=\"_blank\" rel=\"noopener\">www.inescop.es\/<\/a><\/p>\n<p>&nbsp;<\/p>\n<p><a href=\"http:\/\/www.tuiasi.ro\/\" target=\"_blank\" rel=\"noopener\"><img loading=\"lazy\" decoding=\"async\" class=\"alignnone wp-image-196\" src=\"http:\/\/icsas-project.eu\/wp-content\/uploads\/2017\/10\/uti_Logo-1.jpg\" alt=\"\" width=\"100\" height=\"135\" srcset=\"http:\/\/icsas-project.eu\/wp-content\/uploads\/2017\/10\/uti_Logo-1.jpg 500w, http:\/\/icsas-project.eu\/wp-content\/uploads\/2017\/10\/uti_Logo-1-222x300.jpg 222w\" sizes=\"auto, (max-width: 100px) 100vw, 100px\" \/><\/a><br \/>\nUniversitatea Tehnic\u0103 Gheorghe Asachi din Ia\u015fi, RO<br \/>\nBulevardul Profesor Dimitrie Mangeron 67<br \/>\nIa\u0219i 700050<br \/>\nRomania<br \/>\n<a href=\"http:\/\/www.tuiasi.ro\/\" target=\"_blank\" rel=\"noopener\">www.tuiasi.ro\/<\/a><\/p>\n<p>&nbsp;<\/p>\n<p><a href=\"http:\/\/www.papucei.eu\/\" target=\"_blank\" rel=\"noopener\"><img loading=\"lazy\" decoding=\"async\" class=\"alignnone wp-image-206\" src=\"http:\/\/icsas-project.eu\/wp-content\/uploads\/2017\/10\/Papucei_Logo.jpg\" alt=\"\" width=\"100\" height=\"101\" srcset=\"http:\/\/icsas-project.eu\/wp-content\/uploads\/2017\/10\/Papucei_Logo.jpg 957w, http:\/\/icsas-project.eu\/wp-content\/uploads\/2017\/10\/Papucei_Logo-150x150.jpg 150w, http:\/\/icsas-project.eu\/wp-content\/uploads\/2017\/10\/Papucei_Logo-296x300.jpg 296w, http:\/\/icsas-project.eu\/wp-content\/uploads\/2017\/10\/Papucei_Logo-768x778.jpg 768w, http:\/\/icsas-project.eu\/wp-content\/uploads\/2017\/10\/Papucei_Logo-624x632.jpg 624w, http:\/\/icsas-project.eu\/wp-content\/uploads\/2017\/10\/Papucei_Logo-176x176.jpg 176w, http:\/\/icsas-project.eu\/wp-content\/uploads\/2017\/10\/Papucei_Logo-60x60.jpg 60w\" sizes=\"auto, (max-width: 100px) 100vw, 100px\" \/><\/a><br \/>\nPapucei, Angela International, RO<br \/>\nSc Angela International Srl<br \/>\nCalea Chisinaului, nr. 2 bis<br \/>\n700264 Iasi<br \/>\nRomania<br \/>\n<a href=\"http:\/\/www.papucei.eu\/\" target=\"_blank\" rel=\"noopener\">www.papucei.eu\/<\/a><\/p>\n","protected":false},"excerpt":{"rendered":"<p>Institute Technology and Education (ITB), DE Universit\u00e4t Bremen Am Fallturm 1 28359 Bremen www.itb.uni-bremen.de\/ &nbsp; International Shoe Competence Center Pirmasens gGmbH, DE ISC German Marie-Curie-Stra\u00dfe 20 66953 Pirmasens \/ Germany www.isc-germany.com &nbsp; Gabor Shoes AG, DE Marienberger Stra\u00dfe 31 D-83024 Rosenheim www.gabor.de &nbsp; Centro Tecnol\u00f3gico do Cal\u00e7ado de Portugal (CTCP), PT Rua de Fund\u00f5es &#8211; Devesa Velha 3700-121 S. Jo\u00e3o&#8230; <a href=\"http:\/\/icsas-project.eu\/es\/socios\/\">Leer m\u00e1s &raquo;<\/a><\/p>\n","protected":false},"author":1,"featured_media":0,"parent":0,"menu_order":0,"comment_status":"closed","ping_status":"closed","template":"","meta":{"footnotes":""},"class_list":["post-604","page","type-page","status-publish","hentry"],"_links":{"self":[{"href":"http:\/\/icsas-project.eu\/es\/wp-json\/wp\/v2\/pages\/604","targetHints":{"allow":["GET"]}}],"collection":[{"href":"http:\/\/icsas-project.eu\/es\/wp-json\/wp\/v2\/pages"}],"about":[{"href":"http:\/\/icsas-project.eu\/es\/wp-json\/wp\/v2\/types\/page"}],"author":[{"embeddable":true,"href":"http:\/\/icsas-project.eu\/es\/wp-json\/wp\/v2\/users\/1"}],"replies":[{"embeddable":true,"href":"http:\/\/icsas-project.eu\/es\/wp-json\/wp\/v2\/comments?post=604"}],"version-history":[{"count":1,"href":"http:\/\/icsas-project.eu\/es\/wp-json\/wp\/v2\/pages\/604\/revisions"}],"predecessor-version":[{"id":606,"href":"http:\/\/icsas-project.eu\/es\/wp-json\/wp\/v2\/pages\/604\/revisions\/606"}],"wp:attachment":[{"href":"http:\/\/icsas-project.eu\/es\/wp-json\/wp\/v2\/media?parent=604"}],"curies":[{"name":"wp","href":"https:\/\/api.w.org\/{rel}","templated":true}]}}