{"id":430,"date":"2018-02-19T18:20:17","date_gmt":"2018-02-19T18:20:17","guid":{"rendered":"http:\/\/icsas-project.eu\/?page_id=430"},"modified":"2020-10-30T11:49:57","modified_gmt":"2020-10-30T11:49:57","slug":"resultados","status":"publish","type":"page","link":"http:\/\/icsas-project.eu\/es\/resultados\/","title":{"rendered":"Resultados"},"content":{"rendered":"<ul>\n<li>An\u00e1lisis de las posibilidades de aprendizaje en cada secci\u00f3n del proceso productivo dentro de las instalaciones de las empresas participantes. <a href=\"http:\/\/icsas-project.eu\/wp-content\/uploads\/2018\/05\/O1_LSA_ES-version.pdf\" target=\"_blank\" rel=\"noopener noreferrer\">An\u00e1lisis de la estaci\u00f3n de aprendizaje<\/a>\u00a0<span style=\"color: #808080;\">[IO 1]<\/span><\/li>\n<li>Informe comparativo (<a href=\"http:\/\/icsas-project.eu\/wp-content\/uploads\/2019\/06\/IO1_comp_design_ES.pdf\" target=\"_blank\" rel=\"noopener noreferrer\">an\u00e1lisis de la estaci\u00f3n de aprendizaje<\/a>) <span style=\"color: #808080;\">[IO 1]<\/span><\/li>\n<li>Planes de estudio confirmados para el aprendizaje en el lugar de trabajo en <a href=\"http:\/\/icsas-project.eu\/wp-content\/uploads\/2020\/10\/IO2_Curriculum_RO_ES.pdf\" target=\"_blank\" rel=\"noopener noreferrer\">Ruman\u00eda<\/a> <span style=\"color: #808080;\">[IO 2]<\/span><\/li>\n<li>Buenas pr\u00e1cticas aparentes: Ejemplo de un Acuerdo de cooperaci\u00f3n en Ruman\u00eda (<a href=\"http:\/\/icsas-project.eu\/wp-content\/uploads\/2019\/03\/MoU_EN.pdf\">versi\u00f3n en ingl\u00e9s<\/a>) <span style=\"color: #808080;\">[IO 2]<\/span><\/li>\n<li>11 <a href=\"http:\/\/icsas-project.eu\/es\/11-manuales-de-apoyo-al-aprendizaje-en-el-lugar-de-trabajo-para-los-tutores\/\" target=\"_blank\" rel=\"noopener noreferrer\">manuales<\/a> de apoyo al aprendizaje en el lugar de trabajo para los tutores <span style=\"color: #808080;\">[IO 3]<\/span><\/li>\n<li><a href=\"http:\/\/icsas-project.eu\/wp-content\/uploads\/2019\/03\/Dida_ES.pdf\">Opciones de dise\u00f1o did\u00e1ctico<\/a> para utilizar los potenciales de aprendizaje del aprendiaje en el lugar de trabajo <span style=\"color: #808080;\">[IO 3]<\/span><\/li>\n<li>7 <a href=\"http:\/\/icsas-project.eu\/es\/7-unidades-con-actividades-de-ensenanza-aprendizaje-para-el-aprendizaje-en-el-lugar-de-trabajo\/\" target=\"_blank\" rel=\"noopener noreferrer\">unidades con actividades<\/a> de ense\u00f1anza-aprendizaje para el aprendizaje en el lugar de trabajo <span style=\"color: #808080;\">[IO 3]<\/span><\/li>\n<li><a href=\"http:\/\/icsas-project.eu\/wp-content\/uploads\/2020\/04\/IO_4_ES.pdf\" target=\"_blank\" rel=\"noopener noreferrer\">Documentaci\u00f3n de los resultado<\/a>s del aprendizaje procedentes del aprendizaje en el trabajo <span style=\"color: #808080;\">[IO 4]<\/span><\/li>\n<li>11 <a href=\"http:\/\/icsas-project.eu\/wp-content\/uploads\/2020\/10\/IO4_matrices_ES_01.pdf\" target=\"_blank\" rel=\"noopener noreferrer\">tablas<\/a> para recopilar los resultados del aprendizaje de la formaci\u00f3n en el trabajo <span style=\"color: #808080;\">[IO 4]<\/span><\/li>\n<li>Buenas pr\u00e1cticas aparentes: <a href=\"http:\/\/icsas-project.eu\/wp-content\/uploads\/2020\/08\/IO_05_WorkBasedLearning_DE_ES.pdf\" target=\"_blank\" rel=\"noopener noreferrer\">Experiencias y an\u00e1lisis DAFO<\/a> del piloto de aprendizaje en el trabajo en Alemania <span style=\"color: #808080;\">[IO 5]<\/span><\/li>\n<li>Buenas pr\u00e1cticas aparentes: <a href=\"http:\/\/icsas-project.eu\/wp-content\/uploads\/2020\/08\/IO_05_WorkBasedLearning_PT_ES.pdf\" target=\"_blank\" rel=\"noopener noreferrer\">Experiencias y an\u00e1lisis DAFO<\/a> del piloto de aprendizaje en el trabajo en Portugal <span style=\"color: #808080;\">[IO 5]<\/span><\/li>\n<li>Buenas pr\u00e1cticas aparentes: <a href=\"http:\/\/icsas-project.eu\/wp-content\/uploads\/2020\/08\/IO_05_WorkBasedLearning_RO_ES.pdf\" target=\"_blank\" rel=\"noopener noreferrer\">Experiencias y an\u00e1lisis DAFO<\/a> del piloto de aprendizaje en el trabajo en Ruman\u00eda <span style=\"color: #808080;\">[IO 5]<\/span><\/li>\n<li><a href=\"http:\/\/icsas-project.eu\/es\/videos-de-experiencias\/\" target=\"_blank\" rel=\"noopener noreferrer\">V\u00eddeos de experiencias<\/a> del piloto en Alemania, Ruman\u00eda y Portugal <span style=\"color: #808080;\">[IO 5]<\/span><\/li>\n<li>Descripci\u00f3n de las <a href=\"http:\/\/icsas-project.eu\/wp-content\/uploads\/2020\/03\/IO_06_ES.pdf\" target=\"_blank\" rel=\"noopener noreferrer\">9 esferas de actividad<\/a> correspondientes a la profesi\u00f3n de fabricante de calzado <span style=\"color: #808080;\">[IO 6]<\/span><\/li>\n<li>Informes nacionales sobre los marcos de cualificaciones de <a href=\"http:\/\/icsas-project.eu\/wp-content\/uploads\/2020\/04\/IO6_A_DE_EN_N.pdf\" target=\"_blank\" rel=\"noopener noreferrer\">Alemania<\/a>, <a href=\"http:\/\/icsas-project.eu\/wp-content\/uploads\/2020\/04\/IO6_A_RO_EN.pdf\" target=\"_blank\" rel=\"noopener noreferrer\">Ruman\u00eda<\/a>, <a href=\"http:\/\/icsas-project.eu\/wp-content\/uploads\/2020\/04\/IO6_A_PT_EN.pdf\" target=\"_blank\" rel=\"noopener noreferrer\">Portugal<\/a> y <a href=\"http:\/\/icsas-project.eu\/wp-content\/uploads\/2020\/04\/IO_06_A_ES_EN.pdf\" target=\"_blank\" rel=\"noopener noreferrer\">Espa\u00f1a<\/a> (versi\u00f3n EN) <span style=\"color: #808080;\">[IO6]<\/span><\/li>\n<li>Marco de Cualificaciones Sectorial (nivel 2-4) para la producci\u00f3n industrial de calzado. (<a href=\"http:\/\/icsas-project.eu\/wp-content\/uploads\/2020\/07\/06_SQF-Table_ES.pdf\" target=\"_blank\" rel=\"noopener noreferrer\">Esquema<\/a>) <span style=\"color: #808080;\">[IO6]<\/span><\/li>\n<li>Marco de Cualificaciones Sectorial (nivel 2-4) para la producci\u00f3n industrial de calzado. (<a href=\"http:\/\/icsas-project.eu\/wp-content\/uploads\/2020\/07\/IO6_ComparativeReport_ES.pdf\" target=\"_blank\" rel=\"noopener noreferrer\">Informe comparativo<\/a>) <span style=\"color: #808080;\">[IO6]<\/span><\/li>\n<li><a href=\"http:\/\/icsas-project.eu\/wp-content\/uploads\/2020\/10\/MoU_ES.pdf\" target=\"_blank\" rel=\"noopener noreferrer\">Memorando<\/a> de acuerdo <span style=\"color: #808080;\">[IO 7]<\/span><\/li>\n<li><a href=\"http:\/\/icsas-project.eu\/wp-content\/uploads\/2020\/10\/PositionPaper_ES.pdf\" target=\"_blank\" rel=\"noopener noreferrer\">Informe de posici\u00f3n<\/a> <span style=\"color: #808080;\">[IO 7]<\/span><\/li>\n<li><a href=\"http:\/\/icsas-project.eu\/wp-content\/uploads\/2020\/10\/E-Book-ICSAS_ES.pdf\" target=\"_blank\" rel=\"noopener noreferrer\">Manual de transferencia<\/a> de resultados para garantizar la sostenibilidad y facilitar el desarrollo de proyectos similares en otros sectores o regiones. <span style=\"color: #808080;\">[IO 7]<\/span><\/li>\n<\/ul>\n<p><a href=\"http:\/\/icsas-project.eu\/wp-content\/uploads\/2018\/03\/Leaflet-Icsas.pdf\" target=\"_blank\" rel=\"noopener noreferrer\">Leaflet_English<\/a><\/p>\n<p><a href=\"http:\/\/icsas-project.eu\/wp-content\/uploads\/2019\/03\/ISCAS_leaflet_aura.pdf\">Leaflet<\/a><\/p>\n","protected":false},"excerpt":{"rendered":"<p>An\u00e1lisis de las posibilidades de aprendizaje en cada secci\u00f3n del proceso productivo dentro de las instalaciones de las empresas participantes. An\u00e1lisis de la estaci\u00f3n de aprendizaje\u00a0[IO 1] Informe comparativo (an\u00e1lisis de la estaci\u00f3n de aprendizaje) [IO 1] Planes de estudio confirmados para el aprendizaje en el lugar de trabajo en Ruman\u00eda [IO 2] Buenas pr\u00e1cticas aparentes: Ejemplo de un Acuerdo&#8230; <a href=\"http:\/\/icsas-project.eu\/es\/resultados\/\">Leer m\u00e1s &raquo;<\/a><\/p>\n","protected":false},"author":1,"featured_media":0,"parent":0,"menu_order":0,"comment_status":"closed","ping_status":"closed","template":"","meta":{"footnotes":""},"class_list":["post-430","page","type-page","status-publish","hentry"],"_links":{"self":[{"href":"http:\/\/icsas-project.eu\/es\/wp-json\/wp\/v2\/pages\/430","targetHints":{"allow":["GET"]}}],"collection":[{"href":"http:\/\/icsas-project.eu\/es\/wp-json\/wp\/v2\/pages"}],"about":[{"href":"http:\/\/icsas-project.eu\/es\/wp-json\/wp\/v2\/types\/page"}],"author":[{"embeddable":true,"href":"http:\/\/icsas-project.eu\/es\/wp-json\/wp\/v2\/users\/1"}],"replies":[{"embeddable":true,"href":"http:\/\/icsas-project.eu\/es\/wp-json\/wp\/v2\/comments?post=430"}],"version-history":[{"count":46,"href":"http:\/\/icsas-project.eu\/es\/wp-json\/wp\/v2\/pages\/430\/revisions"}],"predecessor-version":[{"id":3991,"href":"http:\/\/icsas-project.eu\/es\/wp-json\/wp\/v2\/pages\/430\/revisions\/3991"}],"wp:attachment":[{"href":"http:\/\/icsas-project.eu\/es\/wp-json\/wp\/v2\/media?parent=430"}],"curies":[{"name":"wp","href":"https:\/\/api.w.org\/{rel}","templated":true}]}}