{"id":401,"date":"2018-02-19T09:37:10","date_gmt":"2018-02-19T09:37:10","guid":{"rendered":"http:\/\/icsas-project.eu\/?page_id=401"},"modified":"2020-10-16T13:23:11","modified_gmt":"2020-10-16T13:23:11","slug":"el-proyecto","status":"publish","type":"page","link":"http:\/\/icsas-project.eu\/es\/","title":{"rendered":"El proyecto"},"content":{"rendered":"<p style=\"border-bottom: 2px solid #86B404; padding-bottom: 12px;\">\u201cAprender mediante la experiencia es una de las reglas fundamentales del aprendizaje sostenible.\u201d<\/p>\n<p>La educaci\u00f3n y formaci\u00f3n profesional dual o los programas de aprendizaje acogidas como propuestas prometedoras para superar la crisis econ\u00f3mica en el sur de Europa y acelerar la econom\u00eda de los antiguos estados socialistas en el este de Europa son una prioridad desde hace a\u00f1os en Europa y (cp. <a href=\"https:\/\/eur-lex.europa.eu\/legal-content\/EN\/TXT\/PDF\/?uri=CELEX:32018H0502(01)&amp;from=EN\" target=\"_blank\" rel=\"noopener noreferrer\">EU 2018<\/a>) y en las pol\u00edticas nacionales. En consecuencia, se han comenzado una variedad de proyectos para apoyar el aprendizaje en el trabajo en \u201ctodas sus formas\u201d; para una descripci\u00f3n completa, v\u00e9ase por ejemplo <a href=\"https:\/\/www.wbl-toolkit.eu\/site\/home\" target=\"_blank\" rel=\"noopener noreferrer\">WBL-toolkit<\/a> (2018). Sin embargo, si profundizamos en estos proyectos, cabe destacar que muchos de ellos est\u00e1n bastante lejos de los programas de aprendizaje \u201creales\u201d. La mayor\u00eda de las medidas adoptadas son pr\u00e1cticas, proyectos de aprendizaje, simulaciones, etc., lo cual deriva en una falta de sostenibilidad despu\u00e9s del final de la financiaci\u00f3n de los proyectos. Para discernir nuestra propuesta de pr\u00e1cticas o de proyectos de aprendizaje, nos hemos centrado en el \u201caprendizaje en el trabajo basado en un programa de aprendizaje\u201d. En nuestro proyecto ERASMUS+ \u201cIntegrando Empresas en un Sistema de Aprendizaje Sostenible\u201d (ICSAS) estamos trabajando (junto a otros) en la siguiente cuesti\u00f3n: \u00bfbajo qu\u00e9 circunstancias un exitoso piloto de aprendizaje en el trabajo de 1 a\u00f1o puede integrarse en la normativa de formaci\u00f3n profesional de Portugal y Rumania?<\/p>\n<p>Otra propuesta a nivel de pol\u00edticas para aumentar el v\u00ednculo entre la FP y los mercados laborales han sido los Marcos de Cualificaciones (cp. <a href=\"https:\/\/eur-lex.europa.eu\/LexUriServ\/LexUriServ.do?uri=OJ:C:2008:111:0001:0007:EN:PDF\" target=\"_blank\" rel=\"noopener noreferrer\">EU 2008<\/a> y <a href=\"https:\/\/op.europa.eu\/en\/publication-detail\/-\/publication\/ceead970-518f-11e7-a5ca-01aa75ed71a1\/language-en\" target=\"_blank\" rel=\"noopener noreferrer\">EU 2017<\/a>). Para lograr transparencia y comparabilidad entre las cualificaciones, se establecieron marcos nacionales de cualificaci\u00f3n en los pa\u00edses europeos y se han conectado al Marco Europeo de Cualificaciones (MEC). En los \u00faltimos a\u00f1os, se han publicado muchos art\u00edculos, argumentando que los marcos generales de cualificaciones no son m\u00e1s que \u201cun caso paradigm\u00e1tico de reformas educativas itinerantes\u201d (<a href=\"https:\/\/www.tandfonline.com\/doi\/full\/10.1080\/13639080.2019.1646413\" target=\"_blank\" rel=\"noopener noreferrer\">Bohlinger 2019<\/a>). Por otro lado, se ha publicado alguna prueba de que los marcos de calificaciones sectoriales podr\u00edan ser de valor agregado para mejorar la transparencia de las cualificaciones en el sector respectivo (cp. por ejemplo <a href=\"https:\/\/www.europeactive-euaffairs.eu\/projects\/SIQAF\" target=\"_blank\" rel=\"noopener noreferrer\">SIQAF 2018<\/a>).<\/p>\n<p>En este contexto, hemos sacado tres conclusiones para nuestro proyecto de investigaci\u00f3n y desarrollo:<\/p>\n<ul>\n<li>Incluir la \u201csostenibilidad\u201d no solo como un t\u00e9rmino florido, sino como un elemento central en nuestra propuesta.<\/li>\n<li>Dejar de \u201cdesplazarse\u201d entre marcos de cualificaci\u00f3n proporcionando una herramienta fija en forma de marco de cualificaci\u00f3n sectorial.<\/li>\n<li>Y por lo tanto; en consecuencia, centrarse en un solo sector: la producci\u00f3n industrial de calzado.<\/li>\n<\/ul>\n<p>Nuestro proyecto (v\u00e9ase los resultados en cp. resultados) se ha basado en las siguientes preguntas:<\/p>\n<ul>\n<li>\u00bfQu\u00e9 se puede aprender en los procesos de trabajo reales?<\/li>\n<li>\u00bfQu\u00e9 se debe aprender en los procesos de trabajo reales?<\/li>\n<li>\u00bfCu\u00e1les son los factores de apoyo y los factores que dificultan la inclusi\u00f3n del aprendizaje en el trabajo basado en un programa de aprendizaje en los sistemas nacionales de FP?<\/li>\n<li>\u00bfExiste alg\u00fan valor agregado en los marcos de cualificaci\u00f3n sectorial?<\/li>\n<\/ul>\n<p>No encontramos barreras \u201cobjetivas\u201d o \u201cduras\u201d para el desarrollo de pr\u00e1cticas en pa\u00edses con FP tradicionalmente en institutos; pero s\u00ed una serie de factores \u201csubjetivos\u201d o \u201cd\u00e9biles\u201d, como el escepticismo sobre la calidad de los resultados del aprendizaje del aprendizaje en el trabajo impulsado por los planes de estudio, las preocupaciones de que los aprendices se exploten como mano de obra barata, incertidumbres sobre los roles de las partes interesadas involucradas, etc. A pesar de estos factores, hemos dise\u00f1ado, implementado y probado con \u00e9xito un piloto de aprendizaje en el trabajo de un a\u00f1o basado en el plan de estudios en Portugal y Ruman\u00eda.<\/p>\n<p>Asimismo, hemos desarrollado un marco de cualificaciones sectorial (nivel 2-4); un esquema de las cualificaciones en Portugal, Ruman\u00eda, Espa\u00f1a y Alemania centradas en la producci\u00f3n de calzado industrial cuyo el potencial de beneficio reside en las personas que poseen cualificaciones en el sector de producci\u00f3n de calzado industrial. Finalmente, hemos preparado un manual de transferencia con vistas a implementar nuestra metodolog\u00eda en otros sectores.<\/p>\n<div id=\"attachment_311\" style=\"width: 1798px\" class=\"wp-caption alignnone\"><img loading=\"lazy\" decoding=\"async\" aria-describedby=\"caption-attachment-311\" class=\"wp-image-311 size-full\" src=\"http:\/\/icsas-project.eu\/wp-content\/uploads\/2017\/11\/Band.jpg\" alt=\"\" width=\"1788\" height=\"346\" srcset=\"http:\/\/icsas-project.eu\/wp-content\/uploads\/2017\/11\/Band.jpg 1788w, http:\/\/icsas-project.eu\/wp-content\/uploads\/2017\/11\/Band-300x58.jpg 300w, http:\/\/icsas-project.eu\/wp-content\/uploads\/2017\/11\/Band-768x149.jpg 768w, http:\/\/icsas-project.eu\/wp-content\/uploads\/2017\/11\/Band-1024x198.jpg 1024w, http:\/\/icsas-project.eu\/wp-content\/uploads\/2017\/11\/Band-624x121.jpg 624w\" sizes=\"auto, (max-width: 1788px) 100vw, 1788px\" \/><p id=\"caption-attachment-311\" class=\"wp-caption-text\"><span lang=\"es\">Cortes\u00eda de ISC e INESCOP;\u00a0 Derechos de autor ISC e INESCOP<\/span><\/p><\/div>\n","protected":false},"excerpt":{"rendered":"<p>\u201cAprender mediante la experiencia es una de las reglas fundamentales del aprendizaje sostenible.\u201d La educaci\u00f3n y formaci\u00f3n profesional dual o los programas de aprendizaje acogidas como propuestas prometedoras para superar la crisis econ\u00f3mica en el sur de Europa y acelerar la econom\u00eda de los antiguos estados socialistas en el este de Europa son una prioridad desde hace a\u00f1os en Europa&#8230; <a href=\"http:\/\/icsas-project.eu\/es\/\">Leer m\u00e1s &raquo;<\/a><\/p>\n","protected":false},"author":1,"featured_media":0,"parent":0,"menu_order":0,"comment_status":"closed","ping_status":"closed","template":"","meta":{"footnotes":""},"class_list":["post-401","page","type-page","status-publish","hentry"],"_links":{"self":[{"href":"http:\/\/icsas-project.eu\/es\/wp-json\/wp\/v2\/pages\/401","targetHints":{"allow":["GET"]}}],"collection":[{"href":"http:\/\/icsas-project.eu\/es\/wp-json\/wp\/v2\/pages"}],"about":[{"href":"http:\/\/icsas-project.eu\/es\/wp-json\/wp\/v2\/types\/page"}],"author":[{"embeddable":true,"href":"http:\/\/icsas-project.eu\/es\/wp-json\/wp\/v2\/users\/1"}],"replies":[{"embeddable":true,"href":"http:\/\/icsas-project.eu\/es\/wp-json\/wp\/v2\/comments?post=401"}],"version-history":[{"count":7,"href":"http:\/\/icsas-project.eu\/es\/wp-json\/wp\/v2\/pages\/401\/revisions"}],"predecessor-version":[{"id":3921,"href":"http:\/\/icsas-project.eu\/es\/wp-json\/wp\/v2\/pages\/401\/revisions\/3921"}],"wp:attachment":[{"href":"http:\/\/icsas-project.eu\/es\/wp-json\/wp\/v2\/media?parent=401"}],"curies":[{"name":"wp","href":"https:\/\/api.w.org\/{rel}","templated":true}]}}