{"id":3174,"date":"2020-04-02T11:38:36","date_gmt":"2020-04-02T11:38:36","guid":{"rendered":"http:\/\/icsas-project.eu\/?page_id=3174"},"modified":"2020-04-02T11:38:37","modified_gmt":"2020-04-02T11:38:37","slug":"videos-de-experiencias","status":"publish","type":"page","link":"http:\/\/icsas-project.eu\/es\/videos-de-experiencias\/","title":{"rendered":"Videos de experiencias"},"content":{"rendered":"\n<p style=\"font-size:14px\">Vea dos v\u00eddeos de Carit\u00e9 [Portugal].<br><a rel=\"noreferrer noopener\" aria-label=\"V\u00eddeo 1 (\u00f6ffnet in neuem Tab)\" href=\"http:\/\/icsas-project.eu\/wp-content\/uploads\/2020\/03\/Video-2_Pilot_on_Core_Spheres_Carite_EN.mp4\" target=\"_blank\">V\u00eddeo 1<\/a>: Doble formaci\u00f3n en la producci\u00f3n de calzado<br><a rel=\"noreferrer noopener\" aria-label=\"V\u00eddeo 2 (\u00f6ffnet in neuem Tab)\" href=\"http:\/\/icsas-project.eu\/wp-content\/uploads\/2020\/03\/Video-3_Pilot_on_Peripherical_Spheres_Carite_EN.mp4\" target=\"_blank\">V\u00eddeo 2<\/a>: Percepci\u00f3n de la organizaci\u00f3n y el proceso de producci\u00f3n del calzado<br>(Con subt\u00edtulos en ingl\u00e9s)<\/p>\n\n\n\n<p style=\"font-size:14px\">Vea un v\u00eddeo de Papucei [Rumania].<br><a href=\"http:\/\/icsas-project.eu\/wp-content\/uploads\/2020\/04\/ICSAS_Ro-experience-short.mp4\" target=\"_blank\" rel=\"noreferrer noopener\" aria-label=\"V\u00eddeo (\u00f6ffnet in neuem Tab)\">V\u00eddeo<\/a> (Teaser)<br><a href=\"http:\/\/icsas-project.eu\/wp-content\/uploads\/2020\/04\/ICSAS_Ro-experience-long.mp4\" target=\"_blank\" rel=\"noreferrer noopener\" aria-label=\"V\u00eddeo (\u00f6ffnet in neuem Tab)\">V\u00eddeo<\/a>: Los aprendices dan una visi\u00f3n de la producci\u00f3n de calzado<br>(Con subt\u00edtulos en ingl\u00e9s)<\/p>\n\n\n\n<p style=\"font-size:14px\">Vea el video de Gabor [Alemania].<br><a href=\"https:\/\/www.youtube.com\/watch?v=OkfqEnuuDMg\" target=\"_blank\" rel=\"noreferrer noopener\" aria-label=\"V\u00eddeo (\u00f6ffnet in neuem Tab)\">V\u00eddeo<\/a> sobre la formaci\u00f3n dual<br>(S\u00f3lo en el idioma alem\u00e1n)<\/p>\n\n\n\n<p style=\"font-size:11px\">Estos videos es responsabilidad exclusiva de su autor. La Comisi\u00f3n no es responsable del uso que pueda hacerse de la informaci\u00f3n aqu\u00ed difundida.<\/p>\n\n\n\n<div class=\"wp-block-image\"><figure class=\"alignleft is-resized\"><a href=\"http:\/\/creativecommons.org\/licenses\/by-nc-sa\/4.0\/\"><img loading=\"lazy\" decoding=\"async\" src=\"https:\/\/i.creativecommons.org\/l\/by-nc-sa\/4.0\/88x31.png\" alt=\"Creative Commons License\" width=\"80\" height=\"28\"\/><\/a><\/figure><\/div>\n\n\n\n<p style=\"font-size:11px\">Este obra est\u00e1 bajo una <a href=\"http:\/\/creativecommons.org\/licenses\/by-nc-sa\/4.0\/\">licencia de Creative Commons Reconocimiento-NoComercial-CompartirIgual 4.0 Internacional<\/a>. <\/p>\n","protected":false},"excerpt":{"rendered":"<p>Vea dos v\u00eddeos de Carit\u00e9 [Portugal].V\u00eddeo 1: Doble formaci\u00f3n en la producci\u00f3n de calzadoV\u00eddeo 2: Percepci\u00f3n de la organizaci\u00f3n y el proceso de producci\u00f3n del calzado(Con subt\u00edtulos en ingl\u00e9s) Vea un v\u00eddeo de Papucei [Rumania].V\u00eddeo (Teaser)V\u00eddeo: Los aprendices dan una visi\u00f3n de la producci\u00f3n de calzado(Con subt\u00edtulos en ingl\u00e9s) Vea el video de Gabor [Alemania].V\u00eddeo sobre la formaci\u00f3n dual(S\u00f3lo en&#8230; <a href=\"http:\/\/icsas-project.eu\/es\/videos-de-experiencias\/\">Leer m\u00e1s &raquo;<\/a><\/p>\n","protected":false},"author":1,"featured_media":0,"parent":0,"menu_order":0,"comment_status":"closed","ping_status":"closed","template":"","meta":{"footnotes":""},"class_list":["post-3174","page","type-page","status-publish","hentry"],"_links":{"self":[{"href":"http:\/\/icsas-project.eu\/es\/wp-json\/wp\/v2\/pages\/3174","targetHints":{"allow":["GET"]}}],"collection":[{"href":"http:\/\/icsas-project.eu\/es\/wp-json\/wp\/v2\/pages"}],"about":[{"href":"http:\/\/icsas-project.eu\/es\/wp-json\/wp\/v2\/types\/page"}],"author":[{"embeddable":true,"href":"http:\/\/icsas-project.eu\/es\/wp-json\/wp\/v2\/users\/1"}],"replies":[{"embeddable":true,"href":"http:\/\/icsas-project.eu\/es\/wp-json\/wp\/v2\/comments?post=3174"}],"version-history":[{"count":9,"href":"http:\/\/icsas-project.eu\/es\/wp-json\/wp\/v2\/pages\/3174\/revisions"}],"predecessor-version":[{"id":3221,"href":"http:\/\/icsas-project.eu\/es\/wp-json\/wp\/v2\/pages\/3174\/revisions\/3221"}],"wp:attachment":[{"href":"http:\/\/icsas-project.eu\/es\/wp-json\/wp\/v2\/media?parent=3174"}],"curies":[{"name":"wp","href":"https:\/\/api.w.org\/{rel}","templated":true}]}}