{"id":2117,"date":"2019-11-01T14:47:02","date_gmt":"2019-11-01T14:47:02","guid":{"rendered":"http:\/\/icsas-project.eu\/?page_id=2117"},"modified":"2020-04-02T11:30:17","modified_gmt":"2020-04-02T11:30:17","slug":"7-unidades-con-actividades-de-ensenanza-aprendizaje-para-el-aprendizaje-en-el-lugar-de-trabajo","status":"publish","type":"page","link":"http:\/\/icsas-project.eu\/es\/7-unidades-con-actividades-de-ensenanza-aprendizaje-para-el-aprendizaje-en-el-lugar-de-trabajo\/","title":{"rendered":"7 unidades con actividades de ense\u00f1anza-aprendizaje para el aprendizaje en el lugar de trabajo"},"content":{"rendered":"\n<ul class=\"wp-block-list\"><li><a rel=\"noreferrer noopener\" aria-label=\" (\u00f6ffnet in neuem Tab)\" href=\"http:\/\/icsas-project.eu\/wp-content\/uploads\/2020\/02\/LTTA_Cutting_ES.pdf\" target=\"_blank\">Cortado<\/a><\/li><li><a rel=\"noreferrer noopener\" href=\"http:\/\/icsas-project.eu\/wp-content\/uploads\/2020\/02\/LTTA_PreStitch_ES.pdf\" target=\"_blank\">Preparaci\u00f3n para el aparado<\/a><\/li><li><a rel=\"noreferrer noopener\" href=\"http:\/\/icsas-project.eu\/wp-content\/uploads\/2020\/02\/LTTA_Stitching_ES.pdf\" target=\"_blank\">Aparado<\/a><\/li><li><a rel=\"noreferrer noopener\" href=\"http:\/\/icsas-project.eu\/wp-content\/uploads\/2020\/02\/LTTA_Prelasting_ES.pdf\" target=\"_blank\">Premontado<\/a> <\/li><li><a rel=\"noreferrer noopener\" aria-label=\" (\u00f6ffnet in neuem Tab)\" href=\"http:\/\/icsas-project.eu\/wp-content\/uploads\/2020\/02\/LTTA_Lasting_ES.pdf\" target=\"_blank\">Montado<\/a><\/li><li><a rel=\"noreferrer noopener\" aria-label=\" (\u00f6ffnet in neuem Tab)\" href=\"http:\/\/icsas-project.eu\/wp-content\/uploads\/2020\/02\/LTTA_ProdPlan_ES.pdf\" target=\"_blank\">Planificaci\u00f3n de la producci\u00f3n<\/a><\/li><li><a rel=\"noreferrer noopener\" aria-label=\" (\u00f6ffnet in neuem Tab)\" href=\"http:\/\/icsas-project.eu\/wp-content\/uploads\/2020\/02\/LTTA_QualityAssur_ES.pdf\" target=\"_blank\">Inspecci\u00f3n de calzado acabado<\/a><\/li><\/ul>\n\n\n\n<p>Los manuales tambi\u00e9n est\u00e1n disponibles en otros idiomas: <a href=\"http:\/\/icsas-project.eu\/7-learning-teaching-exercises-for-work-based-learning\/\" target=\"_blank\" rel=\"noreferrer noopener\" aria-label=\" (\u00f6ffnet in neuem Tab)\">ingl\u00e9s<\/a>, <a href=\"http:\/\/icsas-project.eu\/de\/7-uebungseinheiten-zur-unterstuetzung-der-ausbildung-im-prozess-der-arbeit\/\" target=\"_blank\" rel=\"noreferrer noopener\" aria-label=\" (\u00f6ffnet in neuem Tab)\">alem\u00e1n<\/a>, <a href=\"http:\/\/icsas-project.eu\/pt-pt\/7-exercicios-de-formacao-para-aprendizagem-em-contexto-de-trabalho\/\" target=\"_blank\" rel=\"noreferrer noopener\" aria-label=\" (\u00f6ffnet in neuem Tab)\">portugu\u00e9s<\/a> y <a href=\"http:\/\/icsas-project.eu\/ro\/7-caiete-de-exercitii-pentru-invatarea-bazata-pe-activitate-practica\/\" target=\"_blank\" rel=\"noreferrer noopener\" aria-label=\" (\u00f6ffnet in neuem Tab)\">rumano<\/a>.<br><\/p>\n\n\n\n<p><a rel=\"license\" href=\"http:\/\/creativecommons.org\/licenses\/by-nc-sa\/4.0\/\"><img decoding=\"async\" alt=\"Licencia de Creative Commons\" style=\"border-width:0\" src=\"https:\/\/i.creativecommons.org\/l\/by-nc-sa\/4.0\/88x31.png\"><\/a><br>Este obra est\u00e1 bajo una <a rel=\"license\" href=\"http:\/\/creativecommons.org\/licenses\/by-nc-sa\/4.0\/\">licencia de Creative Commons Reconocimiento-NoComercial-CompartirIgual 4.0 Internacional<\/a>.<\/p>\n","protected":false},"excerpt":{"rendered":"<p>Cortado Preparaci\u00f3n para el aparado Aparado Premontado Montado Planificaci\u00f3n de la producci\u00f3n Inspecci\u00f3n de calzado acabado Los manuales tambi\u00e9n est\u00e1n disponibles en otros idiomas: ingl\u00e9s, alem\u00e1n, portugu\u00e9s y rumano. Este obra est\u00e1 bajo una licencia de Creative Commons Reconocimiento-NoComercial-CompartirIgual 4.0 Internacional.<\/p>\n","protected":false},"author":1,"featured_media":0,"parent":0,"menu_order":0,"comment_status":"closed","ping_status":"closed","template":"","meta":{"footnotes":""},"class_list":["post-2117","page","type-page","status-publish","hentry"],"_links":{"self":[{"href":"http:\/\/icsas-project.eu\/es\/wp-json\/wp\/v2\/pages\/2117","targetHints":{"allow":["GET"]}}],"collection":[{"href":"http:\/\/icsas-project.eu\/es\/wp-json\/wp\/v2\/pages"}],"about":[{"href":"http:\/\/icsas-project.eu\/es\/wp-json\/wp\/v2\/types\/page"}],"author":[{"embeddable":true,"href":"http:\/\/icsas-project.eu\/es\/wp-json\/wp\/v2\/users\/1"}],"replies":[{"embeddable":true,"href":"http:\/\/icsas-project.eu\/es\/wp-json\/wp\/v2\/comments?post=2117"}],"version-history":[{"count":10,"href":"http:\/\/icsas-project.eu\/es\/wp-json\/wp\/v2\/pages\/2117\/revisions"}],"predecessor-version":[{"id":3214,"href":"http:\/\/icsas-project.eu\/es\/wp-json\/wp\/v2\/pages\/2117\/revisions\/3214"}],"wp:attachment":[{"href":"http:\/\/icsas-project.eu\/es\/wp-json\/wp\/v2\/media?parent=2117"}],"curies":[{"name":"wp","href":"https:\/\/api.w.org\/{rel}","templated":true}]}}