{"id":1740,"date":"2019-05-08T16:04:59","date_gmt":"2019-05-08T16:04:59","guid":{"rendered":"http:\/\/icsas-project.eu\/?page_id=1740"},"modified":"2020-02-20T16:11:12","modified_gmt":"2020-02-20T16:11:12","slug":"11-manuales-de-apoyo-al-aprendizaje-en-el-lugar-de-trabajo-para-los-tutores","status":"publish","type":"page","link":"http:\/\/icsas-project.eu\/es\/11-manuales-de-apoyo-al-aprendizaje-en-el-lugar-de-trabajo-para-los-tutores\/","title":{"rendered":"11 manuales de apoyo al aprendizaje en el lugar de trabajo para los tutores"},"content":{"rendered":"\n<div class=\"wp-block-image\"><figure class=\"alignleft is-resized\"><img loading=\"lazy\" decoding=\"async\" src=\"http:\/\/icsas-project.eu\/wp-content\/uploads\/2019\/05\/Bild-1.jpg\" alt=\"\" class=\"wp-image-1746\" width=\"206\" height=\"280\" srcset=\"http:\/\/icsas-project.eu\/wp-content\/uploads\/2019\/05\/Bild-1.jpg 324w, http:\/\/icsas-project.eu\/wp-content\/uploads\/2019\/05\/Bild-1-220x300.jpg 220w\" sizes=\"auto, (max-width: 206px) 100vw, 206px\" \/><\/figure><\/div>\n\n\n\n<ul class=\"wp-block-list\"><li><a rel=\"noreferrer noopener\" aria-label=\" (\u00f6ffnet in neuem Tab)\" href=\"http:\/\/icsas-project.eu\/wp-content\/uploads\/2020\/02\/Cutting_ES.pdf\" target=\"_blank\">Cortado<\/a><\/li><li><a rel=\"noreferrer noopener\" href=\"http:\/\/icsas-project.eu\/wp-content\/uploads\/2020\/02\/Pre-Stitching_ES.pdf\" target=\"_blank\">Pre Aparado<\/a><\/li><li><a rel=\"noreferrer noopener\" href=\"http:\/\/icsas-project.eu\/wp-content\/uploads\/2020\/02\/Stitching_ES.pdf\" target=\"_blank\">Aparado<\/a><\/li><li><a rel=\"noreferrer noopener\" href=\"http:\/\/icsas-project.eu\/wp-content\/uploads\/2020\/02\/Pre-Lasting_ES.pdf\" target=\"_blank\">Premontado<\/a><\/li><li><a rel=\"noreferrer noopener\" href=\"http:\/\/icsas-project.eu\/wp-content\/uploads\/2020\/02\/Lasting_ES.pdf\" target=\"_blank\">Montado<\/a><\/li><li><a rel=\"noreferrer noopener\" href=\"http:\/\/icsas-project.eu\/wp-content\/uploads\/2020\/02\/Assembly_ES.pdf\" target=\"_blank\">Ensamblado<\/a><\/li><li><a rel=\"noreferrer noopener\" href=\"http:\/\/icsas-project.eu\/wp-content\/uploads\/2020\/02\/Finishing_ES.pdf\" target=\"_blank\">Acabado<\/a><\/li><li><a href=\"http:\/\/icsas-project.eu\/wp-content\/uploads\/2020\/02\/Design_ES.pdf\" target=\"_blank\" rel=\"noreferrer noopener\" aria-label=\" (\u00f6ffnet in neuem Tab)\">Dise\u00f1o de calzado<\/a><\/li><li><a rel=\"noreferrer noopener\" href=\"http:\/\/icsas-project.eu\/wp-content\/uploads\/2020\/02\/Tech-Develop_ES.pdf\" target=\"_blank\">Desarrollo t\u00e9cnico<\/a><\/li><li><a rel=\"noreferrer noopener\" aria-label=\" (\u00f6ffnet in neuem Tab)\" href=\"http:\/\/icsas-project.eu\/wp-content\/uploads\/2020\/02\/Prod-Plan_ES.pdf\" target=\"_blank\">Planificaci\u00f3n de la producci\u00f3n<\/a><\/li><li><a rel=\"noreferrer noopener\" aria-label=\" (\u00f6ffnet in neuem Tab)\" href=\"http:\/\/icsas-project.eu\/wp-content\/uploads\/2020\/02\/Quali-Assure_ES.pdf\" target=\"_blank\">Aseguramiento de Calidad<\/a><\/li><\/ul>\n\n\n\n<div style=\"height:30px\" aria-hidden=\"true\" class=\"wp-block-spacer\"><\/div>\n\n\n\n<p>Los manuales tambi\u00e9n est\u00e1n disponibles en otros idiomas: <a rel=\"noreferrer noopener\" aria-label=\"ingl\u00e9s (\u00f6ffnet in neuem Tab)\" href=\"http:\/\/icsas-project.eu\/11-manuals-for-tutors-to-support-work-based-learning\/\" target=\"_blank\">ingl\u00e9s<\/a>, <a rel=\"noreferrer noopener\" aria-label=\"alem\u00e1n (\u00f6ffnet in neuem Tab)\" href=\"http:\/\/icsas-project.eu\/de\/11-manuals-fuer-tutoren-zur-unterstuetzung-der-ausbildung-im-prozess-der-arbeit\/\" target=\"_blank\">alem\u00e1n<\/a>, <a rel=\"noreferrer noopener\" aria-label=\"portugu\u00e9s (\u00f6ffnet in neuem Tab)\" href=\"http:\/\/icsas-project.eu\/pt-pt\/11-manuais-para-tutores-de-apoio-a-formacao-em-contexto-de-trabalho-2\/\" target=\"_blank\">portugu\u00e9s<\/a> y <a rel=\"noreferrer noopener\" aria-label=\"rumano (\u00f6ffnet in neuem Tab)\" href=\"http:\/\/icsas-project.eu\/ro\/11-manuals-for-tutors-to-support-work-based-learning\/\" target=\"_blank\">rumano<\/a>.<br><\/p>\n\n\n\n<p><a rel=\"license\" href=\"http:\/\/creativecommons.org\/licenses\/by-nc-sa\/4.0\/\"><img decoding=\"async\" alt=\"Licencia de Creative Commons\" style=\"border-width:0\" src=\"https:\/\/i.creativecommons.org\/l\/by-nc-sa\/4.0\/88x31.png\"><\/a><br>Este obra est\u00e1 bajo una <a rel=\"license\" href=\"http:\/\/creativecommons.org\/licenses\/by-nc-sa\/4.0\/\">licencia de Creative Commons Reconocimiento-NoComercial-CompartirIgual 4.0 Internacional<\/a>.<\/p>\n\n\n\n<p><\/p>\n\n\n\n<p><br><\/p>\n\n\n\n<p><br><\/p>\n","protected":false},"excerpt":{"rendered":"<p>Cortado Pre Aparado Aparado Premontado Montado Ensamblado Acabado Dise\u00f1o de calzado Desarrollo t\u00e9cnico Planificaci\u00f3n de la producci\u00f3n Aseguramiento de Calidad Los manuales tambi\u00e9n est\u00e1n disponibles en otros idiomas: ingl\u00e9s, alem\u00e1n, portugu\u00e9s y rumano. Este obra est\u00e1 bajo una licencia de Creative Commons Reconocimiento-NoComercial-CompartirIgual 4.0 Internacional.<\/p>\n","protected":false},"author":1,"featured_media":0,"parent":0,"menu_order":0,"comment_status":"closed","ping_status":"closed","template":"","meta":{"footnotes":""},"class_list":["post-1740","page","type-page","status-publish","hentry"],"_links":{"self":[{"href":"http:\/\/icsas-project.eu\/es\/wp-json\/wp\/v2\/pages\/1740","targetHints":{"allow":["GET"]}}],"collection":[{"href":"http:\/\/icsas-project.eu\/es\/wp-json\/wp\/v2\/pages"}],"about":[{"href":"http:\/\/icsas-project.eu\/es\/wp-json\/wp\/v2\/types\/page"}],"author":[{"embeddable":true,"href":"http:\/\/icsas-project.eu\/es\/wp-json\/wp\/v2\/users\/1"}],"replies":[{"embeddable":true,"href":"http:\/\/icsas-project.eu\/es\/wp-json\/wp\/v2\/comments?post=1740"}],"version-history":[{"count":23,"href":"http:\/\/icsas-project.eu\/es\/wp-json\/wp\/v2\/pages\/1740\/revisions"}],"predecessor-version":[{"id":2917,"href":"http:\/\/icsas-project.eu\/es\/wp-json\/wp\/v2\/pages\/1740\/revisions\/2917"}],"wp:attachment":[{"href":"http:\/\/icsas-project.eu\/es\/wp-json\/wp\/v2\/media?parent=1740"}],"curies":[{"name":"wp","href":"https:\/\/api.w.org\/{rel}","templated":true}]}}