{"id":607,"date":"2018-02-19T18:15:42","date_gmt":"2018-02-19T18:15:42","guid":{"rendered":"http:\/\/icsas-project.eu\/?page_id=607"},"modified":"2020-06-14T15:15:02","modified_gmt":"2020-06-14T15:15:02","slug":"multiplikatoren-veranstaltung","status":"publish","type":"page","link":"http:\/\/icsas-project.eu\/de\/multiplikatoren-veranstaltung\/","title":{"rendered":"Multiplikatoren Veranstaltungen"},"content":{"rendered":"<p>NEU: Online-Veranstaltung<br \/>Dienstag, den 23. Juni 2020<br \/>von 8:30 Uhr bis 11:00 Uhr<br \/>\u201eStarterkit\u201c f\u00fcr duale Ausbildung<br \/>Projektvorstellung ICSAS: Duale Berufsausbildung f\u00fcr die Schuhindustrie in S\u00fcd- und Osteuropa<br \/>Anmeldung bitte bis zum 19. Juni an simone.flick(a)isc-germany.com.<br \/><a href=\"http:\/\/files.newsletter2go.com\/jcnmuslf\/s_s8b5t6fb\/files\/Programm_ICSAS_Projektvorstellung_23.06.20_5edfb681e632b.pdf\" target=\"_blank\" rel=\"noopener noreferrer\">Agenda<\/a><br \/><a href=\"https:\/\/archive.newsletter2go.com\/?n2g=s8b5t6fb-i5iqhtzn-dlz\" target=\"_blank\" rel=\"noopener noreferrer\">ISC- Newsletter<\/a><\/p>\n<hr \/>\n<p>Dieser Termin wird coronabedingt verschoben.<br \/><del><strong>14. Mai 2020<\/strong> von <strong>9-14 Uhr<\/strong> am ISC, Marie-Curie-Str. 20, 66953 Pirmasens<\/del><\/p>\n<p><a href=\"http:\/\/icsas-project.eu\/wp-content\/uploads\/2020\/04\/Einladung_ME_30.03.2020_dis.pdf\" target=\"_blank\" rel=\"noopener noreferrer\">Einladung &amp; Agenda<\/a><\/p>\n\n\n<p><\/p>\n","protected":false},"excerpt":{"rendered":"<p>NEU: Online-VeranstaltungDienstag, den 23. Juni 2020von 8:30 Uhr bis 11:00 Uhr\u201eStarterkit\u201c f\u00fcr duale AusbildungProjektvorstellung ICSAS: Duale Berufsausbildung f\u00fcr die Schuhindustrie in S\u00fcd- und OsteuropaAnmeldung bitte bis zum 19. Juni an simone.flick(a)isc-germany.com.AgendaISC- Newsletter Dieser Termin wird coronabedingt verschoben.14. Mai 2020 von 9-14 Uhr am ISC, Marie-Curie-Str. 20, 66953 Pirmasens Einladung &amp; Agenda<\/p>\n","protected":false},"author":1,"featured_media":0,"parent":0,"menu_order":0,"comment_status":"closed","ping_status":"closed","template":"","meta":{"footnotes":""},"class_list":["post-607","page","type-page","status-publish","hentry"],"_links":{"self":[{"href":"http:\/\/icsas-project.eu\/de\/wp-json\/wp\/v2\/pages\/607","targetHints":{"allow":["GET"]}}],"collection":[{"href":"http:\/\/icsas-project.eu\/de\/wp-json\/wp\/v2\/pages"}],"about":[{"href":"http:\/\/icsas-project.eu\/de\/wp-json\/wp\/v2\/types\/page"}],"author":[{"embeddable":true,"href":"http:\/\/icsas-project.eu\/de\/wp-json\/wp\/v2\/users\/1"}],"replies":[{"embeddable":true,"href":"http:\/\/icsas-project.eu\/de\/wp-json\/wp\/v2\/comments?post=607"}],"version-history":[{"count":7,"href":"http:\/\/icsas-project.eu\/de\/wp-json\/wp\/v2\/pages\/607\/revisions"}],"predecessor-version":[{"id":3608,"href":"http:\/\/icsas-project.eu\/de\/wp-json\/wp\/v2\/pages\/607\/revisions\/3608"}],"wp:attachment":[{"href":"http:\/\/icsas-project.eu\/de\/wp-json\/wp\/v2\/media?parent=607"}],"curies":[{"name":"wp","href":"https:\/\/api.w.org\/{rel}","templated":true}]}}