{"id":501,"date":"2018-02-19T09:32:26","date_gmt":"2018-02-19T09:32:26","guid":{"rendered":"http:\/\/icsas-project.eu\/?page_id=501"},"modified":"2020-10-16T13:19:55","modified_gmt":"2020-10-16T13:19:55","slug":"das-projekt","status":"publish","type":"page","link":"http:\/\/icsas-project.eu\/de\/","title":{"rendered":"Das Projekt"},"content":{"rendered":"<p style=\"border-bottom: 2px solid #86B404; padding-bottom: 12px;\">\u201cEine der nachhaltigsten Arten des Lernens ist das Lernen durch Erfahrung.\u201d<\/p>\n<p>Duale berufliche Ausbildungsg\u00e4nge gelten seit Jahren als vielversprechende Ans\u00e4tze zur \u00dcberwindung der \u00f6konomischen Krise in S\u00fcdeuropa und zur Unterst\u00fctzung der wirtschaftlichen Aufholprozesse in den post-sozialistischen L\u00e4ndern Osteuropas; entsprechend hoch auf der Tagesordnung europ\u00e4ischer und nationaler Initiativen stehen sie (vgl. <a href=\"https:\/\/eur-lex.europa.eu\/legal-content\/EN\/TXT\/PDF\/?uri=CELEX:32018H0502(01)&amp;from=EN\" target=\"_blank\" rel=\"noopener noreferrer\">EU 2018<\/a>). So starte eine kaum \u00fcberschaubare Anzahl an Projekten, die das Lernen im Prozess der Arbeit (work-based learning, WBL) in \u201eallen seinen Spielarten\u201c f\u00f6rdern; einen \u00dcberblick liefert die Internet-Seite <a href=\"https:\/\/www.wbl-toolkit.eu\/site\/home\" target=\"_blank\" rel=\"noopener noreferrer\">WBL-toolkit<\/a> (2018).<\/p>\n<p>Wenn man diese Projekte jedoch etwas genauer analysiert, muss konstatiert werden, dass die meisten mit dem dualen System, wie wir es aus Deutschland kennen, eher wenig gemein haben: Es handelt sich um Kurzzeit-Praktika, Simulationen oder Lernprojekte \u2013 und viele entpuppen sich als wenig nachhaltig: Nach Ende der Projektf\u00f6rderung werden die Ans\u00e4tze eingestellt. Um unser Vorgehen von Praktika oder Lernprojekten zu unterscheiden, bezeichnen wir es als curricular-gesteuertes Lernen im Prozess der Arbeit. In dem ERASMUS+ Projekt \u201cIntegrating Companies in a Sustainable Apprenticeship System\u201d (ICSAS) arbeiten wir (neben anderem) an der Frage, wie ein erfolgreicher einj\u00e4hriger curricular gesteuerter Pilotversuch des Lernens im Prozess der Arbeit in die schulbasierten Ordnungsmittel von Portugal (PT) und Rum\u00e4nien (RO) integriert werden kann.<\/p>\n<p>Ein weiterer Ansatz zur besseren Verkn\u00fcpfung von Beruflichen Bildung und den Arbeitsm\u00e4rkten sind Qualifikationsrahmen (QR, vgl. <a href=\"https:\/\/eur-lex.europa.eu\/LexUriServ\/LexUriServ.do?uri=OJ:C:2008:111:0001:0007:EN:PDF\" target=\"_blank\" rel=\"noopener noreferrer\">EU 2008<\/a> und <a href=\"https:\/\/op.europa.eu\/en\/publication-detail\/-\/publication\/ceead970-518f-11e7-a5ca-01aa75ed71a1\/language-en\" target=\"_blank\" rel=\"noopener noreferrer\">EU 2017<\/a>). Zur Erh\u00f6hung der Transparenz und zur Vergleichbarkeit von Qualifikationen wurden in dem letzten Jahrzehnt in den meisten europ\u00e4ischen L\u00e4ndern Nationale Qualifikationsrahmen (NQR) eingef\u00fchrt und \u00fcber den Europ\u00e4ischen Qualifikationsrahmen (EQR) verkn\u00fcpft. In den letzten Jahren h\u00e4ufen sich jedoch Ver\u00f6ffentlichungen, die den angestrebten Nutzen bezweifeln, so befand z. B. <a href=\"https:\/\/www.tandfonline.com\/doi\/full\/10.1080\/13639080.2019.1646413\" target=\"_blank\" rel=\"noopener noreferrer\">Bohlinger (2019)<\/a>, dass Qualifikationsrahmen \u201eein paradigmatischer Fall vagabundierender Reformen im Bildungswesen\u201c (a paradigmatic case of travelling educational reforms) seien. Auf der anderen Seite wurden jedoch auch vielversprechende Ans\u00e4tze zu Sektor-Qualifikationsrahmen (SQR) publiziert (vgl. z. B. <a href=\"https:\/\/www.europeactive-euaffairs.eu\/projects\/SIQAF\" target=\"_blank\" rel=\"noopener noreferrer\">SIQAF 2018<\/a>).<\/p>\n<p>Vor diesem Hintergrund haben wir drei Schlussfolgerungen f\u00fcr unser Projekt gezogen:<\/p>\n<ul>\n<li style=\"text-align: left;\">\u201eNachhaltigkeit\u201c als ein Kernelement in unser Projekt zu integrieren \u2013 und nicht nur als Floskel.<\/li>\n<li style=\"text-align: left;\">Das \u201eVagabundieren\u201c der Qualifikationsrahmen zu stoppen indem wir den Rahmen in einem Sektor verankern.<\/li>\n<li style=\"text-align: left;\">Und daher, konsequenterweise, nur auf einen Sektor zu fokussieren: Den der industriellen Schuhproduktion.<\/li>\n<\/ul>\n<p>Wir arbeiten in dem Projekt ICSAS an folgenden Fragen (die <a href=\"http:\/\/icsas-project.eu\/de\/ergebnisse\/\" target=\"_blank\" rel=\"noopener noreferrer\">Ergebnisse<\/a> finden sich unter dem entsprechenden Reiter):<\/p>\n<ul>\n<li>Was k\u00f6nnte in realen Arbeitsprozessen gelernt werden?<\/li>\n<li>Was sollte (nach den nationalen Curricula) in realen Arbeitsprozessen gelernt werden?<\/li>\n<li>Welche Faktoren st\u00fctzen oder verhindern die Integration dualer Ans\u00e4tze in nationale Ordnungsmittel?<\/li>\n<li>Bieten Sektor-Qualifikationsrahmen einen Mehrwert (exemplarisch)?<\/li>\n<\/ul>\n<p>Wir haben keine \u201eobjektiven\u201c oder \u201eharten\u201c Faktoren, die duale Ans\u00e4tze in L\u00e4ndern mit traditionell schulbasierter Berufsbildung verhindern w\u00fcrden, gefunden \u2013 jedoch eine Reihe \u201esubjektiver\u201c oder \u201eschwacher\u201c: So herrscht beispielsweise h\u00e4ufig eine gewisse Skepsis, ob Lernergebnisse aus dem Prozess der Arbeit gleichwertig mit denen aus Schulunterricht sind, die Sorge, dass Auszubildende als billige Arbeitskr\u00e4fte missbraucht werden und eine Unsicherheit \u00fcber die Verantwortlichkeiten beim Lernen im Arbeitsprozess. Trotz dieser Skepsis ist es uns gelungen, eine an das deutsche duale System angelehnte einj\u00e4hrige Pilotphase in Rum\u00e4nien und Portugal zu entwickeln, durchzuf\u00fchren und zu analysieren.<\/p>\n<p>Zus\u00e4tzlich haben wir einen Sektor-Qualifikationsrahmen (Niveau 2-4) f\u00fcr die industrielle Schuhfertigung entwickelt und die Qualifikationen dieser Niveaus aus DE, PT, RO und ES eingeordnet. Wir hoffen, dass dieser das Potential hat, qualifizierte Menschen, die eine dieser Qualifikationen besitzen, bei der Arbeitsplatzsuche in einem anderen europ\u00e4ischen Land zu unterst\u00fctzen.<\/p>\n<p>Abschlie\u00dfend haben wir ein Transfer-Handbuch, das die Anwendung unseres Ansatzes in anderen L\u00e4ndern oder Sektoren erleichtern sollte, erarbeitet.<\/p>\n<div id=\"attachment_311\" style=\"width: 1798px\" class=\"wp-caption alignnone\"><img loading=\"lazy\" decoding=\"async\" aria-describedby=\"caption-attachment-311\" class=\"wp-image-311 size-full\" src=\"http:\/\/icsas-project.eu\/wp-content\/uploads\/2017\/11\/Band.jpg\" alt=\"\" width=\"1788\" height=\"346\" srcset=\"http:\/\/icsas-project.eu\/wp-content\/uploads\/2017\/11\/Band.jpg 1788w, http:\/\/icsas-project.eu\/wp-content\/uploads\/2017\/11\/Band-300x58.jpg 300w, http:\/\/icsas-project.eu\/wp-content\/uploads\/2017\/11\/Band-768x149.jpg 768w, http:\/\/icsas-project.eu\/wp-content\/uploads\/2017\/11\/Band-1024x198.jpg 1024w, http:\/\/icsas-project.eu\/wp-content\/uploads\/2017\/11\/Band-624x121.jpg 624w\" sizes=\"auto, (max-width: 1788px) 100vw, 1788px\" \/><p id=\"caption-attachment-311\" class=\"wp-caption-text\"><span lang=\"de\">Mit freundlicher Genehmigung von ISC und INESCOP; Copyright ISC und INESCOP<\/span><\/p><\/div>\n","protected":false},"excerpt":{"rendered":"<p>\u201cEine der nachhaltigsten Arten des Lernens ist das Lernen durch Erfahrung.\u201d Duale berufliche Ausbildungsg\u00e4nge gelten seit Jahren als vielversprechende Ans\u00e4tze zur \u00dcberwindung der \u00f6konomischen Krise in S\u00fcdeuropa und zur Unterst\u00fctzung der wirtschaftlichen Aufholprozesse in den post-sozialistischen L\u00e4ndern Osteuropas; entsprechend hoch auf der Tagesordnung europ\u00e4ischer und nationaler Initiativen stehen sie (vgl. EU 2018). So starte eine kaum \u00fcberschaubare Anzahl an Projekten,&#8230; <a href=\"http:\/\/icsas-project.eu\/de\/\">Read more &raquo;<\/a><\/p>\n","protected":false},"author":1,"featured_media":0,"parent":0,"menu_order":0,"comment_status":"closed","ping_status":"closed","template":"","meta":{"footnotes":""},"class_list":["post-501","page","type-page","status-publish","hentry"],"_links":{"self":[{"href":"http:\/\/icsas-project.eu\/de\/wp-json\/wp\/v2\/pages\/501","targetHints":{"allow":["GET"]}}],"collection":[{"href":"http:\/\/icsas-project.eu\/de\/wp-json\/wp\/v2\/pages"}],"about":[{"href":"http:\/\/icsas-project.eu\/de\/wp-json\/wp\/v2\/types\/page"}],"author":[{"embeddable":true,"href":"http:\/\/icsas-project.eu\/de\/wp-json\/wp\/v2\/users\/1"}],"replies":[{"embeddable":true,"href":"http:\/\/icsas-project.eu\/de\/wp-json\/wp\/v2\/comments?post=501"}],"version-history":[{"count":5,"href":"http:\/\/icsas-project.eu\/de\/wp-json\/wp\/v2\/pages\/501\/revisions"}],"predecessor-version":[{"id":3918,"href":"http:\/\/icsas-project.eu\/de\/wp-json\/wp\/v2\/pages\/501\/revisions\/3918"}],"wp:attachment":[{"href":"http:\/\/icsas-project.eu\/de\/wp-json\/wp\/v2\/media?parent=501"}],"curies":[{"name":"wp","href":"https:\/\/api.w.org\/{rel}","templated":true}]}}