{"id":433,"date":"2018-02-19T18:16:57","date_gmt":"2018-02-19T18:16:57","guid":{"rendered":"http:\/\/icsas-project.eu\/?page_id=433"},"modified":"2020-04-28T17:16:15","modified_gmt":"2020-04-28T17:16:15","slug":"ziele","status":"publish","type":"page","link":"http:\/\/icsas-project.eu\/de\/ziele\/","title":{"rendered":"Ziele"},"content":{"rendered":"<p>Im Juni 2018 wurden im ISC Pirmasens im Rahmen einer \u201eLearning, Teaching and Training Activity\u201c (LTTA) Tutoren f\u00fcr das Lernen im Prozess der Arbeit aus Portugal und Rum\u00e4nien mit eigens entwickelten Schulungsmaterialien auf ihre neue Rolle vorbereitet. Diese Materialien basieren auf konkreten Arbeitsplatzanalysen und dienen als die Grundlage f\u00fcr Beschreibungen von Arbeitsvorg\u00e4ngen, welche manuell ge\u00fcbt werden sollen. Das Material wurde durch didaktische und p\u00e4dagogische Empfehlungen abgerundet. So erhielten die portugiesischen und rum\u00e4nischen Projektpartner einen Einblick, wie die duale Ausbildung bei deutschen Schuhherstellern umgesetzt wird.<\/p>\n<p>Das Ziel von ICSAS besteht jedoch nicht darin, einen Export des deutschen dualen Systems anzustreben; Schritte zur Beteiligung von Unternehmen in der Beruflichen Bildung m\u00fcssen in jedem Land an die bestehenden Strukturen, M\u00f6glichkeiten und Anforderungen angepasst werden.<\/p>\n<p>In Rum\u00e4nien und Portugal wurden spezifische Curricula f\u00fcr die 1-j\u00e4hrige Pilotphase entwickelt und im Zeitraum Herbst 2018 \u2013 Herbst 2019 alternierend mit Theoriephasen vermittelt. Es gelang, alle potenziellen Partner, auch \u00fcber Auszubildende, Unternehmen und Berufsschulen hinaus zu involvieren: ebenfalls wurden die Gewerkschaften, Handelskammern und politischen Entscheider eng eingebunden und \u00fcber geplante und ausgef\u00fchrte Projektphasen informiert. In der letzten Projektphase sind diese auch in die Aktivit\u00e4ten zur nachhaltigen Implementation der Ans\u00e4tze des Piloten in die nationalen Ordnungsmittel involviert.<\/p>\n<p>Die f\u00fcr diese 1-j\u00e4hrige Pilotierung entwickelten Materialen waren selbst in Deutschland, mit seiner bereits seit Jahrzehnten etablierten dualen Berufsausbildung zum Schuhfertiger , ein echter Schritt nach vorne; es gab zuvor kein \u00f6ffentlich zug\u00e4ngliches branchenspezifisches Tutoren-Schulungsmaterial in diesem Bereich.<\/p>\n<p>Kooperatives Lernen ist extrem hilfreich, da es die Erfahrungen fr\u00fcherer Mitarbeiter nutzt um neue Auszubildende bei beruflichen Herausforderungen zu unterst\u00fctzen. Mit anderen Worten ist Lernen im Prozess der Arbeit eine Form von Wissensmanagement innerhalb eines Unternehmens und sollte daher auch bestimmten Standards folgen. ICSAS hat hierzu die Rolle der Tutoren akzentuiert. Diese positiven Auswirkungen sind vielf\u00e4ltig: die Verbesserung der Ausbildungsnachhaltigkeit, der Qualit\u00e4t des Produktes und der Arbeitskr\u00e4fte, die F\u00f6rderung der pers\u00f6nlichen Entwicklung des Individuums, die Verbesserung der Anerkennung von VET-Qualifikationen in diesem Sektor in Europa und letztendlich die St\u00e4rkung der Wettbewerbsf\u00e4higkeit der europ\u00e4ischen Schuhindustrie.<\/p>\n<p>Zus\u00e4tzlich lieferte das Projekt einen Sektor-Qualifikationsrahmen (SQR; Niveaus 2-4) f\u00fcr die industrielle Schuhproduktion, einschlie\u00dflich des Referenzierens bestehender nationaler Qualifikationen aus Deutschland, Portugal, Spanien und Rum\u00e4nien.<\/p>\n<p>Bisher existierte kein solcher SQR f\u00fcr den Schuhsektor, nun wurde eine verbesserte Vergleichbarkeit der Qualifikationen der beteiligten L\u00e4nder erreicht.<br \/>\nDer SQF besitzt zudem ein hohes Transferpotenzial; einmal entwickelt, k\u00f6nnen Qualifikationen des Sektors aus weiteren L\u00e4ndern auch leicht referenziert werden.<\/p>\n","protected":false},"excerpt":{"rendered":"<p>Im Juni 2018 wurden im ISC Pirmasens im Rahmen einer \u201eLearning, Teaching and Training Activity\u201c (LTTA) Tutoren f\u00fcr das Lernen im Prozess der Arbeit aus Portugal und Rum\u00e4nien mit eigens entwickelten Schulungsmaterialien auf ihre neue Rolle vorbereitet. Diese Materialien basieren auf konkreten Arbeitsplatzanalysen und dienen als die Grundlage f\u00fcr Beschreibungen von Arbeitsvorg\u00e4ngen, welche manuell ge\u00fcbt werden sollen. Das Material wurde&#8230; <a href=\"http:\/\/icsas-project.eu\/de\/ziele\/\">Read more &raquo;<\/a><\/p>\n","protected":false},"author":1,"featured_media":0,"parent":0,"menu_order":0,"comment_status":"closed","ping_status":"closed","template":"","meta":{"footnotes":""},"class_list":["post-433","page","type-page","status-publish","hentry"],"_links":{"self":[{"href":"http:\/\/icsas-project.eu\/de\/wp-json\/wp\/v2\/pages\/433","targetHints":{"allow":["GET"]}}],"collection":[{"href":"http:\/\/icsas-project.eu\/de\/wp-json\/wp\/v2\/pages"}],"about":[{"href":"http:\/\/icsas-project.eu\/de\/wp-json\/wp\/v2\/types\/page"}],"author":[{"embeddable":true,"href":"http:\/\/icsas-project.eu\/de\/wp-json\/wp\/v2\/users\/1"}],"replies":[{"embeddable":true,"href":"http:\/\/icsas-project.eu\/de\/wp-json\/wp\/v2\/comments?post=433"}],"version-history":[{"count":3,"href":"http:\/\/icsas-project.eu\/de\/wp-json\/wp\/v2\/pages\/433\/revisions"}],"predecessor-version":[{"id":3540,"href":"http:\/\/icsas-project.eu\/de\/wp-json\/wp\/v2\/pages\/433\/revisions\/3540"}],"wp:attachment":[{"href":"http:\/\/icsas-project.eu\/de\/wp-json\/wp\/v2\/media?parent=433"}],"curies":[{"name":"wp","href":"https:\/\/api.w.org\/{rel}","templated":true}]}}