{"id":3107,"date":"2020-04-02T11:20:29","date_gmt":"2020-04-02T11:20:29","guid":{"rendered":"http:\/\/icsas-project.eu\/?page_id=3107"},"modified":"2020-04-02T11:20:30","modified_gmt":"2020-04-02T11:20:30","slug":"erfahrungsvideos","status":"publish","type":"page","link":"http:\/\/icsas-project.eu\/de\/erfahrungsvideos\/","title":{"rendered":"Erfahrungsvideos"},"content":{"rendered":"\n<p class=\"has-text-align-left has-normal-font-size\"><a href=\"https:\/\/www.youtube.com\/watch?v=OkfqEnuuDMg\" target=\"_blank\" rel=\"noreferrer noopener\" aria-label=\"Video (\u00f6ffnet in neuem Tab)\">Video<\/a> zur dualen Ausbildung bei Gabor [Deutschland].<\/p>\n\n\n\n<p style=\"font-size:14px\">Erleben Sie zwei Videos von Carit\u00e9 [Portugal]. <br><a rel=\"noreferrer noopener\" aria-label=\"Video 1 (\u00f6ffnet in neuem Tab)\" href=\"http:\/\/icsas-project.eu\/wp-content\/uploads\/2020\/03\/Video-2_Pilot_on_Core_Spheres_Carite_EN.mp4\" target=\"_blank\">Video 1<\/a>: Duale Ausbildung in der Schuhproduktion<br><a rel=\"noreferrer noopener\" aria-label=\" (\u00f6ffnet in neuem Tab)\" href=\"http:\/\/icsas-project.eu\/wp-content\/uploads\/2020\/03\/Video-3_Pilot_on_Peripherical_Spheres_Carite_EN.mp4\" target=\"_blank\">Vide<\/a><a href=\"http:\/\/icsas-project.eu\/wp-content\/uploads\/2020\/03\/Video-3_Pilot_on_Peripherical_Spheres_Carite_EN.mp4\" target=\"_blank\" rel=\"noreferrer noopener\" aria-label=\" (\u00f6ffnet in neuem Tab)\">o 2<\/a>: Einblick in die Organisation und den Ablauf der Schuhproduktion <br>(Mit Englischen Untertiteln)<\/p>\n\n\n\n<p style=\"font-size:14px\">Erleben Sie ein Video von Papucei [Rum\u00e4nien]. <br><a rel=\"noreferrer noopener\" aria-label=\" (\u00f6ffnet in neuem Tab)\" href=\"http:\/\/icsas-project.eu\/wp-content\/uploads\/2020\/04\/ICSAS_Ro-experience-short.mp4\" target=\"_blank\">Video<\/a> (Teaser)<br><a rel=\"noreferrer noopener\" aria-label=\"Video (\u00f6ffnet in neuem Tab)\" href=\"\/\/icsas-project.eu\/wp-content\/uploads\/2020\/04\/ICSAS_Ro-experience-long.mp4\" target=\"_blank\">Video<\/a>: Auszubildende geben einen Einblick in die Schuhproduktion<br>(Mit Englischen Untertiteln)<\/p>\n\n\n\n<p style=\"font-size:11px\">Die Verantwortung f\u00fcr den Inhalt dieser Videos tr\u00e4gt allein der Verfasser; die Kommission haftet nicht f\u00fcr die weitere Verwendung der darin enthaltenen Angaben.<\/p>\n\n\n\n<figure class=\"wp-block-image\"><a href=\"http:\/\/creativecommons.org\/licenses\/by-nc-sa\/4.0\/\"><img decoding=\"async\" src=\"https:\/\/i.creativecommons.org\/l\/by-nc-sa\/4.0\/88x31.png\" alt=\"Creative Commons Lizenzvertrag\"\/><\/a><\/figure>\n\n\n\n<p style=\"font-size:11px\">Diese Werke sind lizenziert unter einer <a rel=\"noreferrer noopener\" href=\"http:\/\/creativecommons.org\/licenses\/by-nc-sa\/4.0\/\" target=\"_blank\">Creative Commons Namensnennung &#8211; Nicht-kommerziell &#8211; Weitergabe unter gleichen Bedingungen 4.0 International Lizenz<\/a>. <\/p>\n","protected":false},"excerpt":{"rendered":"<p>Video zur dualen Ausbildung bei Gabor [Deutschland]. Erleben Sie zwei Videos von Carit\u00e9 [Portugal]. Video 1: Duale Ausbildung in der SchuhproduktionVideo 2: Einblick in die Organisation und den Ablauf der Schuhproduktion (Mit Englischen Untertiteln) Erleben Sie ein Video von Papucei [Rum\u00e4nien]. Video (Teaser)Video: Auszubildende geben einen Einblick in die Schuhproduktion(Mit Englischen Untertiteln) Die Verantwortung f\u00fcr den Inhalt dieser Videos tr\u00e4gt&#8230; <a href=\"http:\/\/icsas-project.eu\/de\/erfahrungsvideos\/\">Read more &raquo;<\/a><\/p>\n","protected":false},"author":1,"featured_media":0,"parent":0,"menu_order":0,"comment_status":"closed","ping_status":"closed","template":"","meta":{"footnotes":""},"class_list":["post-3107","page","type-page","status-publish","hentry"],"_links":{"self":[{"href":"http:\/\/icsas-project.eu\/de\/wp-json\/wp\/v2\/pages\/3107","targetHints":{"allow":["GET"]}}],"collection":[{"href":"http:\/\/icsas-project.eu\/de\/wp-json\/wp\/v2\/pages"}],"about":[{"href":"http:\/\/icsas-project.eu\/de\/wp-json\/wp\/v2\/types\/page"}],"author":[{"embeddable":true,"href":"http:\/\/icsas-project.eu\/de\/wp-json\/wp\/v2\/users\/1"}],"replies":[{"embeddable":true,"href":"http:\/\/icsas-project.eu\/de\/wp-json\/wp\/v2\/comments?post=3107"}],"version-history":[{"count":28,"href":"http:\/\/icsas-project.eu\/de\/wp-json\/wp\/v2\/pages\/3107\/revisions"}],"predecessor-version":[{"id":3171,"href":"http:\/\/icsas-project.eu\/de\/wp-json\/wp\/v2\/pages\/3107\/revisions\/3171"}],"wp:attachment":[{"href":"http:\/\/icsas-project.eu\/de\/wp-json\/wp\/v2\/media?parent=3107"}],"curies":[{"name":"wp","href":"https:\/\/api.w.org\/{rel}","templated":true}]}}