{"id":2110,"date":"2019-11-01T14:49:54","date_gmt":"2019-11-01T14:49:54","guid":{"rendered":"http:\/\/icsas-project.eu\/?page_id=2110"},"modified":"2020-04-02T10:54:09","modified_gmt":"2020-04-02T10:54:09","slug":"7-uebungseinheiten-zur-unterstuetzung-der-ausbildung-im-prozess-der-arbeit","status":"publish","type":"page","link":"http:\/\/icsas-project.eu\/de\/7-uebungseinheiten-zur-unterstuetzung-der-ausbildung-im-prozess-der-arbeit\/","title":{"rendered":"7 \u00dcbungseinheiten zur Unterst\u00fctzung der Ausbildung im Prozess der Arbeit"},"content":{"rendered":"\n<ul class=\"wp-block-list\"><li><a rel=\"noreferrer noopener\" aria-label=\" (\u00f6ffnet in neuem Tab)\" href=\"http:\/\/icsas-project.eu\/wp-content\/uploads\/2020\/02\/LTTA_Cutting_DE.pdf\" target=\"_blank\">Zuschnitt<\/a><\/li><li><a rel=\"noreferrer noopener\" href=\"http:\/\/icsas-project.eu\/wp-content\/uploads\/2020\/02\/LTTA_PreStitch_DE.pdf\" target=\"_blank\">Vorrichten<\/a><\/li><li><a rel=\"noreferrer noopener\" href=\"http:\/\/icsas-project.eu\/wp-content\/uploads\/2020\/02\/LTTA_Stitching_DE.pdf\" target=\"_blank\">Stepperei <\/a><\/li><li><a rel=\"noreferrer noopener\" href=\"http:\/\/icsas-project.eu\/wp-content\/uploads\/2020\/02\/LTTA_Prelasting_DE.pdf\" target=\"_blank\">Vorformen von Ferse und Spitze<\/a> <\/li><li><a rel=\"noreferrer noopener\" aria-label=\" (\u00f6ffnet in neuem Tab)\" href=\"http:\/\/icsas-project.eu\/wp-content\/uploads\/2020\/02\/LTTA_Lasting_DE.pdf\" target=\"_blank\">Zwicken<\/a><\/li><li><a rel=\"noreferrer noopener\" aria-label=\" (\u00f6ffnet in neuem Tab)\" href=\"http:\/\/icsas-project.eu\/wp-content\/uploads\/2020\/02\/LTTA_ProdPlan_DE.pdf\" target=\"_blank\">Produktionsplanung <\/a><\/li><li><a rel=\"noreferrer noopener\" aria-label=\" (\u00f6ffnet in neuem Tab)\" href=\"http:\/\/icsas-project.eu\/wp-content\/uploads\/2020\/02\/LTTA_QualityAssur_DE.pdf\" target=\"_blank\">Qualit\u00e4tskontrolle<\/a><\/li><\/ul>\n\n\n\n<p>Diese \u00dcbungseinheiten liegen auch in weiteren Sprachen vor: <a href=\"http:\/\/icsas-project.eu\/7-learning-teaching-exercises-for-work-based-learning\/\" target=\"_blank\" rel=\"noreferrer noopener\" aria-label=\" (\u00f6ffnet in neuem Tab)\">Englisch<\/a>, <a href=\"http:\/\/icsas-project.eu\/es\/7-unidades-con-actividades-de-ensenanza-aprendizaje-para-el-aprendizaje-en-el-lugar-de-trabajo\/\" target=\"_blank\" rel=\"noreferrer noopener\" aria-label=\" (\u00f6ffnet in neuem Tab)\">Spanisch<\/a>, <a href=\"http:\/\/icsas-project.eu\/pt-pt\/7-exercicios-de-formacao-para-aprendizagem-em-contexto-de-trabalho\/\" target=\"_blank\" rel=\"noreferrer noopener\" aria-label=\" (\u00f6ffnet in neuem Tab)\">Portugisisch<\/a> und <a href=\"http:\/\/icsas-project.eu\/ro\/7-caiete-de-exercitii-pentru-invatarea-bazata-pe-activitate-practica\/\" target=\"_blank\" rel=\"noreferrer noopener\" aria-label=\" (\u00f6ffnet in neuem Tab)\">Rum\u00e4nisch<\/a> . <\/p>\n\n\n\n<p><a rel=\"license\" href=\"http:\/\/creativecommons.org\/licenses\/by-nc-sa\/4.0\/\"><img decoding=\"async\" alt=\"Creative Commons Lizenzvertrag\" style=\"border-width:0\" src=\"https:\/\/i.creativecommons.org\/l\/by-nc-sa\/4.0\/88x31.png\"><\/a><br>Dieses Werk ist lizenziert unter einer <a href=\"http:\/\/creativecommons.org\/licenses\/by-nc-sa\/4.0\/\" target=\"_blank\" rel=\"noreferrer noopener\" aria-label=\" (\u00f6ffnet in neuem Tab)\">Creative Commons Namensnennung &#8211; Nicht-kommerziell &#8211; Weitergabe unter gleichen Bedingungen 4.0 International Lizenz<\/a>.<\/p>\n\n\n\n<p><\/p>\n","protected":false},"excerpt":{"rendered":"<p>Zuschnitt Vorrichten Stepperei Vorformen von Ferse und Spitze Zwicken Produktionsplanung Qualit\u00e4tskontrolle Diese \u00dcbungseinheiten liegen auch in weiteren Sprachen vor: Englisch, Spanisch, Portugisisch und Rum\u00e4nisch . Dieses Werk ist lizenziert unter einer Creative Commons Namensnennung &#8211; Nicht-kommerziell &#8211; Weitergabe unter gleichen Bedingungen 4.0 International Lizenz.<\/p>\n","protected":false},"author":1,"featured_media":0,"parent":0,"menu_order":0,"comment_status":"closed","ping_status":"closed","template":"","meta":{"footnotes":""},"class_list":["post-2110","page","type-page","status-publish","hentry"],"_links":{"self":[{"href":"http:\/\/icsas-project.eu\/de\/wp-json\/wp\/v2\/pages\/2110","targetHints":{"allow":["GET"]}}],"collection":[{"href":"http:\/\/icsas-project.eu\/de\/wp-json\/wp\/v2\/pages"}],"about":[{"href":"http:\/\/icsas-project.eu\/de\/wp-json\/wp\/v2\/types\/page"}],"author":[{"embeddable":true,"href":"http:\/\/icsas-project.eu\/de\/wp-json\/wp\/v2\/users\/1"}],"replies":[{"embeddable":true,"href":"http:\/\/icsas-project.eu\/de\/wp-json\/wp\/v2\/comments?post=2110"}],"version-history":[{"count":9,"href":"http:\/\/icsas-project.eu\/de\/wp-json\/wp\/v2\/pages\/2110\/revisions"}],"predecessor-version":[{"id":3187,"href":"http:\/\/icsas-project.eu\/de\/wp-json\/wp\/v2\/pages\/2110\/revisions\/3187"}],"wp:attachment":[{"href":"http:\/\/icsas-project.eu\/de\/wp-json\/wp\/v2\/media?parent=2110"}],"curies":[{"name":"wp","href":"https:\/\/api.w.org\/{rel}","templated":true}]}}